{"id":2026,"date":"2025-07-07T14:45:12","date_gmt":"2025-07-07T12:45:12","guid":{"rendered":"https:\/\/rrunning.tribalt.agency\/?post_type=product&#038;p=2026"},"modified":"2025-09-01T12:12:02","modified_gmt":"2025-09-01T10:12:02","slug":"hurricane-waterproof-10-10-pants","status":"publish","type":"product","link":"https:\/\/rrunning.tribalt.agency\/?product=hurricane-waterproof-10-10-pants","title":{"rendered":"HURRICANE WATERPROOF 10\/10 PANTS"},"content":{"rendered":"<p class=\"key_benefit_1\">Il y a des journ\u00e9es ensoleill\u00e9es\u2026 Et des journ\u00e9es impitoyables sur le plan m\u00e9t\u00e9orologique. Pour cela, les Pantalons \u00e9tanches font partie de votre liste d'\u00e9quipements obligatoires. Les corsaires Hurricane 10\/10 p\u00e8sent moins de 100 grammes et ne prennent quasiment pas de place une fois enroul\u00e9s, et leur tissu r\u00e9sistant \u00e0 l'eau 10000 Schmerber et leurs coutures \u00e9tanches les rendent parfaitement imperm\u00e9ables. Les fibres restent extr\u00eamement respirantes, et permettent d'\u00e9vacuer la transpiration et l'humidit\u00e9 m\u00eame en cas de forte pluie. Comme la veste Hurricane 10\/10, ces corsaires \u00e9pousent naturellement la forme du corps gr\u00e2ce \u00e0 leur mat\u00e9riau stretch \u00ab 4-way \u00bb, et permettent une totale libert\u00e9 de mouvement pendant l'effort. Leur conception minimaliste et simplifi\u00e9e \u00e9vite tout bruissement excessif g\u00e9n\u00e9ralement associ\u00e9 aux v\u00eatements imperm\u00e9ables. Les corsaires peuvent \u00eatre facilement enfil\u00e9s gr\u00e2ce aux fermetures \u00e0 glissi\u00e8re sur le bas de jambe. La ceinture se fixe \u00e0 l'aide d'une fermeture \u00e0 glissi\u00e8re et d'un bouton-pression, et peut \u00eatre \u00e9quip\u00e9e de passants si n\u00e9cessaire. Enfilez votre short ou votre legging, et sortez braver les \u00e9l\u00e9ments !<\/p>\n","protected":false},"excerpt":{"rendered":"<p>Il y a des journ\u00e9es ensoleill\u00e9es\u2026 Et des journ\u00e9es impitoyables sur le plan m\u00e9t\u00e9orologique. Pour cela, les Pantalons \u00e9tanches font partie de votre liste d'\u00e9quipements obligatoires. Les corsaires Hurricane 10\/10 p\u00e8sent moins de 100 grammes et ne prennent quasiment pas de place une fois enroul\u00e9s, et leur tissu r\u00e9sistant \u00e0 l'eau 10000 Schmerber et leurs [&hellip;]<\/p>\n","protected":false},"featured_media":2027,"template":"","meta":[],"pwb-brand":[97],"product_brand":[],"product_cat":[57],"product_tag":[],"class_list":{"0":"post-2026","1":"product","2":"type-product","3":"status-publish","4":"has-post-thumbnail","6":"pwb-brand-compressport","7":"product_cat-bas-textile-homme","9":"first","10":"instock","11":"shipping-taxable","12":"purchasable","13":"product-type-simple"},"brands":[{"id":97,"name":"COMPRESSPORT","slug":"compressport"}],"_links":{"self":[{"href":"https:\/\/rrunning.tribalt.agency\/index.php?rest_route=\/wp\/v2\/product\/2026","targetHints":{"allow":["GET"]}}],"collection":[{"href":"https:\/\/rrunning.tribalt.agency\/index.php?rest_route=\/wp\/v2\/product"}],"about":[{"href":"https:\/\/rrunning.tribalt.agency\/index.php?rest_route=\/wp\/v2\/types\/product"}],"wp:featuredmedia":[{"embeddable":true,"href":"https:\/\/rrunning.tribalt.agency\/index.php?rest_route=\/wp\/v2\/media\/2027"}],"wp:attachment":[{"href":"https:\/\/rrunning.tribalt.agency\/index.php?rest_route=%2Fwp%2Fv2%2Fmedia&parent=2026"}],"wp:term":[{"taxonomy":"pwb-brand","embeddable":true,"href":"https:\/\/rrunning.tribalt.agency\/index.php?rest_route=%2Fwp%2Fv2%2Fpwb-brand&post=2026"},{"taxonomy":"product_brand","embeddable":true,"href":"https:\/\/rrunning.tribalt.agency\/index.php?rest_route=%2Fwp%2Fv2%2Fproduct_brand&post=2026"},{"taxonomy":"product_cat","embeddable":true,"href":"https:\/\/rrunning.tribalt.agency\/index.php?rest_route=%2Fwp%2Fv2%2Fproduct_cat&post=2026"},{"taxonomy":"product_tag","embeddable":true,"href":"https:\/\/rrunning.tribalt.agency\/index.php?rest_route=%2Fwp%2Fv2%2Fproduct_tag&post=2026"}],"curies":[{"name":"wp","href":"https:\/\/api.w.org\/{rel}","templated":true}]}}