{"id":2022,"date":"2025-07-07T14:42:40","date_gmt":"2025-07-07T12:42:40","guid":{"rendered":"https:\/\/rrunning.tribalt.agency\/?post_type=product&#038;p=2022"},"modified":"2025-09-02T10:30:24","modified_gmt":"2025-09-02T08:30:24","slug":"hurricane-waterproof-10-10-jacket-w-ice-flow","status":"publish","type":"product","link":"https:\/\/rrunning.tribalt.agency\/?product=hurricane-waterproof-10-10-jacket-w-ice-flow","title":{"rendered":"HURRICANE WATERPROOF 10\/10 JACKET W ICE FLOW"},"content":{"rendered":"<p class=\"key_benefit_1\">Appr\u00e9ci\u00e9e des coureurs sur route et sur sentier, notre veste Hurricane 10\/10, est d\u00e9sormais disponible dans un mod\u00e8le sp\u00e9cialement con\u00e7u pour les femmes. L`une des membranes enti\u00e8rement imperm\u00e9ables les plus l\u00e9g\u00e8res du march\u00e9 aujourd`hui, cette protection contre la pluie haute performance offre 105 grammes de mati\u00e8re protectrice extensible dans les quatre sens qui s`adapte \u00e0 toutes les morphologies - et par-dessus un sac \u00e0 dos - tout en garantissant une libert\u00e9 de mouvement totale. Fid\u00e8le aux normes Compessport, le design est minimaliste, \u00e9pur\u00e9 et respirant, \u00e9vacuant la transpiration au fur et \u00e0 mesure que l`intensit\u00e9 augmente. Con\u00e7ues dans un souci d`efficacit\u00e9, toutes les coutures sont imperm\u00e9abilis\u00e9es et les manches raglan sont tr\u00e8s ajust\u00e9es sur les avant-bras pour \u00e9viter que l`exc\u00e8s de tissu ne g\u00eane les arbres, les b\u00e2tons ou l`a\u00e9rodynamisme. La capuche ajust\u00e9e prot\u00e8ge votre t\u00eate sans obstruer la vue et la fermeture \u00e9clair diagonale ergonomique et autobloquante s`ouvre facilement pour \u00eatre retir\u00e9e rapidement une fois les nuages dissip\u00e9s. Il suffit d`enrouler la veste et de la ranger dans votre plus petite poche ou dans votre Free Belt. Confortable, la Hurricane 10\/10 est une veste performante, \u00e9tanche, pour vos plus grands d\u00e9fis, quel que soit le temps. Bon \u00e0 savoir : cette veste r\u00e9pond aux exigences strictes des listes d`\u00e9quipement pour l`ultra trail.<\/p>\n","protected":false},"excerpt":{"rendered":"<p>Appr\u00e9ci\u00e9e des coureurs sur route et sur sentier, notre veste Hurricane 10\/10, est d\u00e9sormais disponible dans un mod\u00e8le sp\u00e9cialement con\u00e7u pour les femmes. L`une des membranes enti\u00e8rement imperm\u00e9ables les plus l\u00e9g\u00e8res du march\u00e9 aujourd`hui, cette protection contre la pluie haute performance offre 105 grammes de mati\u00e8re protectrice extensible dans les quatre sens qui s`adapte \u00e0 [&hellip;]<\/p>\n","protected":false},"featured_media":2023,"template":"","meta":[],"pwb-brand":[97],"product_brand":[],"product_cat":[50],"product_tag":[],"class_list":{"0":"post-2022","1":"product","2":"type-product","3":"status-publish","4":"has-post-thumbnail","6":"pwb-brand-compressport","7":"product_cat-vestes","9":"first","10":"instock","11":"sale","12":"shipping-taxable","13":"purchasable","14":"product-type-simple"},"brands":[{"id":97,"name":"COMPRESSPORT","slug":"compressport"}],"_links":{"self":[{"href":"https:\/\/rrunning.tribalt.agency\/index.php?rest_route=\/wp\/v2\/product\/2022","targetHints":{"allow":["GET"]}}],"collection":[{"href":"https:\/\/rrunning.tribalt.agency\/index.php?rest_route=\/wp\/v2\/product"}],"about":[{"href":"https:\/\/rrunning.tribalt.agency\/index.php?rest_route=\/wp\/v2\/types\/product"}],"wp:featuredmedia":[{"embeddable":true,"href":"https:\/\/rrunning.tribalt.agency\/index.php?rest_route=\/wp\/v2\/media\/2023"}],"wp:attachment":[{"href":"https:\/\/rrunning.tribalt.agency\/index.php?rest_route=%2Fwp%2Fv2%2Fmedia&parent=2022"}],"wp:term":[{"taxonomy":"pwb-brand","embeddable":true,"href":"https:\/\/rrunning.tribalt.agency\/index.php?rest_route=%2Fwp%2Fv2%2Fpwb-brand&post=2022"},{"taxonomy":"product_brand","embeddable":true,"href":"https:\/\/rrunning.tribalt.agency\/index.php?rest_route=%2Fwp%2Fv2%2Fproduct_brand&post=2022"},{"taxonomy":"product_cat","embeddable":true,"href":"https:\/\/rrunning.tribalt.agency\/index.php?rest_route=%2Fwp%2Fv2%2Fproduct_cat&post=2022"},{"taxonomy":"product_tag","embeddable":true,"href":"https:\/\/rrunning.tribalt.agency\/index.php?rest_route=%2Fwp%2Fv2%2Fproduct_tag&post=2022"}],"curies":[{"name":"wp","href":"https:\/\/api.w.org\/{rel}","templated":true}]}}