{"id":2000,"date":"2025-07-07T14:30:49","date_gmt":"2025-07-07T12:30:49","guid":{"rendered":"https:\/\/rrunning.tribalt.agency\/?post_type=product&#038;p=2000"},"modified":"2025-07-07T14:32:28","modified_gmt":"2025-07-07T12:32:28","slug":"feelfree-seamless-bra","status":"publish","type":"product","link":"https:\/\/rrunning.tribalt.agency\/?product=feelfree-seamless-bra","title":{"rendered":"FEELFREE SEAMLESS BRA"},"content":{"rendered":"<p class=\"key_benefit_1\">Mesdames, \u00e0 vous de jouer. Voici notre tout nouveau FeelFree Seamless Bra, notre r\u00e9ponse au d\u00e9fi du soutien\u00a0adapt\u00e9 \u00e0 la performance. D\u00e9velopp\u00e9 en collaboration avec nos coureuses professionnelles, ce soutien-gorge de sport est con\u00e7u pour les sportives en qu\u00eate de confort qui leur permet de tenir la distance, de la piste aux sentiers et au-del\u00e0. Des \u00e9tudes ont r\u00e9v\u00e9l\u00e9 que la diminution du rebond au niveau de la poitrine minimise le co\u00fbt \u00e9nerg\u00e9tique pendant l`entra\u00eenement et la course. Choisir le bon sous-v\u00eatement est donc essentiel \u00e0 la performance. Avec un maillage de soutien sous la poitrine et un tissu structur\u00e9 au niveau des c\u00f4tes, le FeelFree Seamless Bra trouve l`\u00e9quilibre parfait entre soutien athl\u00e9tique et confort supr\u00eame. Sa construction innovante int\u00e8gre un fil ultra-doux \u00e0 s\u00e9chage rapide pour \u00e9viter toute irritation. Des zones de mesh \u00e0 l`avant et \u00e0 l`arri\u00e8re offrent une respirabilit\u00e9 maximale, permettant une circulation optimale de l`air lorsque la cadence s`acc\u00e9l\u00e8re. La coupe est l\u00e9g\u00e8rement allong\u00e9e sur le bas, vous permettant de porter votre ceinture cardio en-dessous si vous le souhaitez. Id\u00e9ale pour toutes les femmes qui privil\u00e9gient une coupe ajust\u00e9e et confortable, cette brassi\u00e8re de sport sans coutures vous donne la libert\u00e9 d`oublier votre corps et de courir, tout simplement. Concentrez-vous sur la route ou le sentier, faites monter le tempo et soyez la meilleure version de vous-m\u00eame.<\/p>\n","protected":false},"excerpt":{"rendered":"<p>Mesdames, \u00e0 vous de jouer. Voici notre tout nouveau FeelFree Seamless Bra, notre r\u00e9ponse au d\u00e9fi du soutien\u00a0adapt\u00e9 \u00e0 la performance. D\u00e9velopp\u00e9 en collaboration avec nos coureuses professionnelles, ce soutien-gorge de sport est con\u00e7u pour les sportives en qu\u00eate de confort qui leur permet de tenir la distance, de la piste aux sentiers et au-del\u00e0. [&hellip;]<\/p>\n","protected":false},"featured_media":2001,"template":"","meta":[],"pwb-brand":[97],"product_brand":[],"product_cat":[150],"product_tag":[],"class_list":{"0":"post-2000","1":"product","2":"type-product","3":"status-publish","4":"has-post-thumbnail","6":"pwb-brand-compressport","7":"product_cat-sous-vetements","9":"first","10":"instock","11":"shipping-taxable","12":"purchasable","13":"product-type-simple"},"brands":[{"id":97,"name":"COMPRESSPORT","slug":"compressport"}],"_links":{"self":[{"href":"https:\/\/rrunning.tribalt.agency\/index.php?rest_route=\/wp\/v2\/product\/2000","targetHints":{"allow":["GET"]}}],"collection":[{"href":"https:\/\/rrunning.tribalt.agency\/index.php?rest_route=\/wp\/v2\/product"}],"about":[{"href":"https:\/\/rrunning.tribalt.agency\/index.php?rest_route=\/wp\/v2\/types\/product"}],"wp:featuredmedia":[{"embeddable":true,"href":"https:\/\/rrunning.tribalt.agency\/index.php?rest_route=\/wp\/v2\/media\/2001"}],"wp:attachment":[{"href":"https:\/\/rrunning.tribalt.agency\/index.php?rest_route=%2Fwp%2Fv2%2Fmedia&parent=2000"}],"wp:term":[{"taxonomy":"pwb-brand","embeddable":true,"href":"https:\/\/rrunning.tribalt.agency\/index.php?rest_route=%2Fwp%2Fv2%2Fpwb-brand&post=2000"},{"taxonomy":"product_brand","embeddable":true,"href":"https:\/\/rrunning.tribalt.agency\/index.php?rest_route=%2Fwp%2Fv2%2Fproduct_brand&post=2000"},{"taxonomy":"product_cat","embeddable":true,"href":"https:\/\/rrunning.tribalt.agency\/index.php?rest_route=%2Fwp%2Fv2%2Fproduct_cat&post=2000"},{"taxonomy":"product_tag","embeddable":true,"href":"https:\/\/rrunning.tribalt.agency\/index.php?rest_route=%2Fwp%2Fv2%2Fproduct_tag&post=2000"}],"curies":[{"name":"wp","href":"https:\/\/api.w.org\/{rel}","templated":true}]}}