{"id":1994,"date":"2025-07-07T14:27:39","date_gmt":"2025-07-07T12:27:39","guid":{"rendered":"https:\/\/rrunning.tribalt.agency\/?post_type=product&#038;p=1994"},"modified":"2025-09-01T16:05:32","modified_gmt":"2025-09-01T14:05:32","slug":"5-panel-light-cap-white","status":"publish","type":"product","link":"https:\/\/rrunning.tribalt.agency\/?product=5-panel-light-cap-white","title":{"rendered":"5 PANEL LIGHT CAP WHITE"},"content":{"rendered":"<p class=\"key_benefit_1\">Si vous h\u00e9sitiez entre notre casquette l\u00e9g\u00e8re et notre trucker \u00e9l\u00e9gant pour votre prochaine s\u00e9ance d?entra\u00eenement, la toute nouvelle casquette l\u00e9g\u00e8re \u00e0 5 Panel Light Cap pourrait \u00eatre le bon choix. Con\u00e7ue dans un souci de performance, cette casquette ultral\u00e9g\u00e8re propose 5 tissus distincts et un look funky pour une thermor\u00e9gulation haute performance et une protection solaire pendant vos courses les plus chaudes. La ventilation int\u00e9gr\u00e9e \u00e0 l?arri\u00e8re et le long des c\u00f4t\u00e9s se charge du refroidissement, tandis que les panneaux lat\u00e9raux ultra-fins r\u00e9duisent son poids au minimum. Un bandeau anti-sueur int\u00e9gr\u00e9 autour du front arr\u00eate la transpiration lorsque vous acc\u00e9l\u00e9rez le rythme. La membrane de la partie sup\u00e9rieure est tr\u00e8s respirante et offre une protection contre les UV pour que vous puissiez garder la t\u00eate froide lorsque la course devient intense. La casquette est de taille unique, son slider pratique \u00e0 l`arri\u00e8re permet de l`ajuster facilement. Vous trouverez un logo Compressport \u00e0 motifs sous la visi\u00e8re. Faites comme Diego Pazos et portez-la avec le bord relev\u00e9 pour un style funky, ou avec le bord baiss\u00e9 pour une protection solaire accrue. Et parce que nous sommes des amoureux du sport comme vous, la 5-Panel Light Cap est tr\u00e8s facile \u00e0 plier et \u00e0 ranger dans votre poche ou votre sac lorsque les nuages apparaissent. Fra\u00eeche et l\u00e9g\u00e8re, c`est la casquette parfaite pour les s\u00e9ances d`entra\u00eenement ensoleill\u00e9es et les trails sans r\u00e9pit.<\/p>\n","protected":false},"excerpt":{"rendered":"<p>Si vous h\u00e9sitiez entre notre casquette l\u00e9g\u00e8re et notre trucker \u00e9l\u00e9gant pour votre prochaine s\u00e9ance d?entra\u00eenement, la toute nouvelle casquette l\u00e9g\u00e8re \u00e0 5 Panel Light Cap pourrait \u00eatre le bon choix. Con\u00e7ue dans un souci de performance, cette casquette ultral\u00e9g\u00e8re propose 5 tissus distincts et un look funky pour une thermor\u00e9gulation haute performance et une [&hellip;]<\/p>\n","protected":false},"featured_media":3141,"template":"","meta":[],"pwb-brand":[97],"product_brand":[],"product_cat":[26],"product_tag":[],"class_list":{"0":"post-1994","1":"product","2":"type-product","3":"status-publish","4":"has-post-thumbnail","6":"pwb-brand-compressport","7":"product_cat-casquettes-visieres","9":"first","10":"instock","11":"shipping-taxable","12":"purchasable","13":"product-type-simple"},"brands":[{"id":97,"name":"COMPRESSPORT","slug":"compressport"}],"_links":{"self":[{"href":"https:\/\/rrunning.tribalt.agency\/index.php?rest_route=\/wp\/v2\/product\/1994","targetHints":{"allow":["GET"]}}],"collection":[{"href":"https:\/\/rrunning.tribalt.agency\/index.php?rest_route=\/wp\/v2\/product"}],"about":[{"href":"https:\/\/rrunning.tribalt.agency\/index.php?rest_route=\/wp\/v2\/types\/product"}],"wp:featuredmedia":[{"embeddable":true,"href":"https:\/\/rrunning.tribalt.agency\/index.php?rest_route=\/wp\/v2\/media\/3141"}],"wp:attachment":[{"href":"https:\/\/rrunning.tribalt.agency\/index.php?rest_route=%2Fwp%2Fv2%2Fmedia&parent=1994"}],"wp:term":[{"taxonomy":"pwb-brand","embeddable":true,"href":"https:\/\/rrunning.tribalt.agency\/index.php?rest_route=%2Fwp%2Fv2%2Fpwb-brand&post=1994"},{"taxonomy":"product_brand","embeddable":true,"href":"https:\/\/rrunning.tribalt.agency\/index.php?rest_route=%2Fwp%2Fv2%2Fproduct_brand&post=1994"},{"taxonomy":"product_cat","embeddable":true,"href":"https:\/\/rrunning.tribalt.agency\/index.php?rest_route=%2Fwp%2Fv2%2Fproduct_cat&post=1994"},{"taxonomy":"product_tag","embeddable":true,"href":"https:\/\/rrunning.tribalt.agency\/index.php?rest_route=%2Fwp%2Fv2%2Fproduct_tag&post=1994"}],"curies":[{"name":"wp","href":"https:\/\/api.w.org\/{rel}","templated":true}]}}