{"id":1991,"date":"2025-07-07T14:27:21","date_gmt":"2025-07-07T12:27:21","guid":{"rendered":"https:\/\/rrunning.tribalt.agency\/?post_type=product&#038;p=1991"},"modified":"2025-07-07T14:27:21","modified_gmt":"2025-07-07T12:27:21","slug":"3d-thermo-ultralight-sugar-ice-print","status":"publish","type":"product","link":"https:\/\/rrunning.tribalt.agency\/?product=3d-thermo-ultralight-sugar-ice-print","title":{"rendered":"3D THERMO ULTRALIGHT SUGAR\/ICE PRINT"},"content":{"rendered":"<p class=\"key_benefit_1\">Thermor\u00e9gulation maximale gr\u00e2ce \u00e0 un tissage sp\u00e9cial en microfibres qui agit comme un matelas d\u2019air entre la peau et l\u2019air pour vous garder au sec et au chaud dans des contextes froids<\/p>\n<p class=\"key_benefit_2\">Confort optimal et z\u00e9ro irritation gr\u00e2ce au tissage en microfibre extensible et sans coutures et \u00e0 sa conception ergonomique<\/p>\n<p class=\"key_benefit_3 \">Tr\u00e8s pratique et polyvalent, avec de nombreuses options d\u2019utilisation pour prot\u00e9ger le cou, la bouche, le nez, les oreilles ou la t\u00eate<\/p>\n","protected":false},"excerpt":{"rendered":"<p>Thermor\u00e9gulation maximale gr\u00e2ce \u00e0 un tissage sp\u00e9cial en microfibres qui agit comme un matelas d\u2019air entre la peau et l\u2019air pour vous garder au sec et au chaud dans des contextes froids Confort optimal et z\u00e9ro irritation gr\u00e2ce au tissage en microfibre extensible et sans coutures et \u00e0 sa conception ergonomique Tr\u00e8s pratique et polyvalent, [&hellip;]<\/p>\n","protected":false},"featured_media":1992,"template":"","meta":[],"pwb-brand":[97],"product_brand":[],"product_cat":[25],"product_tag":[],"class_list":{"0":"post-1991","1":"product","2":"type-product","3":"status-publish","4":"has-post-thumbnail","6":"pwb-brand-compressport","7":"product_cat-bonnets-bandeaux","9":"first","10":"instock","11":"shipping-taxable","12":"purchasable","13":"product-type-simple"},"brands":[{"id":97,"name":"COMPRESSPORT","slug":"compressport"}],"_links":{"self":[{"href":"https:\/\/rrunning.tribalt.agency\/index.php?rest_route=\/wp\/v2\/product\/1991","targetHints":{"allow":["GET"]}}],"collection":[{"href":"https:\/\/rrunning.tribalt.agency\/index.php?rest_route=\/wp\/v2\/product"}],"about":[{"href":"https:\/\/rrunning.tribalt.agency\/index.php?rest_route=\/wp\/v2\/types\/product"}],"wp:featuredmedia":[{"embeddable":true,"href":"https:\/\/rrunning.tribalt.agency\/index.php?rest_route=\/wp\/v2\/media\/1992"}],"wp:attachment":[{"href":"https:\/\/rrunning.tribalt.agency\/index.php?rest_route=%2Fwp%2Fv2%2Fmedia&parent=1991"}],"wp:term":[{"taxonomy":"pwb-brand","embeddable":true,"href":"https:\/\/rrunning.tribalt.agency\/index.php?rest_route=%2Fwp%2Fv2%2Fpwb-brand&post=1991"},{"taxonomy":"product_brand","embeddable":true,"href":"https:\/\/rrunning.tribalt.agency\/index.php?rest_route=%2Fwp%2Fv2%2Fproduct_brand&post=1991"},{"taxonomy":"product_cat","embeddable":true,"href":"https:\/\/rrunning.tribalt.agency\/index.php?rest_route=%2Fwp%2Fv2%2Fproduct_cat&post=1991"},{"taxonomy":"product_tag","embeddable":true,"href":"https:\/\/rrunning.tribalt.agency\/index.php?rest_route=%2Fwp%2Fv2%2Fproduct_tag&post=1991"}],"curies":[{"name":"wp","href":"https:\/\/api.w.org\/{rel}","templated":true}]}}