{"id":1985,"date":"2025-07-02T11:31:12","date_gmt":"2025-07-02T09:31:12","guid":{"rendered":"https:\/\/rrunning.tribalt.agency\/?post_type=product&#038;p=1985"},"modified":"2025-07-02T11:32:47","modified_gmt":"2025-07-02T09:32:47","slug":"ultrun-s-pack-evo-15-black","status":"publish","type":"product","link":"https:\/\/rrunning.tribalt.agency\/?product=ultrun-s-pack-evo-15-black","title":{"rendered":"ULTRUN S PACK EVO 15 BLACK"},"content":{"rendered":"<p class=\"key_benefit_1\">Grande capacit\u00e9 de 12 + 3L pour transporter tout l\u2019\u00e9quipement et la nutrition sur les sentiers de longue distance.<\/p>\n<p class=\"key_benefit_2\">Poches avant et arri\u00e8re s\u00e9curis\u00e9es avec des languettes d'acc\u00e8s facile pour ne pas perdre les affaires essentielles pendant la course.<\/p>\n<p class=\"key_benefit_3 \">Ergonomique et ultra stable pour un confort optimal au fil des heures<\/p>\n","protected":false},"excerpt":{"rendered":"<p>Grande capacit\u00e9 de 12 + 3L pour transporter tout l\u2019\u00e9quipement et la nutrition sur les sentiers de longue distance. Poches avant et arri\u00e8re s\u00e9curis\u00e9es avec des languettes d'acc\u00e8s facile pour ne pas perdre les affaires essentielles pendant la course. Ergonomique et ultra stable pour un confort optimal au fil des heures<\/p>\n","protected":false},"featured_media":1986,"template":"","meta":[],"pwb-brand":[97],"product_brand":[],"product_cat":[34],"product_tag":[],"class_list":{"0":"post-1985","1":"product","2":"type-product","3":"status-publish","4":"has-post-thumbnail","6":"pwb-brand-compressport","7":"product_cat-sac-dhydratation-poche-a-eau","9":"first","10":"instock","11":"shipping-taxable","12":"purchasable","13":"product-type-simple"},"brands":[{"id":97,"name":"COMPRESSPORT","slug":"compressport"}],"_links":{"self":[{"href":"https:\/\/rrunning.tribalt.agency\/index.php?rest_route=\/wp\/v2\/product\/1985","targetHints":{"allow":["GET"]}}],"collection":[{"href":"https:\/\/rrunning.tribalt.agency\/index.php?rest_route=\/wp\/v2\/product"}],"about":[{"href":"https:\/\/rrunning.tribalt.agency\/index.php?rest_route=\/wp\/v2\/types\/product"}],"wp:featuredmedia":[{"embeddable":true,"href":"https:\/\/rrunning.tribalt.agency\/index.php?rest_route=\/wp\/v2\/media\/1986"}],"wp:attachment":[{"href":"https:\/\/rrunning.tribalt.agency\/index.php?rest_route=%2Fwp%2Fv2%2Fmedia&parent=1985"}],"wp:term":[{"taxonomy":"pwb-brand","embeddable":true,"href":"https:\/\/rrunning.tribalt.agency\/index.php?rest_route=%2Fwp%2Fv2%2Fpwb-brand&post=1985"},{"taxonomy":"product_brand","embeddable":true,"href":"https:\/\/rrunning.tribalt.agency\/index.php?rest_route=%2Fwp%2Fv2%2Fproduct_brand&post=1985"},{"taxonomy":"product_cat","embeddable":true,"href":"https:\/\/rrunning.tribalt.agency\/index.php?rest_route=%2Fwp%2Fv2%2Fproduct_cat&post=1985"},{"taxonomy":"product_tag","embeddable":true,"href":"https:\/\/rrunning.tribalt.agency\/index.php?rest_route=%2Fwp%2Fv2%2Fproduct_tag&post=1985"}],"curies":[{"name":"wp","href":"https:\/\/api.w.org\/{rel}","templated":true}]}}