{"id":1971,"date":"2025-07-02T11:20:57","date_gmt":"2025-07-02T09:20:57","guid":{"rendered":"https:\/\/rrunning.tribalt.agency\/?post_type=product&#038;p=1971"},"modified":"2025-09-16T19:29:01","modified_gmt":"2025-09-16T17:29:01","slug":"sweatbands-3d-dots-white-red","status":"publish","type":"product","link":"https:\/\/rrunning.tribalt.agency\/?product=sweatbands-3d-dots-white-red","title":{"rendered":"SWEATBANDS 3D DOTS WHITE\/RED"},"content":{"rendered":"<p class=\"key_benefit_1\">Le Sweatband 3D Dots noir et rouge est l'accessoire multisport ultra-l\u00e9ger incontournable. Avec ses 3D Dots agissant comme des coussinets, ce serre-poignet absorbe la transpiration excessive de votre front et autour de votre poignet. Les fibres hydrophobes s\u00e8chent tr\u00e8s rapidement en \u00e9vacuant la transpiration en un rien de temps. Fini les mat\u00e9riaux qui restent humides et s'alourdissent en retenant la sueur. Extensible et ergonomique, il s'adapte \u00e0 toutes les morphologies. Portez-le pour toutes vos activit\u00e9s sportives intenses, de la salle de sport aux courts de tennis, il s\u2019assortira parfaitement \u00e0 toutes vos tenues.<\/p>\n","protected":false},"excerpt":{"rendered":"<p>Le Sweatband 3D Dots noir et rouge est l'accessoire multisport ultra-l\u00e9ger incontournable. Avec ses 3D Dots agissant comme des coussinets, ce serre-poignet absorbe la transpiration excessive de votre front et autour de votre poignet. Les fibres hydrophobes s\u00e8chent tr\u00e8s rapidement en \u00e9vacuant la transpiration en un rien de temps. Fini les mat\u00e9riaux qui restent humides [&hellip;]<\/p>\n","protected":false},"featured_media":1972,"template":"","meta":[],"pwb-brand":[97],"product_brand":[],"product_cat":[32],"product_tag":[],"class_list":{"0":"post-1971","1":"product","2":"type-product","3":"status-publish","4":"has-post-thumbnail","6":"pwb-brand-compressport","7":"product_cat-manchons","9":"first","10":"instock","11":"shipping-taxable","12":"purchasable","13":"product-type-simple"},"brands":[{"id":97,"name":"COMPRESSPORT","slug":"compressport"}],"_links":{"self":[{"href":"https:\/\/rrunning.tribalt.agency\/index.php?rest_route=\/wp\/v2\/product\/1971","targetHints":{"allow":["GET"]}}],"collection":[{"href":"https:\/\/rrunning.tribalt.agency\/index.php?rest_route=\/wp\/v2\/product"}],"about":[{"href":"https:\/\/rrunning.tribalt.agency\/index.php?rest_route=\/wp\/v2\/types\/product"}],"wp:featuredmedia":[{"embeddable":true,"href":"https:\/\/rrunning.tribalt.agency\/index.php?rest_route=\/wp\/v2\/media\/1972"}],"wp:attachment":[{"href":"https:\/\/rrunning.tribalt.agency\/index.php?rest_route=%2Fwp%2Fv2%2Fmedia&parent=1971"}],"wp:term":[{"taxonomy":"pwb-brand","embeddable":true,"href":"https:\/\/rrunning.tribalt.agency\/index.php?rest_route=%2Fwp%2Fv2%2Fpwb-brand&post=1971"},{"taxonomy":"product_brand","embeddable":true,"href":"https:\/\/rrunning.tribalt.agency\/index.php?rest_route=%2Fwp%2Fv2%2Fproduct_brand&post=1971"},{"taxonomy":"product_cat","embeddable":true,"href":"https:\/\/rrunning.tribalt.agency\/index.php?rest_route=%2Fwp%2Fv2%2Fproduct_cat&post=1971"},{"taxonomy":"product_tag","embeddable":true,"href":"https:\/\/rrunning.tribalt.agency\/index.php?rest_route=%2Fwp%2Fv2%2Fproduct_tag&post=1971"}],"curies":[{"name":"wp","href":"https:\/\/api.w.org\/{rel}","templated":true}]}}