{"id":1963,"date":"2025-07-02T11:17:23","date_gmt":"2025-07-02T09:17:23","guid":{"rendered":"https:\/\/rrunning.tribalt.agency\/?post_type=product&#038;p=1963"},"modified":"2025-07-02T11:18:37","modified_gmt":"2025-07-02T09:18:37","slug":"race-belt-black","status":"publish","type":"product","link":"https:\/\/rrunning.tribalt.agency\/?product=race-belt-black","title":{"rendered":"RACE BELT BLACK"},"content":{"rendered":"<p class=\"key_benefit_1\">Design ajust\u00e9 et ergonomique qui ne frotte pas, ne pince pas et reste bien en place pendant la course-\u00e0-pied<\/p>\n<p class=\"key_benefit_2\">Boucles de chaque c\u00f4t\u00e9 de la ceinture permettant d'accrocher les gels, facilitant ainsi le ravitaillement en course<\/p>\n<p class=\"key_benefit_3 \">3 accroches pour attacher votre dossard en toute s\u00e9curit\u00e9, compatible avec les r\u00e8gles du triathlon fran\u00e7ais<\/p>\n","protected":false},"excerpt":{"rendered":"<p>Design ajust\u00e9 et ergonomique qui ne frotte pas, ne pince pas et reste bien en place pendant la course-\u00e0-pied Boucles de chaque c\u00f4t\u00e9 de la ceinture permettant d'accrocher les gels, facilitant ainsi le ravitaillement en course 3 accroches pour attacher votre dossard en toute s\u00e9curit\u00e9, compatible avec les r\u00e8gles du triathlon fran\u00e7ais<\/p>\n","protected":false},"featured_media":1964,"template":"","meta":[],"pwb-brand":[97],"product_brand":[],"product_cat":[27],"product_tag":[],"class_list":{"0":"post-1963","1":"product","2":"type-product","3":"status-publish","4":"has-post-thumbnail","6":"pwb-brand-compressport","7":"product_cat-ceinture-porte-dossard","9":"first","10":"instock","11":"shipping-taxable","12":"purchasable","13":"product-type-simple"},"brands":[{"id":97,"name":"COMPRESSPORT","slug":"compressport"}],"_links":{"self":[{"href":"https:\/\/rrunning.tribalt.agency\/index.php?rest_route=\/wp\/v2\/product\/1963","targetHints":{"allow":["GET"]}}],"collection":[{"href":"https:\/\/rrunning.tribalt.agency\/index.php?rest_route=\/wp\/v2\/product"}],"about":[{"href":"https:\/\/rrunning.tribalt.agency\/index.php?rest_route=\/wp\/v2\/types\/product"}],"wp:featuredmedia":[{"embeddable":true,"href":"https:\/\/rrunning.tribalt.agency\/index.php?rest_route=\/wp\/v2\/media\/1964"}],"wp:attachment":[{"href":"https:\/\/rrunning.tribalt.agency\/index.php?rest_route=%2Fwp%2Fv2%2Fmedia&parent=1963"}],"wp:term":[{"taxonomy":"pwb-brand","embeddable":true,"href":"https:\/\/rrunning.tribalt.agency\/index.php?rest_route=%2Fwp%2Fv2%2Fpwb-brand&post=1963"},{"taxonomy":"product_brand","embeddable":true,"href":"https:\/\/rrunning.tribalt.agency\/index.php?rest_route=%2Fwp%2Fv2%2Fproduct_brand&post=1963"},{"taxonomy":"product_cat","embeddable":true,"href":"https:\/\/rrunning.tribalt.agency\/index.php?rest_route=%2Fwp%2Fv2%2Fproduct_cat&post=1963"},{"taxonomy":"product_tag","embeddable":true,"href":"https:\/\/rrunning.tribalt.agency\/index.php?rest_route=%2Fwp%2Fv2%2Fproduct_tag&post=1963"}],"curies":[{"name":"wp","href":"https:\/\/api.w.org\/{rel}","templated":true}]}}