{"id":1959,"date":"2025-07-02T11:14:52","date_gmt":"2025-07-02T09:14:52","guid":{"rendered":"https:\/\/rrunning.tribalt.agency\/?post_type=product&#038;p=1959"},"modified":"2025-07-02T11:16:45","modified_gmt":"2025-07-02T09:16:45","slug":"free-belt-pro-black","status":"publish","type":"product","link":"https:\/\/rrunning.tribalt.agency\/?product=free-belt-pro-black","title":{"rendered":"FREE BELT PRO BLACK"},"content":{"rendered":"<p class=\"key_benefit_1\">Conception ergonomique qui s\u2019adapte \u00e0 toutes les formes de corps et s\u2019installe confortablement sans rebonds : test\u00e9 et valid\u00e9 par nos pros !<\/p>\n<p class=\"key_benefit_2\">L\u00e9g\u00e8ret\u00e9 et confort : emportez l\u2019\u00e9quipement et les collations n\u00e9cessaires pour un effort de 6 heures avec une libert\u00e9 totale de mouvement dans le haut du corps<\/p>\n<p class=\"key_benefit_3 \">Acc\u00e8s facile gr\u00e2ce \u00e0 son compartiment unique en maillage enveloppant qui s\u2019\u00e9tire pour adapter sa capacit\u00e9<\/p>\n","protected":false},"excerpt":{"rendered":"<p>Conception ergonomique qui s\u2019adapte \u00e0 toutes les formes de corps et s\u2019installe confortablement sans rebonds : test\u00e9 et valid\u00e9 par nos pros ! L\u00e9g\u00e8ret\u00e9 et confort : emportez l\u2019\u00e9quipement et les collations n\u00e9cessaires pour un effort de 6 heures avec une libert\u00e9 totale de mouvement dans le haut du corps Acc\u00e8s facile gr\u00e2ce \u00e0 son [&hellip;]<\/p>\n","protected":false},"featured_media":1960,"template":"","meta":[],"pwb-brand":[97],"product_brand":[],"product_cat":[27],"product_tag":[],"class_list":{"0":"post-1959","1":"product","2":"type-product","3":"status-publish","4":"has-post-thumbnail","6":"pwb-brand-compressport","7":"product_cat-ceinture-porte-dossard","9":"first","10":"instock","11":"shipping-taxable","12":"purchasable","13":"product-type-simple"},"brands":[{"id":97,"name":"COMPRESSPORT","slug":"compressport"}],"_links":{"self":[{"href":"https:\/\/rrunning.tribalt.agency\/index.php?rest_route=\/wp\/v2\/product\/1959","targetHints":{"allow":["GET"]}}],"collection":[{"href":"https:\/\/rrunning.tribalt.agency\/index.php?rest_route=\/wp\/v2\/product"}],"about":[{"href":"https:\/\/rrunning.tribalt.agency\/index.php?rest_route=\/wp\/v2\/types\/product"}],"wp:featuredmedia":[{"embeddable":true,"href":"https:\/\/rrunning.tribalt.agency\/index.php?rest_route=\/wp\/v2\/media\/1960"}],"wp:attachment":[{"href":"https:\/\/rrunning.tribalt.agency\/index.php?rest_route=%2Fwp%2Fv2%2Fmedia&parent=1959"}],"wp:term":[{"taxonomy":"pwb-brand","embeddable":true,"href":"https:\/\/rrunning.tribalt.agency\/index.php?rest_route=%2Fwp%2Fv2%2Fpwb-brand&post=1959"},{"taxonomy":"product_brand","embeddable":true,"href":"https:\/\/rrunning.tribalt.agency\/index.php?rest_route=%2Fwp%2Fv2%2Fproduct_brand&post=1959"},{"taxonomy":"product_cat","embeddable":true,"href":"https:\/\/rrunning.tribalt.agency\/index.php?rest_route=%2Fwp%2Fv2%2Fproduct_cat&post=1959"},{"taxonomy":"product_tag","embeddable":true,"href":"https:\/\/rrunning.tribalt.agency\/index.php?rest_route=%2Fwp%2Fv2%2Fproduct_tag&post=1959"}],"curies":[{"name":"wp","href":"https:\/\/api.w.org\/{rel}","templated":true}]}}