{"id":1955,"date":"2025-07-02T11:12:32","date_gmt":"2025-07-02T09:12:32","guid":{"rendered":"https:\/\/rrunning.tribalt.agency\/?post_type=product&#038;p=1955"},"modified":"2025-07-02T11:14:42","modified_gmt":"2025-07-02T09:14:42","slug":"free-belt","status":"publish","type":"product","link":"https:\/\/rrunning.tribalt.agency\/?product=free-belt","title":{"rendered":"FREE BELT"},"content":{"rendered":"<p class=\"key_benefit_1\">Con\u00e7ue avant tout pour ranger facilement et en toute s\u00e9curit\u00e9 vos b\u00e2tons lors des entra\u00eenements et des courses en montagne<\/p>\n<p class=\"key_benefit_2\">Un design ergonomique et des languettes pratiques gr\u00e2ce auxquelles vous pouvez ranger ou r\u00e9cup\u00e9rer vos b\u00e2tons tr\u00e8s facilement. Aucune contorsion n\u2019est n\u00e9cessaire.<\/p>\n<p class=\"key_benefit_3 \">Aucun rebond, quelle que soit la difficult\u00e9 du sentier : test\u00e9 et approuv\u00e9 !<\/p>\n","protected":false},"excerpt":{"rendered":"<p>Con\u00e7ue avant tout pour ranger facilement et en toute s\u00e9curit\u00e9 vos b\u00e2tons lors des entra\u00eenements et des courses en montagne Un design ergonomique et des languettes pratiques gr\u00e2ce auxquelles vous pouvez ranger ou r\u00e9cup\u00e9rer vos b\u00e2tons tr\u00e8s facilement. Aucune contorsion n\u2019est n\u00e9cessaire. Aucun rebond, quelle que soit la difficult\u00e9 du sentier : test\u00e9 et approuv\u00e9 [&hellip;]<\/p>\n","protected":false},"featured_media":1956,"template":"","meta":[],"pwb-brand":[97],"product_brand":[],"product_cat":[27],"product_tag":[],"class_list":{"0":"post-1955","1":"product","2":"type-product","3":"status-publish","4":"has-post-thumbnail","6":"pwb-brand-compressport","7":"product_cat-ceinture-porte-dossard","9":"first","10":"instock","11":"shipping-taxable","12":"purchasable","13":"product-type-simple"},"brands":[{"id":97,"name":"COMPRESSPORT","slug":"compressport"}],"_links":{"self":[{"href":"https:\/\/rrunning.tribalt.agency\/index.php?rest_route=\/wp\/v2\/product\/1955","targetHints":{"allow":["GET"]}}],"collection":[{"href":"https:\/\/rrunning.tribalt.agency\/index.php?rest_route=\/wp\/v2\/product"}],"about":[{"href":"https:\/\/rrunning.tribalt.agency\/index.php?rest_route=\/wp\/v2\/types\/product"}],"wp:featuredmedia":[{"embeddable":true,"href":"https:\/\/rrunning.tribalt.agency\/index.php?rest_route=\/wp\/v2\/media\/1956"}],"wp:attachment":[{"href":"https:\/\/rrunning.tribalt.agency\/index.php?rest_route=%2Fwp%2Fv2%2Fmedia&parent=1955"}],"wp:term":[{"taxonomy":"pwb-brand","embeddable":true,"href":"https:\/\/rrunning.tribalt.agency\/index.php?rest_route=%2Fwp%2Fv2%2Fpwb-brand&post=1955"},{"taxonomy":"product_brand","embeddable":true,"href":"https:\/\/rrunning.tribalt.agency\/index.php?rest_route=%2Fwp%2Fv2%2Fproduct_brand&post=1955"},{"taxonomy":"product_cat","embeddable":true,"href":"https:\/\/rrunning.tribalt.agency\/index.php?rest_route=%2Fwp%2Fv2%2Fproduct_cat&post=1955"},{"taxonomy":"product_tag","embeddable":true,"href":"https:\/\/rrunning.tribalt.agency\/index.php?rest_route=%2Fwp%2Fv2%2Fproduct_tag&post=1955"}],"curies":[{"name":"wp","href":"https:\/\/api.w.org\/{rel}","templated":true}]}}