{"id":1953,"date":"2025-07-02T11:10:43","date_gmt":"2025-07-02T09:10:43","guid":{"rendered":"https:\/\/rrunning.tribalt.agency\/?post_type=product&#038;p=1953"},"modified":"2025-09-01T15:47:07","modified_gmt":"2025-09-01T13:47:07","slug":"fast-cup","status":"publish","type":"product","link":"https:\/\/rrunning.tribalt.agency\/?product=fast-cup","title":{"rendered":"FAST CUP"},"content":{"rendered":"<p class=\"key_benefit_1\">Pratique et pliable pour \u00eatre rang\u00e9 et attrap\u00e9 facilement sur le parcours<\/p>\n<p class=\"key_benefit_2\">Fabriqu\u00e9 100% \u00e0 partir de plastique sans BPA ni PVC, le gobelet est s\u00fbr et durable. Vous pouvez ainsi l\u2019utiliser, le laver et le r\u00e9utiliser.<\/p>\n<p class=\"key_benefit_3 \">Approuv\u00e9 UTMB: le gobelet r\u00e9pond aux exigences de la liste d'\u00e9quipement obligatoire UTMB pour un r\u00e9cipient r\u00e9utilisable.<\/p>\n","protected":false},"excerpt":{"rendered":"<p>Pratique et pliable pour \u00eatre rang\u00e9 et attrap\u00e9 facilement sur le parcours Fabriqu\u00e9 100% \u00e0 partir de plastique sans BPA ni PVC, le gobelet est s\u00fbr et durable. Vous pouvez ainsi l\u2019utiliser, le laver et le r\u00e9utiliser. Approuv\u00e9 UTMB: le gobelet r\u00e9pond aux exigences de la liste d'\u00e9quipement obligatoire UTMB pour un r\u00e9cipient r\u00e9utilisable.<\/p>\n","protected":false},"featured_media":1954,"template":"","meta":[],"pwb-brand":[97],"product_brand":[],"product_cat":[34],"product_tag":[],"class_list":{"0":"post-1953","1":"product","2":"type-product","3":"status-publish","4":"has-post-thumbnail","6":"pwb-brand-compressport","7":"product_cat-sac-dhydratation-poche-a-eau","9":"first","10":"instock","11":"shipping-taxable","12":"purchasable","13":"product-type-simple"},"brands":[{"id":97,"name":"COMPRESSPORT","slug":"compressport"}],"_links":{"self":[{"href":"https:\/\/rrunning.tribalt.agency\/index.php?rest_route=\/wp\/v2\/product\/1953","targetHints":{"allow":["GET"]}}],"collection":[{"href":"https:\/\/rrunning.tribalt.agency\/index.php?rest_route=\/wp\/v2\/product"}],"about":[{"href":"https:\/\/rrunning.tribalt.agency\/index.php?rest_route=\/wp\/v2\/types\/product"}],"wp:featuredmedia":[{"embeddable":true,"href":"https:\/\/rrunning.tribalt.agency\/index.php?rest_route=\/wp\/v2\/media\/1954"}],"wp:attachment":[{"href":"https:\/\/rrunning.tribalt.agency\/index.php?rest_route=%2Fwp%2Fv2%2Fmedia&parent=1953"}],"wp:term":[{"taxonomy":"pwb-brand","embeddable":true,"href":"https:\/\/rrunning.tribalt.agency\/index.php?rest_route=%2Fwp%2Fv2%2Fpwb-brand&post=1953"},{"taxonomy":"product_brand","embeddable":true,"href":"https:\/\/rrunning.tribalt.agency\/index.php?rest_route=%2Fwp%2Fv2%2Fproduct_brand&post=1953"},{"taxonomy":"product_cat","embeddable":true,"href":"https:\/\/rrunning.tribalt.agency\/index.php?rest_route=%2Fwp%2Fv2%2Fproduct_cat&post=1953"},{"taxonomy":"product_tag","embeddable":true,"href":"https:\/\/rrunning.tribalt.agency\/index.php?rest_route=%2Fwp%2Fv2%2Fproduct_tag&post=1953"}],"curies":[{"name":"wp","href":"https:\/\/api.w.org\/{rel}","templated":true}]}}