{"id":1950,"date":"2025-07-02T11:09:18","date_gmt":"2025-07-02T09:09:18","guid":{"rendered":"https:\/\/rrunning.tribalt.agency\/?post_type=product&#038;p=1950"},"modified":"2025-09-01T15:47:18","modified_gmt":"2025-09-01T13:47:18","slug":"ergoflask-500mltube","status":"publish","type":"product","link":"https:\/\/rrunning.tribalt.agency\/?product=ergoflask-500mltube","title":{"rendered":"ERGOFLASK 500ML+TUBE"},"content":{"rendered":"<p class=\"key_benefit_1\">Forme effil\u00e9e qui se glisse facilement dans une poche ou un sac, combin\u00e9e \u00e0 un bouchon \u00e9tanche et \u00e0 une valve \u00e0 d\u00e9bit rapide pour une hydratation facile en courant.<\/p>\n<p class=\"key_benefit_2\">Volume r\u00e9ductible: la gourde se compacte en buvant pour \u00e9viter le ballottement et l`exc\u00e8s de volume une fois vide<\/p>\n<p class=\"key_benefit_3 \">Fabriqu\u00e9e 1 % \u00e0 partir de plastique sans BPA ni PVC, la gourde est s\u00fbre et durable. Vous pouvez ainsi l\u2019utiliser, la laver et repartir de plus belle<\/p>\n","protected":false},"excerpt":{"rendered":"<p>Forme effil\u00e9e qui se glisse facilement dans une poche ou un sac, combin\u00e9e \u00e0 un bouchon \u00e9tanche et \u00e0 une valve \u00e0 d\u00e9bit rapide pour une hydratation facile en courant. Volume r\u00e9ductible: la gourde se compacte en buvant pour \u00e9viter le ballottement et l`exc\u00e8s de volume une fois vide Fabriqu\u00e9e 1 % \u00e0 partir de [&hellip;]<\/p>\n","protected":false},"featured_media":1951,"template":"","meta":[],"pwb-brand":[97],"product_brand":[],"product_cat":[34],"product_tag":[],"class_list":{"0":"post-1950","1":"product","2":"type-product","3":"status-publish","4":"has-post-thumbnail","6":"pwb-brand-compressport","7":"product_cat-sac-dhydratation-poche-a-eau","9":"first","10":"instock","11":"shipping-taxable","12":"purchasable","13":"product-type-simple"},"brands":[{"id":97,"name":"COMPRESSPORT","slug":"compressport"}],"_links":{"self":[{"href":"https:\/\/rrunning.tribalt.agency\/index.php?rest_route=\/wp\/v2\/product\/1950","targetHints":{"allow":["GET"]}}],"collection":[{"href":"https:\/\/rrunning.tribalt.agency\/index.php?rest_route=\/wp\/v2\/product"}],"about":[{"href":"https:\/\/rrunning.tribalt.agency\/index.php?rest_route=\/wp\/v2\/types\/product"}],"wp:featuredmedia":[{"embeddable":true,"href":"https:\/\/rrunning.tribalt.agency\/index.php?rest_route=\/wp\/v2\/media\/1951"}],"wp:attachment":[{"href":"https:\/\/rrunning.tribalt.agency\/index.php?rest_route=%2Fwp%2Fv2%2Fmedia&parent=1950"}],"wp:term":[{"taxonomy":"pwb-brand","embeddable":true,"href":"https:\/\/rrunning.tribalt.agency\/index.php?rest_route=%2Fwp%2Fv2%2Fpwb-brand&post=1950"},{"taxonomy":"product_brand","embeddable":true,"href":"https:\/\/rrunning.tribalt.agency\/index.php?rest_route=%2Fwp%2Fv2%2Fproduct_brand&post=1950"},{"taxonomy":"product_cat","embeddable":true,"href":"https:\/\/rrunning.tribalt.agency\/index.php?rest_route=%2Fwp%2Fv2%2Fproduct_cat&post=1950"},{"taxonomy":"product_tag","embeddable":true,"href":"https:\/\/rrunning.tribalt.agency\/index.php?rest_route=%2Fwp%2Fv2%2Fproduct_tag&post=1950"}],"curies":[{"name":"wp","href":"https:\/\/api.w.org\/{rel}","templated":true}]}}