{"id":1948,"date":"2025-07-02T11:07:40","date_gmt":"2025-07-02T09:07:40","guid":{"rendered":"https:\/\/rrunning.tribalt.agency\/?post_type=product&#038;p=1948"},"modified":"2025-09-01T15:47:28","modified_gmt":"2025-09-01T13:47:28","slug":"ergoflask-500ml-handheld","status":"publish","type":"product","link":"https:\/\/rrunning.tribalt.agency\/?product=ergoflask-500ml-handheld","title":{"rendered":"ERGOFLASK 500ML HANDHELD"},"content":{"rendered":"<p class=\"key_benefit_1\">Des anneaux en silicone pour une prise en main s\u00fbre ; les pertes d'hydratation pendant la course appartiennent au pass\u00e9.<\/p>\n<p class=\"key_benefit_2\">Large ouverture pour un remplissage rapide et efficace aux postes de ravitaillement, associ\u00e9e \u00e0 une valve \u00e0 morsure intuitive pour boire facilement.<\/p>\n<p class=\"key_benefit_3 \">Fabriqu\u00e9e en plastique 100 % sans BPA ni PVC, la gourde est s\u00fbre et durable, vous pouvez l'utiliser, la laver et la r\u00e9utiliser.<\/p>\n","protected":false},"excerpt":{"rendered":"<p>Des anneaux en silicone pour une prise en main s\u00fbre ; les pertes d'hydratation pendant la course appartiennent au pass\u00e9. Large ouverture pour un remplissage rapide et efficace aux postes de ravitaillement, associ\u00e9e \u00e0 une valve \u00e0 morsure intuitive pour boire facilement. Fabriqu\u00e9e en plastique 100 % sans BPA ni PVC, la gourde est s\u00fbre [&hellip;]<\/p>\n","protected":false},"featured_media":1949,"template":"","meta":[],"pwb-brand":[97],"product_brand":[],"product_cat":[34],"product_tag":[],"class_list":{"0":"post-1948","1":"product","2":"type-product","3":"status-publish","4":"has-post-thumbnail","6":"pwb-brand-compressport","7":"product_cat-sac-dhydratation-poche-a-eau","9":"first","10":"instock","11":"shipping-taxable","12":"purchasable","13":"product-type-simple"},"brands":[{"id":97,"name":"COMPRESSPORT","slug":"compressport"}],"_links":{"self":[{"href":"https:\/\/rrunning.tribalt.agency\/index.php?rest_route=\/wp\/v2\/product\/1948","targetHints":{"allow":["GET"]}}],"collection":[{"href":"https:\/\/rrunning.tribalt.agency\/index.php?rest_route=\/wp\/v2\/product"}],"about":[{"href":"https:\/\/rrunning.tribalt.agency\/index.php?rest_route=\/wp\/v2\/types\/product"}],"wp:featuredmedia":[{"embeddable":true,"href":"https:\/\/rrunning.tribalt.agency\/index.php?rest_route=\/wp\/v2\/media\/1949"}],"wp:attachment":[{"href":"https:\/\/rrunning.tribalt.agency\/index.php?rest_route=%2Fwp%2Fv2%2Fmedia&parent=1948"}],"wp:term":[{"taxonomy":"pwb-brand","embeddable":true,"href":"https:\/\/rrunning.tribalt.agency\/index.php?rest_route=%2Fwp%2Fv2%2Fpwb-brand&post=1948"},{"taxonomy":"product_brand","embeddable":true,"href":"https:\/\/rrunning.tribalt.agency\/index.php?rest_route=%2Fwp%2Fv2%2Fproduct_brand&post=1948"},{"taxonomy":"product_cat","embeddable":true,"href":"https:\/\/rrunning.tribalt.agency\/index.php?rest_route=%2Fwp%2Fv2%2Fproduct_cat&post=1948"},{"taxonomy":"product_tag","embeddable":true,"href":"https:\/\/rrunning.tribalt.agency\/index.php?rest_route=%2Fwp%2Fv2%2Fproduct_tag&post=1948"}],"curies":[{"name":"wp","href":"https:\/\/api.w.org\/{rel}","templated":true}]}}