{"id":1943,"date":"2025-07-02T11:01:08","date_gmt":"2025-07-02T09:01:08","guid":{"rendered":"https:\/\/rrunning.tribalt.agency\/?post_type=product&#038;p=1943"},"modified":"2025-09-01T15:49:03","modified_gmt":"2025-09-01T13:49:03","slug":"ergoflask-300ml-blue","status":"publish","type":"product","link":"https:\/\/rrunning.tribalt.agency\/?product=ergoflask-300ml-blue","title":{"rendered":"ERGOFLASK 300ML BLUE"},"content":{"rendered":"<p class=\"key_benefit_1\">Ouverture large pour un remplissage rapide et efficace aux ravitaillements, associ\u00e9e \u00e0 une valve intuitive pour boire facilement<\/p>\n<p class=\"key_benefit_2\">Volume r\u00e9ductible: le flacon se r\u00e9tr\u00e9cit en buvant pour \u00e9viter les bruits aga\u00e7ants et l'exc\u00e8s de volume dans le sac<\/p>\n<p class=\"key_benefit_3 \">Fabriqu\u00e9e 100% \u00e0 partir de plastique sans BPA ni PVC, la gourde est s\u00fbre et durable. Vous pouvez ainsi l\u2019utiliser, la laver et la r\u00e9utiliser.<\/p>\n","protected":false},"excerpt":{"rendered":"<p>Ouverture large pour un remplissage rapide et efficace aux ravitaillements, associ\u00e9e \u00e0 une valve intuitive pour boire facilement Volume r\u00e9ductible: le flacon se r\u00e9tr\u00e9cit en buvant pour \u00e9viter les bruits aga\u00e7ants et l'exc\u00e8s de volume dans le sac Fabriqu\u00e9e 100% \u00e0 partir de plastique sans BPA ni PVC, la gourde est s\u00fbre et durable. Vous [&hellip;]<\/p>\n","protected":false},"featured_media":1944,"template":"","meta":[],"pwb-brand":[97],"product_brand":[],"product_cat":[34],"product_tag":[],"class_list":{"0":"post-1943","1":"product","2":"type-product","3":"status-publish","4":"has-post-thumbnail","6":"pwb-brand-compressport","7":"product_cat-sac-dhydratation-poche-a-eau","9":"first","10":"instock","11":"shipping-taxable","12":"purchasable","13":"product-type-simple"},"brands":[{"id":97,"name":"COMPRESSPORT","slug":"compressport"}],"_links":{"self":[{"href":"https:\/\/rrunning.tribalt.agency\/index.php?rest_route=\/wp\/v2\/product\/1943","targetHints":{"allow":["GET"]}}],"collection":[{"href":"https:\/\/rrunning.tribalt.agency\/index.php?rest_route=\/wp\/v2\/product"}],"about":[{"href":"https:\/\/rrunning.tribalt.agency\/index.php?rest_route=\/wp\/v2\/types\/product"}],"wp:featuredmedia":[{"embeddable":true,"href":"https:\/\/rrunning.tribalt.agency\/index.php?rest_route=\/wp\/v2\/media\/1944"}],"wp:attachment":[{"href":"https:\/\/rrunning.tribalt.agency\/index.php?rest_route=%2Fwp%2Fv2%2Fmedia&parent=1943"}],"wp:term":[{"taxonomy":"pwb-brand","embeddable":true,"href":"https:\/\/rrunning.tribalt.agency\/index.php?rest_route=%2Fwp%2Fv2%2Fpwb-brand&post=1943"},{"taxonomy":"product_brand","embeddable":true,"href":"https:\/\/rrunning.tribalt.agency\/index.php?rest_route=%2Fwp%2Fv2%2Fproduct_brand&post=1943"},{"taxonomy":"product_cat","embeddable":true,"href":"https:\/\/rrunning.tribalt.agency\/index.php?rest_route=%2Fwp%2Fv2%2Fproduct_cat&post=1943"},{"taxonomy":"product_tag","embeddable":true,"href":"https:\/\/rrunning.tribalt.agency\/index.php?rest_route=%2Fwp%2Fv2%2Fproduct_tag&post=1943"}],"curies":[{"name":"wp","href":"https:\/\/api.w.org\/{rel}","templated":true}]}}