{"id":1937,"date":"2025-07-02T10:59:51","date_gmt":"2025-07-02T08:59:51","guid":{"rendered":"https:\/\/rrunning.tribalt.agency\/?post_type=product&#038;p=1937"},"modified":"2025-09-01T15:48:54","modified_gmt":"2025-09-01T13:48:54","slug":"ergoflask-150ml","status":"publish","type":"product","link":"https:\/\/rrunning.tribalt.agency\/?product=ergoflask-150ml","title":{"rendered":"ERGOFLASK 150ML"},"content":{"rendered":"<p class=\"key_benefit_1\">Son format compact est id\u00e9al pour transporter des solutions de nutrition sp\u00e9cifiques dans votre main ou votre poche lors des entra\u00eenements et des courses intenses.<\/p>\n<p class=\"key_benefit_2\">Base arrondie et ergonomique qui tient confortablement dans la main et s\u2019enroule facilement pour faire sortir son contenu.<\/p>\n<p class=\"key_benefit_3 \">100\u00a0% sans PVC et sans BPA\u00a0: vous pouvez donc l\u2019utiliser, la laver et la r\u00e9utiliser en toute s\u00e9curit\u00e9<\/p>\n","protected":false},"excerpt":{"rendered":"<p>Son format compact est id\u00e9al pour transporter des solutions de nutrition sp\u00e9cifiques dans votre main ou votre poche lors des entra\u00eenements et des courses intenses. Base arrondie et ergonomique qui tient confortablement dans la main et s\u2019enroule facilement pour faire sortir son contenu. 100\u00a0% sans PVC et sans BPA\u00a0: vous pouvez donc l\u2019utiliser, la laver [&hellip;]<\/p>\n","protected":false},"featured_media":1939,"template":"","meta":[],"pwb-brand":[97],"product_brand":[],"product_cat":[34],"product_tag":[],"class_list":{"0":"post-1937","1":"product","2":"type-product","3":"status-publish","4":"has-post-thumbnail","6":"pwb-brand-compressport","7":"product_cat-sac-dhydratation-poche-a-eau","9":"first","10":"instock","11":"shipping-taxable","12":"purchasable","13":"product-type-simple"},"brands":[{"id":97,"name":"COMPRESSPORT","slug":"compressport"}],"_links":{"self":[{"href":"https:\/\/rrunning.tribalt.agency\/index.php?rest_route=\/wp\/v2\/product\/1937","targetHints":{"allow":["GET"]}}],"collection":[{"href":"https:\/\/rrunning.tribalt.agency\/index.php?rest_route=\/wp\/v2\/product"}],"about":[{"href":"https:\/\/rrunning.tribalt.agency\/index.php?rest_route=\/wp\/v2\/types\/product"}],"wp:featuredmedia":[{"embeddable":true,"href":"https:\/\/rrunning.tribalt.agency\/index.php?rest_route=\/wp\/v2\/media\/1939"}],"wp:attachment":[{"href":"https:\/\/rrunning.tribalt.agency\/index.php?rest_route=%2Fwp%2Fv2%2Fmedia&parent=1937"}],"wp:term":[{"taxonomy":"pwb-brand","embeddable":true,"href":"https:\/\/rrunning.tribalt.agency\/index.php?rest_route=%2Fwp%2Fv2%2Fpwb-brand&post=1937"},{"taxonomy":"product_brand","embeddable":true,"href":"https:\/\/rrunning.tribalt.agency\/index.php?rest_route=%2Fwp%2Fv2%2Fproduct_brand&post=1937"},{"taxonomy":"product_cat","embeddable":true,"href":"https:\/\/rrunning.tribalt.agency\/index.php?rest_route=%2Fwp%2Fv2%2Fproduct_cat&post=1937"},{"taxonomy":"product_tag","embeddable":true,"href":"https:\/\/rrunning.tribalt.agency\/index.php?rest_route=%2Fwp%2Fv2%2Fproduct_tag&post=1937"}],"curies":[{"name":"wp","href":"https:\/\/api.w.org\/{rel}","templated":true}]}}