{"id":1931,"date":"2025-07-01T10:40:11","date_gmt":"2025-07-01T08:40:11","guid":{"rendered":"https:\/\/rrunning.tribalt.agency\/?post_type=product&#038;p=1931"},"modified":"2025-09-16T19:18:42","modified_gmt":"2025-09-16T17:18:42","slug":"energy-drink-lime","status":"publish","type":"product","link":"https:\/\/rrunning.tribalt.agency\/?product=energy-drink-lime","title":{"rendered":"ENERGY DRINK LIME"},"content":{"rendered":"<p>Alimentez votre ultra avec une nutrition compl\u00e8te sous forme liquide.<\/p>\n<p>Rafra\u00eechissante, facile \u00e0 dig\u00e9rer et \u00e0 absorption rapide, notre boisson d'effort vous fournit une \u00e9nergie longue dur\u00e9e et tous les nutriments n\u00e9cessaires pour vos d\u00e9fis d'endurance et ultra-endurance.<\/p>\n<p>Un sac de 720g contient 10 portions de 500ml, soit 5L de boisson.\u00a0Une portion de boisson d'effort N\u00e4ak Ultra Energy\u2122 vous apporte 250 calories et\u00a0est compos\u00e9e de 11% d'ingr\u00e9dients revaloris\u00e9s.<\/p>\n","protected":false},"excerpt":{"rendered":"<p>Alimentez votre ultra avec une nutrition compl\u00e8te sous forme liquide. Rafra\u00eechissante, facile \u00e0 dig\u00e9rer et \u00e0 absorption rapide, notre boisson d'effort vous fournit une \u00e9nergie longue dur\u00e9e et tous les nutriments n\u00e9cessaires pour vos d\u00e9fis d'endurance et ultra-endurance. Un sac de 720g contient 10 portions de 500ml, soit 5L de boisson.\u00a0Une portion de boisson d'effort [&hellip;]<\/p>\n","protected":false},"featured_media":1932,"template":"","meta":[],"pwb-brand":[110],"product_brand":[],"product_cat":[84],"product_tag":[],"class_list":{"0":"post-1931","1":"product","2":"type-product","3":"status-publish","4":"has-post-thumbnail","6":"pwb-brand-naak","7":"product_cat-nutrition","9":"first","10":"instock","11":"shipping-taxable","12":"purchasable","13":"product-type-simple"},"brands":[{"id":110,"name":"NAAK","slug":"naak"}],"_links":{"self":[{"href":"https:\/\/rrunning.tribalt.agency\/index.php?rest_route=\/wp\/v2\/product\/1931","targetHints":{"allow":["GET"]}}],"collection":[{"href":"https:\/\/rrunning.tribalt.agency\/index.php?rest_route=\/wp\/v2\/product"}],"about":[{"href":"https:\/\/rrunning.tribalt.agency\/index.php?rest_route=\/wp\/v2\/types\/product"}],"wp:featuredmedia":[{"embeddable":true,"href":"https:\/\/rrunning.tribalt.agency\/index.php?rest_route=\/wp\/v2\/media\/1932"}],"wp:attachment":[{"href":"https:\/\/rrunning.tribalt.agency\/index.php?rest_route=%2Fwp%2Fv2%2Fmedia&parent=1931"}],"wp:term":[{"taxonomy":"pwb-brand","embeddable":true,"href":"https:\/\/rrunning.tribalt.agency\/index.php?rest_route=%2Fwp%2Fv2%2Fpwb-brand&post=1931"},{"taxonomy":"product_brand","embeddable":true,"href":"https:\/\/rrunning.tribalt.agency\/index.php?rest_route=%2Fwp%2Fv2%2Fproduct_brand&post=1931"},{"taxonomy":"product_cat","embeddable":true,"href":"https:\/\/rrunning.tribalt.agency\/index.php?rest_route=%2Fwp%2Fv2%2Fproduct_cat&post=1931"},{"taxonomy":"product_tag","embeddable":true,"href":"https:\/\/rrunning.tribalt.agency\/index.php?rest_route=%2Fwp%2Fv2%2Fproduct_tag&post=1931"}],"curies":[{"name":"wp","href":"https:\/\/api.w.org\/{rel}","templated":true}]}}