{"id":1927,"date":"2025-07-01T10:37:06","date_gmt":"2025-07-01T08:37:06","guid":{"rendered":"https:\/\/rrunning.tribalt.agency\/?post_type=product&#038;p=1927"},"modified":"2025-07-01T10:38:55","modified_gmt":"2025-07-01T08:38:55","slug":"caramel-sale-gaufres-ultra-energy-unite","status":"publish","type":"product","link":"https:\/\/rrunning.tribalt.agency\/?product=caramel-sale-gaufres-ultra-energy-unite","title":{"rendered":"CARAMEL SAL\u00c9 - GAUFRES ULTRA ENERGY\u2122 UNITE"},"content":{"rendered":"<p>Les gaufres sont la collation parfaite et naturelle pour votre prochaine course en sentier, sortie \u00e0 v\u00e9lo ou activit\u00e9 de plein air. Alimentez vos longues journ\u00e9es d'entra\u00eenement ou d\u00e9gustez avec votre caf\u00e9 du matin.<\/p>\n","protected":false},"excerpt":{"rendered":"<p>Les gaufres sont la collation parfaite et naturelle pour votre prochaine course en sentier, sortie \u00e0 v\u00e9lo ou activit\u00e9 de plein air. Alimentez vos longues journ\u00e9es d'entra\u00eenement ou d\u00e9gustez avec votre caf\u00e9 du matin.<\/p>\n","protected":false},"featured_media":1928,"template":"","meta":[],"pwb-brand":[110],"product_brand":[],"product_cat":[84],"product_tag":[],"class_list":{"0":"post-1927","1":"product","2":"type-product","3":"status-publish","4":"has-post-thumbnail","6":"pwb-brand-naak","7":"product_cat-nutrition","9":"first","10":"instock","11":"shipping-taxable","12":"purchasable","13":"product-type-simple"},"brands":[{"id":110,"name":"NAAK","slug":"naak"}],"_links":{"self":[{"href":"https:\/\/rrunning.tribalt.agency\/index.php?rest_route=\/wp\/v2\/product\/1927","targetHints":{"allow":["GET"]}}],"collection":[{"href":"https:\/\/rrunning.tribalt.agency\/index.php?rest_route=\/wp\/v2\/product"}],"about":[{"href":"https:\/\/rrunning.tribalt.agency\/index.php?rest_route=\/wp\/v2\/types\/product"}],"wp:featuredmedia":[{"embeddable":true,"href":"https:\/\/rrunning.tribalt.agency\/index.php?rest_route=\/wp\/v2\/media\/1928"}],"wp:attachment":[{"href":"https:\/\/rrunning.tribalt.agency\/index.php?rest_route=%2Fwp%2Fv2%2Fmedia&parent=1927"}],"wp:term":[{"taxonomy":"pwb-brand","embeddable":true,"href":"https:\/\/rrunning.tribalt.agency\/index.php?rest_route=%2Fwp%2Fv2%2Fpwb-brand&post=1927"},{"taxonomy":"product_brand","embeddable":true,"href":"https:\/\/rrunning.tribalt.agency\/index.php?rest_route=%2Fwp%2Fv2%2Fproduct_brand&post=1927"},{"taxonomy":"product_cat","embeddable":true,"href":"https:\/\/rrunning.tribalt.agency\/index.php?rest_route=%2Fwp%2Fv2%2Fproduct_cat&post=1927"},{"taxonomy":"product_tag","embeddable":true,"href":"https:\/\/rrunning.tribalt.agency\/index.php?rest_route=%2Fwp%2Fv2%2Fproduct_tag&post=1927"}],"curies":[{"name":"wp","href":"https:\/\/api.w.org\/{rel}","templated":true}]}}