{"id":1925,"date":"2025-07-01T10:36:02","date_gmt":"2025-07-01T08:36:02","guid":{"rendered":"https:\/\/rrunning.tribalt.agency\/?post_type=product&#038;p=1925"},"modified":"2025-07-01T10:36:41","modified_gmt":"2025-07-01T08:36:41","slug":"caramel-macchiato-barre-caffeinee-ultra-energy-50g","status":"publish","type":"product","link":"https:\/\/rrunning.tribalt.agency\/?product=caramel-macchiato-barre-caffeinee-ultra-energy-50g","title":{"rendered":"CARAMEL MACCHIATO - BARRE CAFF\u00c9IN\u00c9E ULTRA ENERGY 50G"},"content":{"rendered":"<p>Un caramel doux et onctueux et un go\u00fbt sucr\u00e9 et cr\u00e9meux se m\u00e9langent pour former la barre caf\u00e9ine Caramel Macchiato. Emportez votre caf\u00e9 pr\u00e9f\u00e9r\u00e9 partout et laissez vos papilles gustatives s'enflammer tout en profitant de l'apport suppl\u00e9mentaire de caf\u00e9ine. Savourez-la avant ou pendant l'exercice et faites le plein d'\u00e9nergie pour votre prochaine aventure.<\/p>\n","protected":false},"excerpt":{"rendered":"<p>Un caramel doux et onctueux et un go\u00fbt sucr\u00e9 et cr\u00e9meux se m\u00e9langent pour former la barre caf\u00e9ine Caramel Macchiato. Emportez votre caf\u00e9 pr\u00e9f\u00e9r\u00e9 partout et laissez vos papilles gustatives s'enflammer tout en profitant de l'apport suppl\u00e9mentaire de caf\u00e9ine. Savourez-la avant ou pendant l'exercice et faites le plein d'\u00e9nergie pour votre prochaine aventure.<\/p>\n","protected":false},"featured_media":1926,"template":"","meta":[],"pwb-brand":[110],"product_brand":[],"product_cat":[84],"product_tag":[],"class_list":{"0":"post-1925","1":"product","2":"type-product","3":"status-publish","4":"has-post-thumbnail","6":"pwb-brand-naak","7":"product_cat-nutrition","9":"first","10":"instock","11":"shipping-taxable","12":"purchasable","13":"product-type-simple"},"brands":[{"id":110,"name":"NAAK","slug":"naak"}],"_links":{"self":[{"href":"https:\/\/rrunning.tribalt.agency\/index.php?rest_route=\/wp\/v2\/product\/1925","targetHints":{"allow":["GET"]}}],"collection":[{"href":"https:\/\/rrunning.tribalt.agency\/index.php?rest_route=\/wp\/v2\/product"}],"about":[{"href":"https:\/\/rrunning.tribalt.agency\/index.php?rest_route=\/wp\/v2\/types\/product"}],"wp:featuredmedia":[{"embeddable":true,"href":"https:\/\/rrunning.tribalt.agency\/index.php?rest_route=\/wp\/v2\/media\/1926"}],"wp:attachment":[{"href":"https:\/\/rrunning.tribalt.agency\/index.php?rest_route=%2Fwp%2Fv2%2Fmedia&parent=1925"}],"wp:term":[{"taxonomy":"pwb-brand","embeddable":true,"href":"https:\/\/rrunning.tribalt.agency\/index.php?rest_route=%2Fwp%2Fv2%2Fpwb-brand&post=1925"},{"taxonomy":"product_brand","embeddable":true,"href":"https:\/\/rrunning.tribalt.agency\/index.php?rest_route=%2Fwp%2Fv2%2Fproduct_brand&post=1925"},{"taxonomy":"product_cat","embeddable":true,"href":"https:\/\/rrunning.tribalt.agency\/index.php?rest_route=%2Fwp%2Fv2%2Fproduct_cat&post=1925"},{"taxonomy":"product_tag","embeddable":true,"href":"https:\/\/rrunning.tribalt.agency\/index.php?rest_route=%2Fwp%2Fv2%2Fproduct_tag&post=1925"}],"curies":[{"name":"wp","href":"https:\/\/api.w.org\/{rel}","templated":true}]}}