{"id":1923,"date":"2025-07-01T10:24:36","date_gmt":"2025-07-01T08:24:36","guid":{"rendered":"https:\/\/rrunning.tribalt.agency\/?post_type=product&#038;p=1923"},"modified":"2025-07-01T10:25:39","modified_gmt":"2025-07-01T08:25:39","slug":"boost-energy-gel-neutre","status":"publish","type":"product","link":"https:\/\/rrunning.tribalt.agency\/?product=boost-energy-gel-neutre","title":{"rendered":"BOOST ENERGY GEL - NEUTRE"},"content":{"rendered":"<p>Boostez votre performance avec le gel N\u00e4ak Boost Energy\u2122, le carburant \u00e9co-responsable riche en glucides.<\/p>\n<p>Pens\u00e9 pour les efforts intenses, chaque gel fournit 25g de glucides pour vous aider \u00e0 aller plus vite et \u00e0 repousser vos limites, et 185mg d\u2019\u00e9lectrolytes pour compenser les min\u00e9raux perdus dans la sueur.<\/p>\n<p>Sa texture fondante et fluide est facile \u00e0 avaler \u00e0 haute intensit\u00e9 et son go\u00fbt neutre aide \u00e0 \u00e9viter la fatigue gustative.<\/p>\n","protected":false},"excerpt":{"rendered":"<p>Boostez votre performance avec le gel N\u00e4ak Boost Energy\u2122, le carburant \u00e9co-responsable riche en glucides. Pens\u00e9 pour les efforts intenses, chaque gel fournit 25g de glucides pour vous aider \u00e0 aller plus vite et \u00e0 repousser vos limites, et 185mg d\u2019\u00e9lectrolytes pour compenser les min\u00e9raux perdus dans la sueur. Sa texture fondante et fluide est [&hellip;]<\/p>\n","protected":false},"featured_media":1924,"template":"","meta":[],"pwb-brand":[110],"product_brand":[],"product_cat":[84],"product_tag":[],"class_list":{"0":"post-1923","1":"product","2":"type-product","3":"status-publish","4":"has-post-thumbnail","6":"pwb-brand-naak","7":"product_cat-nutrition","9":"first","10":"instock","11":"shipping-taxable","12":"purchasable","13":"product-type-simple"},"brands":[{"id":110,"name":"NAAK","slug":"naak"}],"_links":{"self":[{"href":"https:\/\/rrunning.tribalt.agency\/index.php?rest_route=\/wp\/v2\/product\/1923","targetHints":{"allow":["GET"]}}],"collection":[{"href":"https:\/\/rrunning.tribalt.agency\/index.php?rest_route=\/wp\/v2\/product"}],"about":[{"href":"https:\/\/rrunning.tribalt.agency\/index.php?rest_route=\/wp\/v2\/types\/product"}],"wp:featuredmedia":[{"embeddable":true,"href":"https:\/\/rrunning.tribalt.agency\/index.php?rest_route=\/wp\/v2\/media\/1924"}],"wp:attachment":[{"href":"https:\/\/rrunning.tribalt.agency\/index.php?rest_route=%2Fwp%2Fv2%2Fmedia&parent=1923"}],"wp:term":[{"taxonomy":"pwb-brand","embeddable":true,"href":"https:\/\/rrunning.tribalt.agency\/index.php?rest_route=%2Fwp%2Fv2%2Fpwb-brand&post=1923"},{"taxonomy":"product_brand","embeddable":true,"href":"https:\/\/rrunning.tribalt.agency\/index.php?rest_route=%2Fwp%2Fv2%2Fproduct_brand&post=1923"},{"taxonomy":"product_cat","embeddable":true,"href":"https:\/\/rrunning.tribalt.agency\/index.php?rest_route=%2Fwp%2Fv2%2Fproduct_cat&post=1923"},{"taxonomy":"product_tag","embeddable":true,"href":"https:\/\/rrunning.tribalt.agency\/index.php?rest_route=%2Fwp%2Fv2%2Fproduct_tag&post=1923"}],"curies":[{"name":"wp","href":"https:\/\/api.w.org\/{rel}","templated":true}]}}