{"id":1921,"date":"2025-07-01T10:23:16","date_gmt":"2025-07-01T08:23:16","guid":{"rendered":"https:\/\/rrunning.tribalt.agency\/?post_type=product&#038;p=1921"},"modified":"2025-07-01T10:24:29","modified_gmt":"2025-07-01T08:24:29","slug":"boost-energy-drink-mix-neutre-12-packets","status":"publish","type":"product","link":"https:\/\/rrunning.tribalt.agency\/?product=boost-energy-drink-mix-neutre-12-packets","title":{"rendered":"BOOST ENERGY DRINK MIX - NEUTRE 12 PACKETS"},"content":{"rendered":"<p>Boostez votre performance avec la boisson d'effort N\u00e4ak Boost Energy\u2122, le carburant \u00e9co-responsable riche en glucides.<\/p>\n<p>Plus fort. Plus vite. Pens\u00e9 pour les efforts intenses, chaque sachet vous fournit 60g de glucides pour vous aider \u00e0 repousser vos limites, et 400mg d'\u00e9lectrolytes pour compenser les min\u00e9raux perdus dans la sueur.<\/p>\n<p>Son profil non aromatis\u00e9 permet d'\u00e9viter la fatigue gustative pendant vos courses et entrainements.<\/p>\n","protected":false},"excerpt":{"rendered":"<p>Boostez votre performance avec la boisson d'effort N\u00e4ak Boost Energy\u2122, le carburant \u00e9co-responsable riche en glucides. Plus fort. Plus vite. Pens\u00e9 pour les efforts intenses, chaque sachet vous fournit 60g de glucides pour vous aider \u00e0 repousser vos limites, et 400mg d'\u00e9lectrolytes pour compenser les min\u00e9raux perdus dans la sueur. Son profil non aromatis\u00e9 permet [&hellip;]<\/p>\n","protected":false},"featured_media":1922,"template":"","meta":[],"pwb-brand":[110],"product_brand":[],"product_cat":[84],"product_tag":[],"class_list":{"0":"post-1921","1":"product","2":"type-product","3":"status-publish","4":"has-post-thumbnail","6":"pwb-brand-naak","7":"product_cat-nutrition","9":"first","10":"instock","11":"shipping-taxable","12":"purchasable","13":"product-type-simple"},"brands":[{"id":110,"name":"NAAK","slug":"naak"}],"_links":{"self":[{"href":"https:\/\/rrunning.tribalt.agency\/index.php?rest_route=\/wp\/v2\/product\/1921","targetHints":{"allow":["GET"]}}],"collection":[{"href":"https:\/\/rrunning.tribalt.agency\/index.php?rest_route=\/wp\/v2\/product"}],"about":[{"href":"https:\/\/rrunning.tribalt.agency\/index.php?rest_route=\/wp\/v2\/types\/product"}],"wp:featuredmedia":[{"embeddable":true,"href":"https:\/\/rrunning.tribalt.agency\/index.php?rest_route=\/wp\/v2\/media\/1922"}],"wp:attachment":[{"href":"https:\/\/rrunning.tribalt.agency\/index.php?rest_route=%2Fwp%2Fv2%2Fmedia&parent=1921"}],"wp:term":[{"taxonomy":"pwb-brand","embeddable":true,"href":"https:\/\/rrunning.tribalt.agency\/index.php?rest_route=%2Fwp%2Fv2%2Fpwb-brand&post=1921"},{"taxonomy":"product_brand","embeddable":true,"href":"https:\/\/rrunning.tribalt.agency\/index.php?rest_route=%2Fwp%2Fv2%2Fproduct_brand&post=1921"},{"taxonomy":"product_cat","embeddable":true,"href":"https:\/\/rrunning.tribalt.agency\/index.php?rest_route=%2Fwp%2Fv2%2Fproduct_cat&post=1921"},{"taxonomy":"product_tag","embeddable":true,"href":"https:\/\/rrunning.tribalt.agency\/index.php?rest_route=%2Fwp%2Fv2%2Fproduct_tag&post=1921"}],"curies":[{"name":"wp","href":"https:\/\/api.w.org\/{rel}","templated":true}]}}