{"id":1913,"date":"2025-07-01T10:15:17","date_gmt":"2025-07-01T08:15:17","guid":{"rendered":"https:\/\/rrunning.tribalt.agency\/?post_type=product&#038;p=1913"},"modified":"2025-07-01T10:16:50","modified_gmt":"2025-07-01T08:16:50","slug":"banane-chocolat-barre-ultra-energy","status":"publish","type":"product","link":"https:\/\/rrunning.tribalt.agency\/?product=banane-chocolat-barre-ultra-energy","title":{"rendered":"BEURRE D'ARACHIDE &#038; CHOCOLAT - BARRE ULTRA ENERGY 50G"},"content":{"rendered":"<p>La barre N\u00e4ak Ultra Energy\u2122 fournit la nutrition dont vous avez besoin pour tenir le coup pendant une longue p\u00e9riode. Aliment\u00e9e par 7 g de prot\u00e9ines durables et de haute qualit\u00e9, des ingr\u00e9dients sans OGM et un go\u00fbt d\u00e9licieux, c'est l'en-cas id\u00e9al \u00e0 emporter pour alimenter votre aventure, une longue s\u00e9ance d'entra\u00eenement ou une course.<\/p>\n","protected":false},"excerpt":{"rendered":"<p>La barre N\u00e4ak Ultra Energy\u2122 fournit la nutrition dont vous avez besoin pour tenir le coup pendant une longue p\u00e9riode. Aliment\u00e9e par 7 g de prot\u00e9ines durables et de haute qualit\u00e9, des ingr\u00e9dients sans OGM et un go\u00fbt d\u00e9licieux, c'est l'en-cas id\u00e9al \u00e0 emporter pour alimenter votre aventure, une longue s\u00e9ance d'entra\u00eenement ou une course.<\/p>\n","protected":false},"featured_media":1915,"template":"","meta":[],"pwb-brand":[110],"product_brand":[],"product_cat":[84],"product_tag":[],"class_list":{"0":"post-1913","1":"product","2":"type-product","3":"status-publish","4":"has-post-thumbnail","6":"pwb-brand-naak","7":"product_cat-nutrition","9":"first","10":"instock","11":"shipping-taxable","12":"purchasable","13":"product-type-simple"},"brands":[{"id":110,"name":"NAAK","slug":"naak"}],"_links":{"self":[{"href":"https:\/\/rrunning.tribalt.agency\/index.php?rest_route=\/wp\/v2\/product\/1913","targetHints":{"allow":["GET"]}}],"collection":[{"href":"https:\/\/rrunning.tribalt.agency\/index.php?rest_route=\/wp\/v2\/product"}],"about":[{"href":"https:\/\/rrunning.tribalt.agency\/index.php?rest_route=\/wp\/v2\/types\/product"}],"wp:featuredmedia":[{"embeddable":true,"href":"https:\/\/rrunning.tribalt.agency\/index.php?rest_route=\/wp\/v2\/media\/1915"}],"wp:attachment":[{"href":"https:\/\/rrunning.tribalt.agency\/index.php?rest_route=%2Fwp%2Fv2%2Fmedia&parent=1913"}],"wp:term":[{"taxonomy":"pwb-brand","embeddable":true,"href":"https:\/\/rrunning.tribalt.agency\/index.php?rest_route=%2Fwp%2Fv2%2Fpwb-brand&post=1913"},{"taxonomy":"product_brand","embeddable":true,"href":"https:\/\/rrunning.tribalt.agency\/index.php?rest_route=%2Fwp%2Fv2%2Fproduct_brand&post=1913"},{"taxonomy":"product_cat","embeddable":true,"href":"https:\/\/rrunning.tribalt.agency\/index.php?rest_route=%2Fwp%2Fv2%2Fproduct_cat&post=1913"},{"taxonomy":"product_tag","embeddable":true,"href":"https:\/\/rrunning.tribalt.agency\/index.php?rest_route=%2Fwp%2Fv2%2Fproduct_tag&post=1913"}],"curies":[{"name":"wp","href":"https:\/\/api.w.org\/{rel}","templated":true}]}}