{"id":1905,"date":"2025-07-01T09:19:05","date_gmt":"2025-07-01T07:19:05","guid":{"rendered":"https:\/\/rrunning.tribalt.agency\/?post_type=product&#038;p=1905"},"modified":"2025-07-01T09:21:38","modified_gmt":"2025-07-01T07:21:38","slug":"ultra-trail-socks-v2-0-white-fluo-red","status":"publish","type":"product","link":"https:\/\/rrunning.tribalt.agency\/?product=ultra-trail-socks-v2-0-white-fluo-red","title":{"rendered":"ULTRA TRAIL SOCKS V2.0 WHITE\/FLUO RED"},"content":{"rendered":"<p>Stabilit\u00e9. Amorti. Confort. Les chaussettes Ultra Trail Sock 2.0 rassemblent trois qualit\u00e9s cl\u00e9s dans un tout nouveau mod\u00e8le pour vous transporter jusqu\u2019\u00e0 la ligne d\u2019arriv\u00e9e de votre prochain ultra-marathon. Con\u00e7ues pour r\u00e9sister aux terrains les plus difficiles et les plus irr\u00e9guliers des grandes courses de trail mondiales, ces chaussettes haute technologie poss\u00e8dent une zone des orteils renforc\u00e9e et rembourr\u00e9e en tissu \u00e9ponge pour prot\u00e9ger les orteils et les ongles lors des descentes acharn\u00e9es. Le tissu \u00e9ponge s\u2019\u00e9tend sous le pied et jusqu\u2019en haut de la cheville, avec des bandes plus \u00e9paisses pour absorber encore mieux les impacts et la pression de vos chaussures quand vous courez. Le maintien \u00e0 360\u00b0 de la vo\u00fbte plantaire offre une compression de qualit\u00e9 m\u00e9dicale pour am\u00e9liorer la circulation sanguine et retarder la fatigue, tout en emp\u00eachant le tissu de se tordre et de causer des ampoules. Un nouvel X-strap a \u00e9t\u00e9 sp\u00e9cifiquement d\u00e9velopp\u00e9 pour am\u00e9liorer la stabilit\u00e9 sur terrain rocheux, enveloppant fermement votre cheville pour un soutien sans faille. Fonctionnant en duo avec le maintien de la vo\u00fbte plantaire, sa compression cibl\u00e9e am\u00e9liore encore la microcirculation pour vous permettre de courir sans douleur jusqu\u2019au bout de la nuit. Les chaussettes ne seraient pas compl\u00e8tes sans les points signature de Compressport, strat\u00e9giquement plac\u00e9s sur les mall\u00e9oles et jusqu\u2019au p\u00e9ron\u00e9 pour vous prot\u00e9ger des pieds qui d\u00e9collent et des pierres. Deux rang\u00e9es de points \u00e0 l\u2019arri\u00e8re des chaussettes offrent un soutien suppl\u00e9mentaire au tendon d\u2019Achille sensible. Enfin, le maillage technique sur le dessus du pied et le puits de ventilation reste l\u00e9ger et respirant, \u00e9vacuant rapidement la sueur pour vous apporter le confort et la fra\u00eecheur dont vous avez besoin lors des courses les plus difficiles de votre vie. Inspirez-vous de nos pros et optez pour ces chaussettes de trail mi-mollet pour relever votre prochain d\u00e9fi en montagne.<\/p>\n","protected":false},"excerpt":{"rendered":"<p>Stabilit\u00e9. Amorti. Confort. Les chaussettes Ultra Trail Sock 2.0 rassemblent trois qualit\u00e9s cl\u00e9s dans un tout nouveau mod\u00e8le pour vous transporter jusqu\u2019\u00e0 la ligne d\u2019arriv\u00e9e de votre prochain ultra-marathon. Con\u00e7ues pour r\u00e9sister aux terrains les plus difficiles et les plus irr\u00e9guliers des grandes courses de trail mondiales, ces chaussettes haute technologie poss\u00e8dent une zone des [&hellip;]<\/p>\n","protected":false},"featured_media":1906,"template":"","meta":[],"pwb-brand":[97],"product_brand":[],"product_cat":[28],"product_tag":[],"class_list":{"0":"post-1905","1":"product","2":"type-product","3":"status-publish","4":"has-post-thumbnail","6":"pwb-brand-compressport","7":"product_cat-chaussettes","9":"first","10":"instock","11":"shipping-taxable","12":"purchasable","13":"product-type-simple"},"brands":[{"id":97,"name":"COMPRESSPORT","slug":"compressport"}],"_links":{"self":[{"href":"https:\/\/rrunning.tribalt.agency\/index.php?rest_route=\/wp\/v2\/product\/1905","targetHints":{"allow":["GET"]}}],"collection":[{"href":"https:\/\/rrunning.tribalt.agency\/index.php?rest_route=\/wp\/v2\/product"}],"about":[{"href":"https:\/\/rrunning.tribalt.agency\/index.php?rest_route=\/wp\/v2\/types\/product"}],"wp:featuredmedia":[{"embeddable":true,"href":"https:\/\/rrunning.tribalt.agency\/index.php?rest_route=\/wp\/v2\/media\/1906"}],"wp:attachment":[{"href":"https:\/\/rrunning.tribalt.agency\/index.php?rest_route=%2Fwp%2Fv2%2Fmedia&parent=1905"}],"wp:term":[{"taxonomy":"pwb-brand","embeddable":true,"href":"https:\/\/rrunning.tribalt.agency\/index.php?rest_route=%2Fwp%2Fv2%2Fpwb-brand&post=1905"},{"taxonomy":"product_brand","embeddable":true,"href":"https:\/\/rrunning.tribalt.agency\/index.php?rest_route=%2Fwp%2Fv2%2Fproduct_brand&post=1905"},{"taxonomy":"product_cat","embeddable":true,"href":"https:\/\/rrunning.tribalt.agency\/index.php?rest_route=%2Fwp%2Fv2%2Fproduct_cat&post=1905"},{"taxonomy":"product_tag","embeddable":true,"href":"https:\/\/rrunning.tribalt.agency\/index.php?rest_route=%2Fwp%2Fv2%2Fproduct_tag&post=1905"}],"curies":[{"name":"wp","href":"https:\/\/api.w.org\/{rel}","templated":true}]}}