{"id":1903,"date":"2025-07-01T09:18:12","date_gmt":"2025-07-01T07:18:12","guid":{"rendered":"https:\/\/rrunning.tribalt.agency\/?post_type=product&#038;p=1903"},"modified":"2025-07-01T09:21:55","modified_gmt":"2025-07-01T07:21:55","slug":"ultra-trail-socks-black","status":"publish","type":"product","link":"https:\/\/rrunning.tribalt.agency\/?product=ultra-trail-socks-black","title":{"rendered":"ULTRA TRAIL SOCKS BLACK"},"content":{"rendered":"<p>Jordi, Diego et Seb peuvent vous le confirmer, 160 bornes c'est long\u2026 et c'est encore plus long si vos pieds sont en lambeaux. Dessin\u00e9es \u00e0 la base pour affronter les caprices de l'UTMB, nous vous pardonnerons de porter les Ultra-Trail\u00ae Socks sur d'autres ultras \u00e0 travers le monde. Sur la base du mod\u00e8le trail standard, cette chaussette Ultra-Trail\u00ae est dot\u00e9e d'un strap renforc\u00e9 pour plus de stabilit\u00e9 et un meilleur soutien du tendon d'Achille. Les 3D.dots en surnombre viennent absorber un maximum de vibrations dans des terrains techniques et vari\u00e9s tout en prot\u00e9geant des potentiels h\u00e9matomes d\u00fbs \u00e0 des pieds volants. La zone d'orteils est particuli\u00e8rement renforc\u00e9e et rembourr\u00e9e pour pr\u00e9server les orteils et ongles lors de descentes vertigineuses. Au milieu et \u00e0 l'avant du pied, les dots combin\u00e9s \u00e0 un support de vo\u00fbte plantaire emp\u00eachent le tissu de glisser, r\u00e9duisant ainsi le risque d'\u00e9chauffement et augmentant la stabilit\u00e9 et la proprioception. Une compression cibl\u00e9e stimule la circulation sanguine et retarde la fatigue si vous courez toute la nuit. Faites comme les pros et domptez les terrains les plus sauvages avec notre Ultra-Trail\u00ae Sock, mod\u00e8le noir \u00e9l\u00e9gance!<\/p>\n","protected":false},"excerpt":{"rendered":"<p>Jordi, Diego et Seb peuvent vous le confirmer, 160 bornes c'est long\u2026 et c'est encore plus long si vos pieds sont en lambeaux. Dessin\u00e9es \u00e0 la base pour affronter les caprices de l'UTMB, nous vous pardonnerons de porter les Ultra-Trail\u00ae Socks sur d'autres ultras \u00e0 travers le monde. Sur la base du mod\u00e8le trail standard, [&hellip;]<\/p>\n","protected":false},"featured_media":1904,"template":"","meta":[],"pwb-brand":[97],"product_brand":[],"product_cat":[28],"product_tag":[],"class_list":{"0":"post-1903","1":"product","2":"type-product","3":"status-publish","4":"has-post-thumbnail","6":"pwb-brand-compressport","7":"product_cat-chaussettes","9":"first","10":"instock","11":"shipping-taxable","12":"purchasable","13":"product-type-simple"},"brands":[{"id":97,"name":"COMPRESSPORT","slug":"compressport"}],"_links":{"self":[{"href":"https:\/\/rrunning.tribalt.agency\/index.php?rest_route=\/wp\/v2\/product\/1903","targetHints":{"allow":["GET"]}}],"collection":[{"href":"https:\/\/rrunning.tribalt.agency\/index.php?rest_route=\/wp\/v2\/product"}],"about":[{"href":"https:\/\/rrunning.tribalt.agency\/index.php?rest_route=\/wp\/v2\/types\/product"}],"wp:featuredmedia":[{"embeddable":true,"href":"https:\/\/rrunning.tribalt.agency\/index.php?rest_route=\/wp\/v2\/media\/1904"}],"wp:attachment":[{"href":"https:\/\/rrunning.tribalt.agency\/index.php?rest_route=%2Fwp%2Fv2%2Fmedia&parent=1903"}],"wp:term":[{"taxonomy":"pwb-brand","embeddable":true,"href":"https:\/\/rrunning.tribalt.agency\/index.php?rest_route=%2Fwp%2Fv2%2Fpwb-brand&post=1903"},{"taxonomy":"product_brand","embeddable":true,"href":"https:\/\/rrunning.tribalt.agency\/index.php?rest_route=%2Fwp%2Fv2%2Fproduct_brand&post=1903"},{"taxonomy":"product_cat","embeddable":true,"href":"https:\/\/rrunning.tribalt.agency\/index.php?rest_route=%2Fwp%2Fv2%2Fproduct_cat&post=1903"},{"taxonomy":"product_tag","embeddable":true,"href":"https:\/\/rrunning.tribalt.agency\/index.php?rest_route=%2Fwp%2Fv2%2Fproduct_tag&post=1903"}],"curies":[{"name":"wp","href":"https:\/\/api.w.org\/{rel}","templated":true}]}}