{"id":1901,"date":"2025-07-01T09:17:26","date_gmt":"2025-07-01T07:17:26","guid":{"rendered":"https:\/\/rrunning.tribalt.agency\/?post_type=product&#038;p=1901"},"modified":"2025-07-01T09:22:11","modified_gmt":"2025-07-01T07:22:11","slug":"ultra-trail-low-socks-white-safe-yellow","status":"publish","type":"product","link":"https:\/\/rrunning.tribalt.agency\/?product=ultra-trail-low-socks-white-safe-yellow","title":{"rendered":"ULTRA TRAIL LOW SOCKS WHITE\/SAFE YELLOW"},"content":{"rendered":"<p>Lorsque le sentier exige de la stabilit\u00e9, de l\u2019amorti et une fra\u00eecheur bienvenue, nous r\u00e9pondons avec nos chaussettes Ultra Trail Low Cut Sock\u00a0: les chaussettes de performance id\u00e9ales pour les coureurs de trail qui ont besoin de confort et de soutien face aux difficult\u00e9s du parcours. Dot\u00e9es des m\u00eames caract\u00e9ristiques haute technologie que leur \u00e9quivalent \u00ab\u00a0crew-cut\u00a0\u00bb, ces chaussettes de running basses ont \u00e9t\u00e9 renforc\u00e9es sur la zone des orteils en tissu \u00e9ponge pour vous prot\u00e9ger des plaies aux orteils et aux ongles lors des descentes techniques. Les bandes en tissu \u00e9ponge plus \u00e9paisses sous le pied et \u00e0 la base du tendon d\u2019Achille absorbent les chocs sur le terrain et r\u00e9duisent la pression de vos chaussures de running. Le maintien \u00e0 360\u00b0 de la vo\u00fbte plantaire offre une compression cibl\u00e9e pour am\u00e9liorer la circulation sanguine et repousser la fatigue, tout en emp\u00eachant le tissu de se tordre et de causer des ampoules. Le nouvel X-strap a sp\u00e9cifiquement \u00e9t\u00e9 d\u00e9velopp\u00e9 pour am\u00e9liorer la stabilit\u00e9 sur terrain rocheux, enveloppant fermement votre cheville pour un soutien sans faille. Sa compression l\u00e9g\u00e8re associ\u00e9e au soutien de la vo\u00fbte plantaire permet d\u2019am\u00e9liorer votre performance lorsque les heures s\u2019accumulent. Les points techniques sous le pied augmentent le flux d\u2019air et l\u2019adh\u00e9rence dans la chaussure tandis que les gros ronds en tissu \u00e9ponge au niveau des mall\u00e9oles vous prot\u00e8gent lorsque vos pieds d\u00e9collent du sol ou que vous courez sur des pierres dans les sections techniques. Gr\u00e2ce au maillage sur le dessus du pied qui \u00e9vacue la transpiration, les chaussettes Ultra Trail Low Cut Sock sont id\u00e9ales par temps chaud ou en combinaison avec des manchons pour mollets Compressport pour vous offrir tout le soutien dont vous avez besoin lors des trails les plus exigeants.<\/p>\n","protected":false},"excerpt":{"rendered":"<p>Lorsque le sentier exige de la stabilit\u00e9, de l\u2019amorti et une fra\u00eecheur bienvenue, nous r\u00e9pondons avec nos chaussettes Ultra Trail Low Cut Sock\u00a0: les chaussettes de performance id\u00e9ales pour les coureurs de trail qui ont besoin de confort et de soutien face aux difficult\u00e9s du parcours. Dot\u00e9es des m\u00eames caract\u00e9ristiques haute technologie que leur \u00e9quivalent [&hellip;]<\/p>\n","protected":false},"featured_media":1902,"template":"","meta":[],"pwb-brand":[97],"product_brand":[],"product_cat":[28],"product_tag":[],"class_list":{"0":"post-1901","1":"product","2":"type-product","3":"status-publish","4":"has-post-thumbnail","6":"pwb-brand-compressport","7":"product_cat-chaussettes","9":"first","10":"instock","11":"shipping-taxable","12":"purchasable","13":"product-type-simple"},"brands":[{"id":97,"name":"COMPRESSPORT","slug":"compressport"}],"_links":{"self":[{"href":"https:\/\/rrunning.tribalt.agency\/index.php?rest_route=\/wp\/v2\/product\/1901","targetHints":{"allow":["GET"]}}],"collection":[{"href":"https:\/\/rrunning.tribalt.agency\/index.php?rest_route=\/wp\/v2\/product"}],"about":[{"href":"https:\/\/rrunning.tribalt.agency\/index.php?rest_route=\/wp\/v2\/types\/product"}],"wp:featuredmedia":[{"embeddable":true,"href":"https:\/\/rrunning.tribalt.agency\/index.php?rest_route=\/wp\/v2\/media\/1902"}],"wp:attachment":[{"href":"https:\/\/rrunning.tribalt.agency\/index.php?rest_route=%2Fwp%2Fv2%2Fmedia&parent=1901"}],"wp:term":[{"taxonomy":"pwb-brand","embeddable":true,"href":"https:\/\/rrunning.tribalt.agency\/index.php?rest_route=%2Fwp%2Fv2%2Fpwb-brand&post=1901"},{"taxonomy":"product_brand","embeddable":true,"href":"https:\/\/rrunning.tribalt.agency\/index.php?rest_route=%2Fwp%2Fv2%2Fproduct_brand&post=1901"},{"taxonomy":"product_cat","embeddable":true,"href":"https:\/\/rrunning.tribalt.agency\/index.php?rest_route=%2Fwp%2Fv2%2Fproduct_cat&post=1901"},{"taxonomy":"product_tag","embeddable":true,"href":"https:\/\/rrunning.tribalt.agency\/index.php?rest_route=%2Fwp%2Fv2%2Fproduct_tag&post=1901"}],"curies":[{"name":"wp","href":"https:\/\/api.w.org\/{rel}","templated":true}]}}