{"id":1888,"date":"2025-07-01T09:06:57","date_gmt":"2025-07-01T07:06:57","guid":{"rendered":"https:\/\/rrunning.tribalt.agency\/?post_type=product&#038;p=1888"},"modified":"2025-07-01T09:09:02","modified_gmt":"2025-07-01T07:09:02","slug":"r2-3-0-white-black","status":"publish","type":"product","link":"https:\/\/rrunning.tribalt.agency\/?product=r2-3-0-white-black","title":{"rendered":"R2 3.0 WHITE\/BLACK"},"content":{"rendered":"<p>Les manchons de compression R2v2 sont peut-\u00eatre notre produit le plus embl\u00e9matique. Vus partout, des s\u00e9ances d\u2019entra\u00eenement aux podiums, gr\u00e2ce \u00e0 leur confort et leur maintien in\u00e9gal\u00e9s, ces manchons de conception scientifique ont r\u00e9volutionn\u00e9 les v\u00eatements de compression. Alors qu\u2019il serait facile pour nous de nous reposer sur nos lauriers, nous n\u2019avons fait qu\u2019innover, et nous sommes maintenant fiers de pr\u00e9senter l\u2019\u00e9volution du R2v2... le R2 3.0. Pour am\u00e9liorer ce grand classique, nous avons repris toutes les caract\u00e9ristiques qui ont fait du R2v2 un produit si respect\u00e9 : sa compression multigraduelle sans couture exclusive, le tissu \u00e0 s\u00e9chage rapide et la languette K-Protect au niveau du genou sp\u00e9cialement con\u00e7ue pour r\u00e9duire les chocs, le tout associ\u00e9 \u00e0 des d\u00e9tails encore plus r\u00e9volutionnaires. Les nouvelles bandes fibulaires activent le proprioception pour accro\u00eetre l\u2019\u00e9quilibre et la stabilit\u00e9, ce qui r\u00e9duit le risque d\u2019entorses sur la piste. Les zones horizontales cibl\u00e9es en tricot gaufr\u00e9 favorisent la microcirculation et le flux lymphatique, r\u00e9duisant ainsi les douleurs et les inflammations du tibia. Pour les contextes nocturnes, nous avons ajout\u00e9 un logo r\u00e9fl\u00e9chissant \u00e0 l\u2019arri\u00e8re de la manche pour une meilleure visibilit\u00e9. Suite \u00e0 la parution r\u00e9cente d\u2019un rapport scientifique montrant que les manchons de compression contribuaient \u00e0 r\u00e9duire les probl\u00e8mes d\u2019estomac apr\u00e8s une activit\u00e9 intense, nous avons perfectionn\u00e9 ces zones en tricot gaufr\u00e9 pour favoriser davantage la circulation sanguine et r\u00e9duire les dommages intestinaux. En bref, plus de DNF ni de crampes d\u2019estomac. Que vous fassiez du jogging dans le parc ou que vous soyez \u00e0 mi-chemin des marathons Barkley, le R2 3.0 vous aidera \u00e0 aller plus loin.<\/p>\n","protected":false},"excerpt":{"rendered":"<p>Les manchons de compression R2v2 sont peut-\u00eatre notre produit le plus embl\u00e9matique. Vus partout, des s\u00e9ances d\u2019entra\u00eenement aux podiums, gr\u00e2ce \u00e0 leur confort et leur maintien in\u00e9gal\u00e9s, ces manchons de conception scientifique ont r\u00e9volutionn\u00e9 les v\u00eatements de compression. Alors qu\u2019il serait facile pour nous de nous reposer sur nos lauriers, nous n\u2019avons fait qu\u2019innover, et [&hellip;]<\/p>\n","protected":false},"featured_media":1890,"template":"","meta":[],"pwb-brand":[97],"product_brand":[],"product_cat":[32],"product_tag":[],"class_list":{"0":"post-1888","1":"product","2":"type-product","3":"status-publish","4":"has-post-thumbnail","6":"pwb-brand-compressport","7":"product_cat-manchons","9":"first","10":"instock","11":"shipping-taxable","12":"purchasable","13":"product-type-simple"},"brands":[{"id":97,"name":"COMPRESSPORT","slug":"compressport"}],"_links":{"self":[{"href":"https:\/\/rrunning.tribalt.agency\/index.php?rest_route=\/wp\/v2\/product\/1888","targetHints":{"allow":["GET"]}}],"collection":[{"href":"https:\/\/rrunning.tribalt.agency\/index.php?rest_route=\/wp\/v2\/product"}],"about":[{"href":"https:\/\/rrunning.tribalt.agency\/index.php?rest_route=\/wp\/v2\/types\/product"}],"wp:featuredmedia":[{"embeddable":true,"href":"https:\/\/rrunning.tribalt.agency\/index.php?rest_route=\/wp\/v2\/media\/1890"}],"wp:attachment":[{"href":"https:\/\/rrunning.tribalt.agency\/index.php?rest_route=%2Fwp%2Fv2%2Fmedia&parent=1888"}],"wp:term":[{"taxonomy":"pwb-brand","embeddable":true,"href":"https:\/\/rrunning.tribalt.agency\/index.php?rest_route=%2Fwp%2Fv2%2Fpwb-brand&post=1888"},{"taxonomy":"product_brand","embeddable":true,"href":"https:\/\/rrunning.tribalt.agency\/index.php?rest_route=%2Fwp%2Fv2%2Fproduct_brand&post=1888"},{"taxonomy":"product_cat","embeddable":true,"href":"https:\/\/rrunning.tribalt.agency\/index.php?rest_route=%2Fwp%2Fv2%2Fproduct_cat&post=1888"},{"taxonomy":"product_tag","embeddable":true,"href":"https:\/\/rrunning.tribalt.agency\/index.php?rest_route=%2Fwp%2Fv2%2Fproduct_tag&post=1888"}],"curies":[{"name":"wp","href":"https:\/\/api.w.org\/{rel}","templated":true}]}}