{"id":1883,"date":"2025-07-01T09:01:41","date_gmt":"2025-07-01T07:01:41","guid":{"rendered":"https:\/\/rrunning.tribalt.agency\/?post_type=product&#038;p=1883"},"modified":"2025-07-01T09:03:45","modified_gmt":"2025-07-01T07:03:45","slug":"pro-racing-socks-winter-run-black-red","status":"publish","type":"product","link":"https:\/\/rrunning.tribalt.agency\/?product=pro-racing-socks-winter-run-black-red","title":{"rendered":"PRO RACING SOCKS WINTER RUN BLACK\/HIGH RISK"},"content":{"rendered":"<p>Avez-vous d\u00e9j\u00e0 eu froid aux pieds et opt\u00e9 pour le tapis roulant plut\u00f4t que les rues hivernales et sombres\u00a0? N\u2019ayez plus peur\u00a0: la version repens\u00e9e de notre chaussette de course d\u2019hiver phare est l\u00e0 pour vous r\u00e9chauffer. Gr\u00e2ce aux retours de nos athl\u00e8tes professionnels et \u00e0 des tests approfondis en laboratoire, des panneaux sp\u00e9ciaux garantissent que les zones les plus sensibles de vos pieds b\u00e9n\u00e9ficient d\u2019un maximum de chaleur et de protection gr\u00e2ce \u00e0 un m\u00e9lange confortable et thermor\u00e9gulateur de laine m\u00e9rinos et de fibres de soie. Des zones de ventilation hautement respirantes compl\u00e8tent la conception pour \u00e9vacuer la transpiration et \u00e9viter l\u2019accumulation d\u2019humidit\u00e9 au cours de vos efforts intenses. Les 3D.Dots savamment plac\u00e9s augmentent l\u2019adh\u00e9rence et la proprioception sous le pied, prot\u00e8gent des chocs et des contusions sur la mall\u00e9ole interne et assurent un l\u00e9ger maintien du tendon d\u2019Achille. Une compression l\u00e9g\u00e8re et m\u00e9dicalement contr\u00f4l\u00e9e favorise la circulation sanguine, apporte un maintien et contribue \u00e0 garder vos pieds au chaud lors des courses froides. Enfin, le maintien serr\u00e9 de la voute plantaire est con\u00e7u avec notre technologie de pompage signature. Elle permet de renforcer le retour veineux, de lutter contre les plis et donc contre les ampoules lorsque vous accumulez les kilom\u00e8tres. L\u00e9g\u00e8rement plus basse et plus a\u00e9r\u00e9e que le mod\u00e8le trail, cette chaussette est sp\u00e9cialement con\u00e7ue pour les rigueurs de la course sur route en hiver. Plut\u00f4t que de vous diriger vers la salle, enfilez vos chaussettes Winter Run et comptez sur des pieds maintenus au chaud pour affronter l\u2019ext\u00e9rieur\u00a0!<\/p>\n","protected":false},"excerpt":{"rendered":"<p>Avez-vous d\u00e9j\u00e0 eu froid aux pieds et opt\u00e9 pour le tapis roulant plut\u00f4t que les rues hivernales et sombres\u00a0? N\u2019ayez plus peur\u00a0: la version repens\u00e9e de notre chaussette de course d\u2019hiver phare est l\u00e0 pour vous r\u00e9chauffer. Gr\u00e2ce aux retours de nos athl\u00e8tes professionnels et \u00e0 des tests approfondis en laboratoire, des panneaux sp\u00e9ciaux garantissent [&hellip;]<\/p>\n","protected":false},"featured_media":1884,"template":"","meta":[],"pwb-brand":[97],"product_brand":[],"product_cat":[28],"product_tag":[],"class_list":{"0":"post-1883","1":"product","2":"type-product","3":"status-publish","4":"has-post-thumbnail","6":"pwb-brand-compressport","7":"product_cat-chaussettes","9":"first","10":"instock","11":"shipping-taxable","12":"purchasable","13":"product-type-simple"},"brands":[{"id":97,"name":"COMPRESSPORT","slug":"compressport"}],"_links":{"self":[{"href":"https:\/\/rrunning.tribalt.agency\/index.php?rest_route=\/wp\/v2\/product\/1883","targetHints":{"allow":["GET"]}}],"collection":[{"href":"https:\/\/rrunning.tribalt.agency\/index.php?rest_route=\/wp\/v2\/product"}],"about":[{"href":"https:\/\/rrunning.tribalt.agency\/index.php?rest_route=\/wp\/v2\/types\/product"}],"wp:featuredmedia":[{"embeddable":true,"href":"https:\/\/rrunning.tribalt.agency\/index.php?rest_route=\/wp\/v2\/media\/1884"}],"wp:attachment":[{"href":"https:\/\/rrunning.tribalt.agency\/index.php?rest_route=%2Fwp%2Fv2%2Fmedia&parent=1883"}],"wp:term":[{"taxonomy":"pwb-brand","embeddable":true,"href":"https:\/\/rrunning.tribalt.agency\/index.php?rest_route=%2Fwp%2Fv2%2Fpwb-brand&post=1883"},{"taxonomy":"product_brand","embeddable":true,"href":"https:\/\/rrunning.tribalt.agency\/index.php?rest_route=%2Fwp%2Fv2%2Fproduct_brand&post=1883"},{"taxonomy":"product_cat","embeddable":true,"href":"https:\/\/rrunning.tribalt.agency\/index.php?rest_route=%2Fwp%2Fv2%2Fproduct_cat&post=1883"},{"taxonomy":"product_tag","embeddable":true,"href":"https:\/\/rrunning.tribalt.agency\/index.php?rest_route=%2Fwp%2Fv2%2Fproduct_tag&post=1883"}],"curies":[{"name":"wp","href":"https:\/\/api.w.org\/{rel}","templated":true}]}}