{"id":1869,"date":"2025-07-01T08:49:11","date_gmt":"2025-07-01T06:49:11","guid":{"rendered":"https:\/\/rrunning.tribalt.agency\/?post_type=product&#038;p=1869"},"modified":"2025-07-01T08:50:27","modified_gmt":"2025-07-01T06:50:27","slug":"socquette-trail-ultra","status":"publish","type":"product","link":"https:\/\/rrunning.tribalt.agency\/?product=socquette-trail-ultra","title":{"rendered":"SOCQUETTE TRAIL ULTRA+"},"content":{"rendered":"<p>Fabriqu\u00e9e en France, la chaussette TRAIL ULTRA+ offre un confort optimal et une r\u00e9sistance exceptionnelle pour les pratiquants de Trail. Avec des renforts strat\u00e9giques et un maintien stabilisateur \u00e0 la cheville, elle garantit une performance maximale, tout en \u00e9vacuant la transpiration gr\u00e2ce \u00e0 sa maille a\u00e9r\u00e9e. Id\u00e9ale pour toutes les distances !<\/p>\n","protected":false},"excerpt":{"rendered":"<p>Fabriqu\u00e9e en France, la chaussette TRAIL ULTRA+ offre un confort optimal et une r\u00e9sistance exceptionnelle pour les pratiquants de Trail. Avec des renforts strat\u00e9giques et un maintien stabilisateur \u00e0 la cheville, elle garantit une performance maximale, tout en \u00e9vacuant la transpiration gr\u00e2ce \u00e0 sa maille a\u00e9r\u00e9e. Id\u00e9ale pour toutes les distances !<\/p>\n","protected":false},"featured_media":1870,"template":"","meta":[],"pwb-brand":[93],"product_brand":[],"product_cat":[28],"product_tag":[],"class_list":{"0":"post-1869","1":"product","2":"type-product","3":"status-publish","4":"has-post-thumbnail","6":"pwb-brand-bv-sport","7":"product_cat-chaussettes","9":"first","10":"instock","11":"shipping-taxable","12":"purchasable","13":"product-type-simple"},"brands":[{"id":93,"name":"BV SPORT","slug":"bv-sport"}],"_links":{"self":[{"href":"https:\/\/rrunning.tribalt.agency\/index.php?rest_route=\/wp\/v2\/product\/1869","targetHints":{"allow":["GET"]}}],"collection":[{"href":"https:\/\/rrunning.tribalt.agency\/index.php?rest_route=\/wp\/v2\/product"}],"about":[{"href":"https:\/\/rrunning.tribalt.agency\/index.php?rest_route=\/wp\/v2\/types\/product"}],"wp:featuredmedia":[{"embeddable":true,"href":"https:\/\/rrunning.tribalt.agency\/index.php?rest_route=\/wp\/v2\/media\/1870"}],"wp:attachment":[{"href":"https:\/\/rrunning.tribalt.agency\/index.php?rest_route=%2Fwp%2Fv2%2Fmedia&parent=1869"}],"wp:term":[{"taxonomy":"pwb-brand","embeddable":true,"href":"https:\/\/rrunning.tribalt.agency\/index.php?rest_route=%2Fwp%2Fv2%2Fpwb-brand&post=1869"},{"taxonomy":"product_brand","embeddable":true,"href":"https:\/\/rrunning.tribalt.agency\/index.php?rest_route=%2Fwp%2Fv2%2Fproduct_brand&post=1869"},{"taxonomy":"product_cat","embeddable":true,"href":"https:\/\/rrunning.tribalt.agency\/index.php?rest_route=%2Fwp%2Fv2%2Fproduct_cat&post=1869"},{"taxonomy":"product_tag","embeddable":true,"href":"https:\/\/rrunning.tribalt.agency\/index.php?rest_route=%2Fwp%2Fv2%2Fproduct_tag&post=1869"}],"curies":[{"name":"wp","href":"https:\/\/api.w.org\/{rel}","templated":true}]}}