{"id":1849,"date":"2025-07-01T08:33:42","date_gmt":"2025-07-01T06:33:42","guid":{"rendered":"https:\/\/rrunning.tribalt.agency\/?post_type=product&#038;p=1849"},"modified":"2025-07-01T08:34:06","modified_gmt":"2025-07-01T06:34:06","slug":"socquette-trail-collector-nutri-blue-lagoon","status":"publish","type":"product","link":"https:\/\/rrunning.tribalt.agency\/?product=socquette-trail-collector-nutri-blue-lagoon","title":{"rendered":"SOCQUETTE TRAIL COLLECTOR NUTRI BLUE LAGOON"},"content":{"rendered":"<p>La chaussette TRAIL ULTRA COLLECTOR NUTRISOCKS, fabriqu\u00e9e en France, offre une performance optimale gr\u00e2ce \u00e0 sa semelle anatomique 3D pour une adh\u00e9rence maximale, son maintien stabilisateur 360\u00b0 pour un soutien parfait et ses renforts cibl\u00e9s pour prot\u00e9ger les zones sensibles. Sa maille a\u00e9r\u00e9e garantit confort et fra\u00eecheur sur tous les terrains.<\/p>\n","protected":false},"excerpt":{"rendered":"<p>La chaussette TRAIL ULTRA COLLECTOR NUTRISOCKS, fabriqu\u00e9e en France, offre une performance optimale gr\u00e2ce \u00e0 sa semelle anatomique 3D pour une adh\u00e9rence maximale, son maintien stabilisateur 360\u00b0 pour un soutien parfait et ses renforts cibl\u00e9s pour prot\u00e9ger les zones sensibles. Sa maille a\u00e9r\u00e9e garantit confort et fra\u00eecheur sur tous les terrains.<\/p>\n","protected":false},"featured_media":1850,"template":"","meta":[],"pwb-brand":[93],"product_brand":[],"product_cat":[28],"product_tag":[],"class_list":{"0":"post-1849","1":"product","2":"type-product","3":"status-publish","4":"has-post-thumbnail","6":"pwb-brand-bv-sport","7":"product_cat-chaussettes","9":"first","10":"instock","11":"shipping-taxable","12":"purchasable","13":"product-type-simple"},"brands":[{"id":93,"name":"BV SPORT","slug":"bv-sport"}],"_links":{"self":[{"href":"https:\/\/rrunning.tribalt.agency\/index.php?rest_route=\/wp\/v2\/product\/1849","targetHints":{"allow":["GET"]}}],"collection":[{"href":"https:\/\/rrunning.tribalt.agency\/index.php?rest_route=\/wp\/v2\/product"}],"about":[{"href":"https:\/\/rrunning.tribalt.agency\/index.php?rest_route=\/wp\/v2\/types\/product"}],"wp:featuredmedia":[{"embeddable":true,"href":"https:\/\/rrunning.tribalt.agency\/index.php?rest_route=\/wp\/v2\/media\/1850"}],"wp:attachment":[{"href":"https:\/\/rrunning.tribalt.agency\/index.php?rest_route=%2Fwp%2Fv2%2Fmedia&parent=1849"}],"wp:term":[{"taxonomy":"pwb-brand","embeddable":true,"href":"https:\/\/rrunning.tribalt.agency\/index.php?rest_route=%2Fwp%2Fv2%2Fpwb-brand&post=1849"},{"taxonomy":"product_brand","embeddable":true,"href":"https:\/\/rrunning.tribalt.agency\/index.php?rest_route=%2Fwp%2Fv2%2Fproduct_brand&post=1849"},{"taxonomy":"product_cat","embeddable":true,"href":"https:\/\/rrunning.tribalt.agency\/index.php?rest_route=%2Fwp%2Fv2%2Fproduct_cat&post=1849"},{"taxonomy":"product_tag","embeddable":true,"href":"https:\/\/rrunning.tribalt.agency\/index.php?rest_route=%2Fwp%2Fv2%2Fproduct_tag&post=1849"}],"curies":[{"name":"wp","href":"https:\/\/api.w.org\/{rel}","templated":true}]}}