{"id":1841,"date":"2025-07-01T08:25:17","date_gmt":"2025-07-01T06:25:17","guid":{"rendered":"https:\/\/rrunning.tribalt.agency\/?post_type=product&#038;p=1841"},"modified":"2025-07-01T08:26:45","modified_gmt":"2025-07-01T06:26:45","slug":"socquette-light-run-haute-ibiza-jaune-bleu","status":"publish","type":"product","link":"https:\/\/rrunning.tribalt.agency\/?product=socquette-light-run-haute-ibiza-jaune-bleu","title":{"rendered":"SOCQUETTE LIGHT RUN HAUTE IBIZA JAUNE\/BLEU"},"content":{"rendered":"<p>Optez pour la chaussette courte\u00a0<strong data-end=\"45\" data-start=\"32\">LIGHT RUN<\/strong>, ultra-l\u00e9g\u00e8re, respirante et \u00e9co-con\u00e7ue en France. Sa maille a\u00e9r\u00e9e et sa semelle anatomique 3D offrent un confort optimal et une meilleure proprioception. Fabriqu\u00e9e en microfibre\u00a0<strong data-end=\"243\" data-start=\"225\">SENSIL ECOCARE<\/strong>, elle allie douceur, l\u00e9g\u00e8ret\u00e9 et performance.<\/p>\n","protected":false},"excerpt":{"rendered":"<p>Optez pour la chaussette courte\u00a0LIGHT RUN, ultra-l\u00e9g\u00e8re, respirante et \u00e9co-con\u00e7ue en France. Sa maille a\u00e9r\u00e9e et sa semelle anatomique 3D offrent un confort optimal et une meilleure proprioception. Fabriqu\u00e9e en microfibre\u00a0SENSIL ECOCARE, elle allie douceur, l\u00e9g\u00e8ret\u00e9 et performance.<\/p>\n","protected":false},"featured_media":1842,"template":"","meta":[],"pwb-brand":[93],"product_brand":[],"product_cat":[28],"product_tag":[],"class_list":{"0":"post-1841","1":"product","2":"type-product","3":"status-publish","4":"has-post-thumbnail","6":"pwb-brand-bv-sport","7":"product_cat-chaussettes","9":"first","10":"instock","11":"shipping-taxable","12":"purchasable","13":"product-type-simple"},"brands":[{"id":93,"name":"BV SPORT","slug":"bv-sport"}],"_links":{"self":[{"href":"https:\/\/rrunning.tribalt.agency\/index.php?rest_route=\/wp\/v2\/product\/1841","targetHints":{"allow":["GET"]}}],"collection":[{"href":"https:\/\/rrunning.tribalt.agency\/index.php?rest_route=\/wp\/v2\/product"}],"about":[{"href":"https:\/\/rrunning.tribalt.agency\/index.php?rest_route=\/wp\/v2\/types\/product"}],"wp:featuredmedia":[{"embeddable":true,"href":"https:\/\/rrunning.tribalt.agency\/index.php?rest_route=\/wp\/v2\/media\/1842"}],"wp:attachment":[{"href":"https:\/\/rrunning.tribalt.agency\/index.php?rest_route=%2Fwp%2Fv2%2Fmedia&parent=1841"}],"wp:term":[{"taxonomy":"pwb-brand","embeddable":true,"href":"https:\/\/rrunning.tribalt.agency\/index.php?rest_route=%2Fwp%2Fv2%2Fpwb-brand&post=1841"},{"taxonomy":"product_brand","embeddable":true,"href":"https:\/\/rrunning.tribalt.agency\/index.php?rest_route=%2Fwp%2Fv2%2Fproduct_brand&post=1841"},{"taxonomy":"product_cat","embeddable":true,"href":"https:\/\/rrunning.tribalt.agency\/index.php?rest_route=%2Fwp%2Fv2%2Fproduct_cat&post=1841"},{"taxonomy":"product_tag","embeddable":true,"href":"https:\/\/rrunning.tribalt.agency\/index.php?rest_route=%2Fwp%2Fv2%2Fproduct_tag&post=1841"}],"curies":[{"name":"wp","href":"https:\/\/api.w.org\/{rel}","templated":true}]}}