{"id":1833,"date":"2025-06-30T19:26:35","date_gmt":"2025-06-30T17:26:35","guid":{"rendered":"https:\/\/rrunning.tribalt.agency\/?post_type=product&#038;p=1833"},"modified":"2025-06-30T19:30:06","modified_gmt":"2025-06-30T17:30:06","slug":"socquette-light-3d-ultra-courte-x2","status":"publish","type":"product","link":"https:\/\/rrunning.tribalt.agency\/?product=socquette-light-3d-ultra-courte-x2","title":{"rendered":"SOCQUETTE LIGHT 3D ULTRA COURTE X2"},"content":{"rendered":"<p>D\u00e9couvrez le pack de 2 paires de socquettes running ultra-courtes. Con\u00e7ues pour offrir une sensation de l\u00e9g\u00e8ret\u00e9 et de confort optimal, elles int\u00e8grent une maille 3D qui am\u00e9liore la proprioception tout en respectant parfaitement l\u2019anatomie de vos pieds pendant la course.<\/p>\n","protected":false},"excerpt":{"rendered":"<p>D\u00e9couvrez le pack de 2 paires de socquettes running ultra-courtes. Con\u00e7ues pour offrir une sensation de l\u00e9g\u00e8ret\u00e9 et de confort optimal, elles int\u00e8grent une maille 3D qui am\u00e9liore la proprioception tout en respectant parfaitement l\u2019anatomie de vos pieds pendant la course.<\/p>\n","protected":false},"featured_media":1834,"template":"","meta":[],"pwb-brand":[93],"product_brand":[],"product_cat":[28],"product_tag":[],"class_list":{"0":"post-1833","1":"product","2":"type-product","3":"status-publish","4":"has-post-thumbnail","6":"pwb-brand-bv-sport","7":"product_cat-chaussettes","9":"first","10":"instock","11":"shipping-taxable","12":"purchasable","13":"product-type-simple"},"brands":[{"id":93,"name":"BV SPORT","slug":"bv-sport"}],"_links":{"self":[{"href":"https:\/\/rrunning.tribalt.agency\/index.php?rest_route=\/wp\/v2\/product\/1833","targetHints":{"allow":["GET"]}}],"collection":[{"href":"https:\/\/rrunning.tribalt.agency\/index.php?rest_route=\/wp\/v2\/product"}],"about":[{"href":"https:\/\/rrunning.tribalt.agency\/index.php?rest_route=\/wp\/v2\/types\/product"}],"wp:featuredmedia":[{"embeddable":true,"href":"https:\/\/rrunning.tribalt.agency\/index.php?rest_route=\/wp\/v2\/media\/1834"}],"wp:attachment":[{"href":"https:\/\/rrunning.tribalt.agency\/index.php?rest_route=%2Fwp%2Fv2%2Fmedia&parent=1833"}],"wp:term":[{"taxonomy":"pwb-brand","embeddable":true,"href":"https:\/\/rrunning.tribalt.agency\/index.php?rest_route=%2Fwp%2Fv2%2Fpwb-brand&post=1833"},{"taxonomy":"product_brand","embeddable":true,"href":"https:\/\/rrunning.tribalt.agency\/index.php?rest_route=%2Fwp%2Fv2%2Fproduct_brand&post=1833"},{"taxonomy":"product_cat","embeddable":true,"href":"https:\/\/rrunning.tribalt.agency\/index.php?rest_route=%2Fwp%2Fv2%2Fproduct_cat&post=1833"},{"taxonomy":"product_tag","embeddable":true,"href":"https:\/\/rrunning.tribalt.agency\/index.php?rest_route=%2Fwp%2Fv2%2Fproduct_tag&post=1833"}],"curies":[{"name":"wp","href":"https:\/\/api.w.org\/{rel}","templated":true}]}}