{"id":1831,"date":"2025-06-30T19:24:45","date_gmt":"2025-06-30T17:24:45","guid":{"rendered":"https:\/\/rrunning.tribalt.agency\/?post_type=product&#038;p=1831"},"modified":"2025-06-30T19:26:09","modified_gmt":"2025-06-30T17:26:09","slug":"prorecup-elite-evo-noir","status":"publish","type":"product","link":"https:\/\/rrunning.tribalt.agency\/?product=prorecup-elite-evo-noir","title":{"rendered":"PRORECUP ELITE EVO NOIR"},"content":{"rendered":"<p>Optimisez votre r\u00e9cup\u00e9ration avec la chaussette ProRecup Elite EVO ! Elle r\u00e9duit les toxines, soulage les jambes lourdes et pr\u00e9vient les courbatures. Associez-la au manchon Booster Elite EVO2 pour une r\u00e9cup\u00e9ration encore plus efficace. \u00c0 porter d\u00e8s la fin de l'effort, au moins 2 heures.<\/p>\n","protected":false},"excerpt":{"rendered":"<p>Optimisez votre r\u00e9cup\u00e9ration avec la chaussette ProRecup Elite EVO ! Elle r\u00e9duit les toxines, soulage les jambes lourdes et pr\u00e9vient les courbatures. Associez-la au manchon Booster Elite EVO2 pour une r\u00e9cup\u00e9ration encore plus efficace. \u00c0 porter d\u00e8s la fin de l'effort, au moins 2 heures.<\/p>\n","protected":false},"featured_media":1832,"template":"","meta":[],"pwb-brand":[93],"product_brand":[],"product_cat":[28],"product_tag":[],"class_list":{"0":"post-1831","1":"product","2":"type-product","3":"status-publish","4":"has-post-thumbnail","6":"pwb-brand-bv-sport","7":"product_cat-chaussettes","9":"first","10":"instock","11":"shipping-taxable","12":"purchasable","13":"product-type-simple"},"brands":[{"id":93,"name":"BV SPORT","slug":"bv-sport"}],"_links":{"self":[{"href":"https:\/\/rrunning.tribalt.agency\/index.php?rest_route=\/wp\/v2\/product\/1831","targetHints":{"allow":["GET"]}}],"collection":[{"href":"https:\/\/rrunning.tribalt.agency\/index.php?rest_route=\/wp\/v2\/product"}],"about":[{"href":"https:\/\/rrunning.tribalt.agency\/index.php?rest_route=\/wp\/v2\/types\/product"}],"wp:featuredmedia":[{"embeddable":true,"href":"https:\/\/rrunning.tribalt.agency\/index.php?rest_route=\/wp\/v2\/media\/1832"}],"wp:attachment":[{"href":"https:\/\/rrunning.tribalt.agency\/index.php?rest_route=%2Fwp%2Fv2%2Fmedia&parent=1831"}],"wp:term":[{"taxonomy":"pwb-brand","embeddable":true,"href":"https:\/\/rrunning.tribalt.agency\/index.php?rest_route=%2Fwp%2Fv2%2Fpwb-brand&post=1831"},{"taxonomy":"product_brand","embeddable":true,"href":"https:\/\/rrunning.tribalt.agency\/index.php?rest_route=%2Fwp%2Fv2%2Fproduct_brand&post=1831"},{"taxonomy":"product_cat","embeddable":true,"href":"https:\/\/rrunning.tribalt.agency\/index.php?rest_route=%2Fwp%2Fv2%2Fproduct_cat&post=1831"},{"taxonomy":"product_tag","embeddable":true,"href":"https:\/\/rrunning.tribalt.agency\/index.php?rest_route=%2Fwp%2Fv2%2Fproduct_tag&post=1831"}],"curies":[{"name":"wp","href":"https:\/\/api.w.org\/{rel}","templated":true}]}}