{"id":1829,"date":"2025-06-30T19:23:44","date_gmt":"2025-06-30T17:23:44","guid":{"rendered":"https:\/\/rrunning.tribalt.agency\/?post_type=product&#038;p=1829"},"modified":"2025-06-30T19:24:37","modified_gmt":"2025-06-30T17:24:37","slug":"manchette-arx-merinos-anthracite","status":"publish","type":"product","link":"https:\/\/rrunning.tribalt.agency\/?product=manchette-arx-merinos-anthracite","title":{"rendered":"MANCHETTE ARX MERINOS ANTHRACITE"},"content":{"rendered":"<p>Les manchettes de bras ARX sont l'accessoire parfait pour le sport en ext\u00e9rieur par temps froid. Fabriqu\u00e9es avec la fibre \"Bones Fiber\", elles assurent un maintien musculaire optimal, r\u00e9duisent les vibrations et r\u00e9gulent la temp\u00e9rature du corps. Id\u00e9ales pour tous types de sports, elles offrent confort et performance, que ce soit pour l'entra\u00eenement, la comp\u00e9tition ou le running.<\/p>\n","protected":false},"excerpt":{"rendered":"<p>Les manchettes de bras ARX sont l'accessoire parfait pour le sport en ext\u00e9rieur par temps froid. Fabriqu\u00e9es avec la fibre \"Bones Fiber\", elles assurent un maintien musculaire optimal, r\u00e9duisent les vibrations et r\u00e9gulent la temp\u00e9rature du corps. Id\u00e9ales pour tous types de sports, elles offrent confort et performance, que ce soit pour l'entra\u00eenement, la comp\u00e9tition [&hellip;]<\/p>\n","protected":false},"featured_media":1830,"template":"","meta":[],"pwb-brand":[93],"product_brand":[],"product_cat":[32],"product_tag":[],"class_list":{"0":"post-1829","1":"product","2":"type-product","3":"status-publish","4":"has-post-thumbnail","6":"pwb-brand-bv-sport","7":"product_cat-manchons","9":"first","10":"instock","11":"shipping-taxable","12":"purchasable","13":"product-type-simple"},"brands":[{"id":93,"name":"BV SPORT","slug":"bv-sport"}],"_links":{"self":[{"href":"https:\/\/rrunning.tribalt.agency\/index.php?rest_route=\/wp\/v2\/product\/1829","targetHints":{"allow":["GET"]}}],"collection":[{"href":"https:\/\/rrunning.tribalt.agency\/index.php?rest_route=\/wp\/v2\/product"}],"about":[{"href":"https:\/\/rrunning.tribalt.agency\/index.php?rest_route=\/wp\/v2\/types\/product"}],"wp:featuredmedia":[{"embeddable":true,"href":"https:\/\/rrunning.tribalt.agency\/index.php?rest_route=\/wp\/v2\/media\/1830"}],"wp:attachment":[{"href":"https:\/\/rrunning.tribalt.agency\/index.php?rest_route=%2Fwp%2Fv2%2Fmedia&parent=1829"}],"wp:term":[{"taxonomy":"pwb-brand","embeddable":true,"href":"https:\/\/rrunning.tribalt.agency\/index.php?rest_route=%2Fwp%2Fv2%2Fpwb-brand&post=1829"},{"taxonomy":"product_brand","embeddable":true,"href":"https:\/\/rrunning.tribalt.agency\/index.php?rest_route=%2Fwp%2Fv2%2Fproduct_brand&post=1829"},{"taxonomy":"product_cat","embeddable":true,"href":"https:\/\/rrunning.tribalt.agency\/index.php?rest_route=%2Fwp%2Fv2%2Fproduct_cat&post=1829"},{"taxonomy":"product_tag","embeddable":true,"href":"https:\/\/rrunning.tribalt.agency\/index.php?rest_route=%2Fwp%2Fv2%2Fproduct_tag&post=1829"}],"curies":[{"name":"wp","href":"https:\/\/api.w.org\/{rel}","templated":true}]}}