{"id":1823,"date":"2025-06-30T19:19:45","date_gmt":"2025-06-30T17:19:45","guid":{"rendered":"https:\/\/rrunning.tribalt.agency\/?post_type=product&#038;p=1823"},"modified":"2025-09-01T12:22:55","modified_gmt":"2025-09-01T10:22:55","slug":"chaussette-run-compression-noir-gris","status":"publish","type":"product","link":"https:\/\/rrunning.tribalt.agency\/?product=chaussette-run-compression-noir-gris","title":{"rendered":"CHAUSSETTE RUN COMPRESSION NOIR\/GRIS"},"content":{"rendered":"<p>Boostez votre performance avec la\u00a0<strong>RUN COMPRESSION<\/strong>\u00a0noir\/gris, une chaussette de compression ultra-l\u00e9g\u00e8re\u00a0<strong>fabriqu\u00e9e en France<\/strong>. Son maintien optimal favorise le\u00a0<strong>retour veineux et l\u2019oxyg\u00e9nation musculaire<\/strong>, tandis que sa maille a\u00e9r\u00e9e et sa semelle 3D am\u00e9liorent\u00a0<strong>confort et proprioception<\/strong>. L\u2019alli\u00e9e id\u00e9ale pour aller plus loin, plus longtemps !<\/p>\n","protected":false},"excerpt":{"rendered":"<p>Boostez votre performance avec la\u00a0RUN COMPRESSION\u00a0noir\/gris, une chaussette de compression ultra-l\u00e9g\u00e8re\u00a0fabriqu\u00e9e en France. Son maintien optimal favorise le\u00a0retour veineux et l\u2019oxyg\u00e9nation musculaire, tandis que sa maille a\u00e9r\u00e9e et sa semelle 3D am\u00e9liorent\u00a0confort et proprioception. L\u2019alli\u00e9e id\u00e9ale pour aller plus loin, plus longtemps !<\/p>\n","protected":false},"featured_media":1824,"template":"","meta":[],"pwb-brand":[93],"product_brand":[],"product_cat":[28],"product_tag":[],"class_list":{"0":"post-1823","1":"product","2":"type-product","3":"status-publish","4":"has-post-thumbnail","6":"pwb-brand-bv-sport","7":"product_cat-chaussettes","9":"first","10":"instock","11":"shipping-taxable","12":"purchasable","13":"product-type-simple"},"brands":[{"id":93,"name":"BV SPORT","slug":"bv-sport"}],"_links":{"self":[{"href":"https:\/\/rrunning.tribalt.agency\/index.php?rest_route=\/wp\/v2\/product\/1823","targetHints":{"allow":["GET"]}}],"collection":[{"href":"https:\/\/rrunning.tribalt.agency\/index.php?rest_route=\/wp\/v2\/product"}],"about":[{"href":"https:\/\/rrunning.tribalt.agency\/index.php?rest_route=\/wp\/v2\/types\/product"}],"wp:featuredmedia":[{"embeddable":true,"href":"https:\/\/rrunning.tribalt.agency\/index.php?rest_route=\/wp\/v2\/media\/1824"}],"wp:attachment":[{"href":"https:\/\/rrunning.tribalt.agency\/index.php?rest_route=%2Fwp%2Fv2%2Fmedia&parent=1823"}],"wp:term":[{"taxonomy":"pwb-brand","embeddable":true,"href":"https:\/\/rrunning.tribalt.agency\/index.php?rest_route=%2Fwp%2Fv2%2Fpwb-brand&post=1823"},{"taxonomy":"product_brand","embeddable":true,"href":"https:\/\/rrunning.tribalt.agency\/index.php?rest_route=%2Fwp%2Fv2%2Fproduct_brand&post=1823"},{"taxonomy":"product_cat","embeddable":true,"href":"https:\/\/rrunning.tribalt.agency\/index.php?rest_route=%2Fwp%2Fv2%2Fproduct_cat&post=1823"},{"taxonomy":"product_tag","embeddable":true,"href":"https:\/\/rrunning.tribalt.agency\/index.php?rest_route=%2Fwp%2Fv2%2Fproduct_tag&post=1823"}],"curies":[{"name":"wp","href":"https:\/\/api.w.org\/{rel}","templated":true}]}}