{"id":1820,"date":"2025-06-30T19:17:57","date_gmt":"2025-06-30T17:17:57","guid":{"rendered":"https:\/\/rrunning.tribalt.agency\/?post_type=product&#038;p=1820"},"modified":"2025-06-30T19:19:35","modified_gmt":"2025-06-30T17:19:35","slug":"booster-origine-noir","status":"publish","type":"product","link":"https:\/\/rrunning.tribalt.agency\/?product=booster-origine-noir","title":{"rendered":"BOOSTER ORIGINE NOIR"},"content":{"rendered":"<p>Parce que la plan\u00e8te est notre plus beau terrain de jeu, le BOOSTER ORIGINE noir est\u00a0<strong>int\u00e9gralement tricot\u00e9 \u00e0 partir de fils recycl\u00e9s<\/strong>.<\/p>\n<p><strong>Fabriqu\u00e9 en France<\/strong>, le manchon de compression pour les mollets Booster Origine noir est con\u00e7u \u00e0 partir des fibres \u00e9cologique\u00a0<strong>SENSIL ECOCARE<\/strong>\u00a0et\u00a0<strong>ROICA ECO-SMART<\/strong>.\u00a0La premi\u00e8re est fabriqu\u00e9e \u00e0 partir de\u00a0<strong>d\u00e9chets de pr\u00e9-consommation<\/strong>\u00a0pour r\u00e9duire l'impact sur l'environnement. Son processus de production,minimise les d\u00e9chets, r\u00e9duit la consommation d'\u00e9nergie et pr\u00e9serve les pr\u00e9cieuses ressources naturelles. La fibre ECO ECO-SMART est une\u00a0<strong>microfibre stretch<\/strong>\u00a0elle-m\u00eame constitu\u00e9 de 50% de mati\u00e8res pr\u00e9-industrialisation recycl\u00e9es.<\/p>\n<p>Le\u00a0<strong>Booster Origine<\/strong>\u00a0dispose \u00e9galement d'un tricotage innovant en effet chevron strat\u00e9giquement positionn\u00e9 au niveau du mollet afin d'optimiser le\u00a0<strong>maintien musculaire<\/strong>.<\/p>\n<p>Lors de l'effort, la\u00a0<strong>compression\u00a0du mollet<\/strong>, Calf Support, am\u00e9liore le\u00a0<strong>retour veineux<\/strong>, favorise l'<strong>oxyg\u00e9nation musculaire<\/strong>, tendineuse et ligamentaire.<\/p>\n<p>Son maintien musculaire optimal va r\u00e9duire les\u00a0<strong>oscillations musculaires<\/strong>, responsable de\u00a0<strong>p\u00e9riostites<\/strong>\u00a0et\u00a0<strong>DOMS<\/strong>, lors de chaque impact au sol.<\/p>\n<p>Port\u00e9 r\u00e9guli\u00e8rement, le Booster Origine repousse le ph\u00e9nom\u00e8ne de\u00a0<strong>jambes lourdes<\/strong>, les\u00a0<strong>crampes<\/strong>\u00a0et r\u00e9duit consid\u00e9rablement le risque de blessures musculaires.<\/p>\n<p>Les bords c\u00f4te large permettent d'\u00e9viter de trop serrer les manchons sur lors bords sup\u00e9rieur et inf\u00e9rieur tout en maintenant efficacement le\u00a0<strong>manchon pour mollet<\/strong>.<\/p>\n","protected":false},"excerpt":{"rendered":"<p>Parce que la plan\u00e8te est notre plus beau terrain de jeu, le BOOSTER ORIGINE noir est\u00a0int\u00e9gralement tricot\u00e9 \u00e0 partir de fils recycl\u00e9s. Fabriqu\u00e9 en France, le manchon de compression pour les mollets Booster Origine noir est con\u00e7u \u00e0 partir des fibres \u00e9cologique\u00a0SENSIL ECOCARE\u00a0et\u00a0ROICA ECO-SMART.\u00a0La premi\u00e8re est fabriqu\u00e9e \u00e0 partir de\u00a0d\u00e9chets de pr\u00e9-consommation\u00a0pour r\u00e9duire l'impact sur [&hellip;]<\/p>\n","protected":false},"featured_media":1821,"template":"","meta":[],"pwb-brand":[93],"product_brand":[],"product_cat":[32],"product_tag":[],"class_list":{"0":"post-1820","1":"product","2":"type-product","3":"status-publish","4":"has-post-thumbnail","6":"pwb-brand-bv-sport","7":"product_cat-manchons","9":"first","10":"instock","11":"shipping-taxable","12":"purchasable","13":"product-type-simple"},"brands":[{"id":93,"name":"BV SPORT","slug":"bv-sport"}],"_links":{"self":[{"href":"https:\/\/rrunning.tribalt.agency\/index.php?rest_route=\/wp\/v2\/product\/1820","targetHints":{"allow":["GET"]}}],"collection":[{"href":"https:\/\/rrunning.tribalt.agency\/index.php?rest_route=\/wp\/v2\/product"}],"about":[{"href":"https:\/\/rrunning.tribalt.agency\/index.php?rest_route=\/wp\/v2\/types\/product"}],"wp:featuredmedia":[{"embeddable":true,"href":"https:\/\/rrunning.tribalt.agency\/index.php?rest_route=\/wp\/v2\/media\/1821"}],"wp:attachment":[{"href":"https:\/\/rrunning.tribalt.agency\/index.php?rest_route=%2Fwp%2Fv2%2Fmedia&parent=1820"}],"wp:term":[{"taxonomy":"pwb-brand","embeddable":true,"href":"https:\/\/rrunning.tribalt.agency\/index.php?rest_route=%2Fwp%2Fv2%2Fpwb-brand&post=1820"},{"taxonomy":"product_brand","embeddable":true,"href":"https:\/\/rrunning.tribalt.agency\/index.php?rest_route=%2Fwp%2Fv2%2Fproduct_brand&post=1820"},{"taxonomy":"product_cat","embeddable":true,"href":"https:\/\/rrunning.tribalt.agency\/index.php?rest_route=%2Fwp%2Fv2%2Fproduct_cat&post=1820"},{"taxonomy":"product_tag","embeddable":true,"href":"https:\/\/rrunning.tribalt.agency\/index.php?rest_route=%2Fwp%2Fv2%2Fproduct_tag&post=1820"}],"curies":[{"name":"wp","href":"https:\/\/api.w.org\/{rel}","templated":true}]}}