{"id":1817,"date":"2025-06-30T19:17:41","date_gmt":"2025-06-30T17:17:41","guid":{"rendered":"https:\/\/rrunning.tribalt.agency\/?post_type=product&#038;p=1817"},"modified":"2025-06-30T19:17:41","modified_gmt":"2025-06-30T17:17:41","slug":"booster-elite-evolution-noir","status":"publish","type":"product","link":"https:\/\/rrunning.tribalt.agency\/?product=booster-elite-evolution-noir","title":{"rendered":"BOOSTER ELITE EVOLUTION NOIR"},"content":{"rendered":"<h2><b>HERITIER DU PASS\u00c9, PIONNIER DU FUTUR<\/b><\/h2>\n<p>La\u00a0<b>nouvelle g\u00e9n\u00e9ration de manchon ultra technique<\/b>\u00a0et\u00a0<b>\u00e9co-responsable produit en France<\/b>.<\/p>\n<h3><b>Toujours plus de technicit\u00e9\u00a0<\/b>:<\/h3>\n<p>Inspir\u00e9 du BOOSTER ELITE EVO2, le\u00a0<b>manchon de compression BOOSTER EVOLUTION\u00a0<\/b>est compos\u00e9 de nouvelles structures de\u00a0<b>mailles adoptant diff\u00e9rents niveaux de rigidit\u00e9\u00a0<\/b>(ultra-souple, souple, semi-rigide, rigide). La\u00a0<b>Compression S\u00e9lective\u00a0<\/b>apporte un\u00a0<b>maintien optimal du mollet<\/b>, cible des zones pr\u00e9cises pour\u00a0<b>acc\u00e9l\u00e9rer le retour veineux<\/b>\u00a0et apporte de l\u2019oxyg\u00e8ne aux muscles pour\u00a0<b>combattre la fatigue musculaire<\/b>\u00a0(jambes dures, crampes, fourmillements\u2026).<\/p>\n<h3><b>Repousser vos limites<\/b>:<\/h3>\n<p>Port\u00e9 r\u00e9guli\u00e8rement, le\u00a0<b>BOOSTER EVOLUTION acc\u00e9l\u00e8re l\u2019\u00e9limination des toxines<\/b>, repousse le ph\u00e9nom\u00e8ne de\u00a0<b>jambes lourdes<\/b>, recule le\u00a0<b>seuil de fatigue\u00a0<\/b>et\u00a0<b>diminue les courbatures<\/b>. Le manchon d\u2019effort r\u00e9duit consid\u00e9rablement le\u00a0<b>risque de blessures<\/b>\u00a0et\u00a0<b>l\u00e9sions musculaires,<\/b>\u00a0et pr\u00e9pare d\u00e8s l\u2019<b>effort<\/b>\u00a0\u00e0 la\u00a0<b>r\u00e9cup\u00e9ration.<\/b><\/p>\n<h3><b>Polyvalent et adapt\u00e9 \u00e0 votre morphologie<\/b>\u00a0:<\/h3>\n<p>Con\u00e7u pour\u00a0<b>l\u2019entra\u00eenement et la comp\u00e9tition,<\/b>\u00a0le\u00a0<b>manchon de compression pour mollet BOOSTER EVOLUTION<\/b>\u00a0accompagne les sportifs exigeants dans leur\u00a0<b>qu\u00eate de performance<\/b>\u00a0et de\u00a0<b>confort \u00e0 l\u2019effort<\/b>. Il s\u2019adapte \u00e0\u00a0<b>toutes pratiques<\/b>\u00a0et\u00a0<b>tout niveau de sportifs<\/b>, du d\u00e9butant \u00e0 l\u2019athl\u00e8te de haut-niveau.<\/p>\n<h3><b>Doux mais terriblement efficace<\/b>:<\/h3>\n<p>Le\u00a0<b>BOOSTER EVOLUTION<\/b>\u00a0a \u00e9t\u00e9\u00a0<b>imagin\u00e9, d\u00e9velopp\u00e9<\/b>\u00a0et\u00a0<b>fabriqu\u00e9 en France<\/b>\u00a0par les \u00e9quipes\u00a0<b>BV SPORT<\/b>, en utilisant des\u00a0<b>fibres recycl\u00e9es<\/b>\u00a0apportant douceur et confort. La\u00a0<b>microfibre SENSIL ECOCARE<\/b>\u00a0est fabriqu\u00e9e \u00e0 partir de d\u00e9chets de pr\u00e9-consommation pour\u00a0<b>r\u00e9duire l\u2019impact sur l\u2019environnement.<\/b>\u00a0Son processus de production\u00a0<b>minimise les d\u00e9chets, r\u00e9duit la consommation d\u2019\u00e9nergie\u00a0<\/b>et pr\u00e9serve les pr\u00e9cieuses\u00a0<b>ressources naturelles.<\/b><\/p>\n","protected":false},"excerpt":{"rendered":"<p>HERITIER DU PASS\u00c9, PIONNIER DU FUTUR La\u00a0nouvelle g\u00e9n\u00e9ration de manchon ultra technique\u00a0et\u00a0\u00e9co-responsable produit en France. Toujours plus de technicit\u00e9\u00a0: Inspir\u00e9 du BOOSTER ELITE EVO2, le\u00a0manchon de compression BOOSTER EVOLUTION\u00a0est compos\u00e9 de nouvelles structures de\u00a0mailles adoptant diff\u00e9rents niveaux de rigidit\u00e9\u00a0(ultra-souple, souple, semi-rigide, rigide). La\u00a0Compression S\u00e9lective\u00a0apporte un\u00a0maintien optimal du mollet, cible des zones pr\u00e9cises pour\u00a0acc\u00e9l\u00e9rer le retour [&hellip;]<\/p>\n","protected":false},"featured_media":1818,"template":"","meta":[],"pwb-brand":[93],"product_brand":[],"product_cat":[32],"product_tag":[],"class_list":{"0":"post-1817","1":"product","2":"type-product","3":"status-publish","4":"has-post-thumbnail","6":"pwb-brand-bv-sport","7":"product_cat-manchons","9":"first","10":"instock","11":"shipping-taxable","12":"purchasable","13":"product-type-simple"},"brands":[{"id":93,"name":"BV SPORT","slug":"bv-sport"}],"_links":{"self":[{"href":"https:\/\/rrunning.tribalt.agency\/index.php?rest_route=\/wp\/v2\/product\/1817","targetHints":{"allow":["GET"]}}],"collection":[{"href":"https:\/\/rrunning.tribalt.agency\/index.php?rest_route=\/wp\/v2\/product"}],"about":[{"href":"https:\/\/rrunning.tribalt.agency\/index.php?rest_route=\/wp\/v2\/types\/product"}],"wp:featuredmedia":[{"embeddable":true,"href":"https:\/\/rrunning.tribalt.agency\/index.php?rest_route=\/wp\/v2\/media\/1818"}],"wp:attachment":[{"href":"https:\/\/rrunning.tribalt.agency\/index.php?rest_route=%2Fwp%2Fv2%2Fmedia&parent=1817"}],"wp:term":[{"taxonomy":"pwb-brand","embeddable":true,"href":"https:\/\/rrunning.tribalt.agency\/index.php?rest_route=%2Fwp%2Fv2%2Fpwb-brand&post=1817"},{"taxonomy":"product_brand","embeddable":true,"href":"https:\/\/rrunning.tribalt.agency\/index.php?rest_route=%2Fwp%2Fv2%2Fproduct_brand&post=1817"},{"taxonomy":"product_cat","embeddable":true,"href":"https:\/\/rrunning.tribalt.agency\/index.php?rest_route=%2Fwp%2Fv2%2Fproduct_cat&post=1817"},{"taxonomy":"product_tag","embeddable":true,"href":"https:\/\/rrunning.tribalt.agency\/index.php?rest_route=%2Fwp%2Fv2%2Fproduct_tag&post=1817"}],"curies":[{"name":"wp","href":"https:\/\/api.w.org\/{rel}","templated":true}]}}