{"id":1813,"date":"2025-06-26T14:16:41","date_gmt":"2025-06-26T12:16:41","guid":{"rendered":"https:\/\/rrunning.tribalt.agency\/?post_type=product&#038;p=1813"},"modified":"2025-09-01T12:25:19","modified_gmt":"2025-09-01T10:25:19","slug":"pro-racing-socks-v4-0-run-low-white-black","status":"publish","type":"product","link":"https:\/\/rrunning.tribalt.agency\/?product=pro-racing-socks-v4-0-run-low-white-black","title":{"rendered":"PRO RACING SOCKS V4.0 RUN LOW WHITE\/BLACK"},"content":{"rendered":"<p>Essay\u00e9es et test\u00e9es sur des centaines de kilom\u00e8tres par notre \u00e9quipe, la 4\u00e8me g\u00e9n\u00e9ration de nos chaussettes Pro Racing Run Low apporte une a\u00e9ration r\u00e9volutionnaire et une protection contre les ampoules \u00e0 vos courses par temps chaud. Le tissage technique est l\u00e9ger et a\u00e9r\u00e9, il \u00e9vacue rapidement l`humidit\u00e9 pour que vos pieds restent frais et secs. Une zone des orteils \"renfort de pointe\" redessin\u00e9e et plus large offre un ajustement plus ergonomique et une meilleure proprioception, permettant aux orteils de s`agripper intuitivement \u00e0 la r\u00e9ception pour une foul\u00e9e naturelle et fluide. La maille fine autour du talon, identique \u00e0 celle de la version PRS High, offre un soutien cibl\u00e9 lorsque vous acc\u00e9l\u00e9rez le rythme, tandis que le rembourrage en tissu \u00e9ponge sur le gros orteil vous pr\u00e9serve des ongles noircis lors des courses plus longues. Le support de vo\u00fbte plantaire moyen stimule la microcirculation et emp\u00eache le tissu de se tordre et de se plier pour tenir \u00e0 distance les ampoules et les irritations douloureuses. Notre toute nouvelle technologie Flat.Dots r\u00e9unit des points 3D sp\u00e9ciaux autour du tendon d`Achille pour un rembourrage et une protection suppl\u00e9mentaires lorsque vos pieds battent la piste. Sous le pied, un motif de 3D.Dots (75 %) et de Flat.Dots (25 %) amortit l`impact et offre une meilleure ventilation, une meilleure adh\u00e9rence dans la chaussure ainsi qu`une stimulation douce pour stimuler le retour veineux et retarder la fatigue. L`ajustement anatomique et les technologies sont sp\u00e9cifiquement cibl\u00e9s sur les rigueurs de la course sur route, tandis que la coupe basse garantit que la surchauffe n`est jamais un souci. Une languette ergonomique \u00e0 l`arri\u00e8re ajoute une touche de confort et de style et, si jamais vous oubliez que vous partez courir, la discipline est discr\u00e8tement brod\u00e9e \u00e0 l`int\u00e9rieur. Le design classique est un clin d``il \u00e0 notre ADN de performance, de sorte qu`il ne vous reste plus qu`\u00e0 viser votre prochain PB.<\/p>\n","protected":false},"excerpt":{"rendered":"<p>Essay\u00e9es et test\u00e9es sur des centaines de kilom\u00e8tres par notre \u00e9quipe, la 4\u00e8me g\u00e9n\u00e9ration de nos chaussettes Pro Racing Run Low apporte une a\u00e9ration r\u00e9volutionnaire et une protection contre les ampoules \u00e0 vos courses par temps chaud. Le tissage technique est l\u00e9ger et a\u00e9r\u00e9, il \u00e9vacue rapidement l`humidit\u00e9 pour que vos pieds restent frais et [&hellip;]<\/p>\n","protected":false},"featured_media":1814,"template":"","meta":[],"pwb-brand":[97],"product_brand":[],"product_cat":[28],"product_tag":[],"class_list":{"0":"post-1813","1":"product","2":"type-product","3":"status-publish","4":"has-post-thumbnail","6":"pwb-brand-compressport","7":"product_cat-chaussettes","9":"first","10":"instock","11":"shipping-taxable","12":"purchasable","13":"product-type-simple"},"brands":[{"id":97,"name":"COMPRESSPORT","slug":"compressport"}],"_links":{"self":[{"href":"https:\/\/rrunning.tribalt.agency\/index.php?rest_route=\/wp\/v2\/product\/1813","targetHints":{"allow":["GET"]}}],"collection":[{"href":"https:\/\/rrunning.tribalt.agency\/index.php?rest_route=\/wp\/v2\/product"}],"about":[{"href":"https:\/\/rrunning.tribalt.agency\/index.php?rest_route=\/wp\/v2\/types\/product"}],"wp:featuredmedia":[{"embeddable":true,"href":"https:\/\/rrunning.tribalt.agency\/index.php?rest_route=\/wp\/v2\/media\/1814"}],"wp:attachment":[{"href":"https:\/\/rrunning.tribalt.agency\/index.php?rest_route=%2Fwp%2Fv2%2Fmedia&parent=1813"}],"wp:term":[{"taxonomy":"pwb-brand","embeddable":true,"href":"https:\/\/rrunning.tribalt.agency\/index.php?rest_route=%2Fwp%2Fv2%2Fpwb-brand&post=1813"},{"taxonomy":"product_brand","embeddable":true,"href":"https:\/\/rrunning.tribalt.agency\/index.php?rest_route=%2Fwp%2Fv2%2Fproduct_brand&post=1813"},{"taxonomy":"product_cat","embeddable":true,"href":"https:\/\/rrunning.tribalt.agency\/index.php?rest_route=%2Fwp%2Fv2%2Fproduct_cat&post=1813"},{"taxonomy":"product_tag","embeddable":true,"href":"https:\/\/rrunning.tribalt.agency\/index.php?rest_route=%2Fwp%2Fv2%2Fproduct_tag&post=1813"}],"curies":[{"name":"wp","href":"https:\/\/api.w.org\/{rel}","templated":true}]}}