{"id":1801,"date":"2025-06-26T14:06:16","date_gmt":"2025-06-26T12:06:16","guid":{"rendered":"https:\/\/rrunning.tribalt.agency\/?post_type=product&#038;p=1801"},"modified":"2025-09-01T12:28:00","modified_gmt":"2025-09-01T10:28:00","slug":"pro-racing-socks-v4-0-run-high-white-fluo-red","status":"publish","type":"product","link":"https:\/\/rrunning.tribalt.agency\/?product=pro-racing-socks-v4-0-run-high-white-fluo-red","title":{"rendered":"PRO RACING SOCKS V4.0 RUN HIGH WHITE\/FLUO RED"},"content":{"rendered":"<p>Les performances \u00e9voluent. Et les chaussettes de course aussi. Pour la toute nouvelle g\u00e9n\u00e9ration de notre best-seller Pro Racing Socks Run, nous avons demand\u00e9 aux coureurs de Compressport de nous dire exactement ce qu`ils aimaient, ce dont ils avaient besoin et ce qu`ils voulaient. Le r\u00e9sultat est une chaussette de course sp\u00e9cialement con\u00e7ue pour offrir une a\u00e9ration optimale et une protection contre les ampoules lorsque vous vous dirigez vers votre prochain record. Le tissage technique est l\u00e9ger et a\u00e9r\u00e9, il \u00e9vacue rapidement l`humidit\u00e9 pour que vos pieds restent frais et secs, m\u00eame dans des conditions plus chaudes.Une toute nouvelle zone des orteils \"renfort de pointe\" plus large offre un ajustement plus ergonomique et une meilleure proprioception, permettant aux orteils de s`agripper intuitivement \u00e0 la r\u00e9ception pour une foul\u00e9e naturelle et fluide. Une maille fine autour de la cheville offre un soutien cibl\u00e9 lorsque vous acc\u00e9l\u00e9rez le rythme, tandis qu`un rembourrage en tissu \u00e9ponge sur le gros orteil vous \u00e9vite d`avoir les ongles noircis lors des courses plus longues. Le support de vo\u00fbte plantaire moyen stimule la microcirculation et emp\u00eache le tissu de se tordre et de se plier, vous \u00e9vitant ainsi les ampoules et les irritations douloureuses. Sur le tendon d`Achille, deux lignes de 3D.Dots ajoutent protection et soutien. Elles entourent une rang\u00e9e de tout nouveaux Flat.Dots pour une meilleure ventilation. Sous le pied, un motif de 3D.Dots (75 %) et de Flat.Dots (25 %) amortit les impacts et offre une adh\u00e9rence et une ventilation suppl\u00e9mentaires, ainsi qu`une l\u00e9g\u00e8re micro-stimulation, ce qui permet d`augmenter le retour veineux et de retarder la fatigue au fur et \u00e0 mesure que les kilom\u00e8tres s`accumulent.La hauteur est inf\u00e9rieure \u00e0 celle des mod\u00e8les de trail et de v\u00e9lo, avec un ajustement et des technologies sp\u00e9cialement con\u00e7us pour les exigences de la course sur route. Une languette ergonomique \u00e0 l`arri\u00e8re ajoute une touche de confort et de style et, si vous oubliez pour quelle activit\u00e9 vous vous appr\u00eatez \u00e0 sortir, la discipline est discr\u00e8tement brod\u00e9e \u00e0 l`int\u00e9rieur. Le design \u00e9l\u00e9gant de cette chaussette high-tech est fid\u00e8le \u00e0 notre ADN de performance, il ne vous reste plus qu`\u00e0 prendre la route avec rapidit\u00e9, confort et classe.<\/p>\n","protected":false},"excerpt":{"rendered":"<p>Les performances \u00e9voluent. Et les chaussettes de course aussi. Pour la toute nouvelle g\u00e9n\u00e9ration de notre best-seller Pro Racing Socks Run, nous avons demand\u00e9 aux coureurs de Compressport de nous dire exactement ce qu`ils aimaient, ce dont ils avaient besoin et ce qu`ils voulaient. Le r\u00e9sultat est une chaussette de course sp\u00e9cialement con\u00e7ue pour offrir [&hellip;]<\/p>\n","protected":false},"featured_media":1802,"template":"","meta":[],"pwb-brand":[97],"product_brand":[],"product_cat":[28],"product_tag":[],"class_list":{"0":"post-1801","1":"product","2":"type-product","3":"status-publish","4":"has-post-thumbnail","6":"pwb-brand-compressport","7":"product_cat-chaussettes","9":"first","10":"instock","11":"shipping-taxable","12":"purchasable","13":"product-type-simple"},"brands":[{"id":97,"name":"COMPRESSPORT","slug":"compressport"}],"_links":{"self":[{"href":"https:\/\/rrunning.tribalt.agency\/index.php?rest_route=\/wp\/v2\/product\/1801","targetHints":{"allow":["GET"]}}],"collection":[{"href":"https:\/\/rrunning.tribalt.agency\/index.php?rest_route=\/wp\/v2\/product"}],"about":[{"href":"https:\/\/rrunning.tribalt.agency\/index.php?rest_route=\/wp\/v2\/types\/product"}],"wp:featuredmedia":[{"embeddable":true,"href":"https:\/\/rrunning.tribalt.agency\/index.php?rest_route=\/wp\/v2\/media\/1802"}],"wp:attachment":[{"href":"https:\/\/rrunning.tribalt.agency\/index.php?rest_route=%2Fwp%2Fv2%2Fmedia&parent=1801"}],"wp:term":[{"taxonomy":"pwb-brand","embeddable":true,"href":"https:\/\/rrunning.tribalt.agency\/index.php?rest_route=%2Fwp%2Fv2%2Fpwb-brand&post=1801"},{"taxonomy":"product_brand","embeddable":true,"href":"https:\/\/rrunning.tribalt.agency\/index.php?rest_route=%2Fwp%2Fv2%2Fproduct_brand&post=1801"},{"taxonomy":"product_cat","embeddable":true,"href":"https:\/\/rrunning.tribalt.agency\/index.php?rest_route=%2Fwp%2Fv2%2Fproduct_cat&post=1801"},{"taxonomy":"product_tag","embeddable":true,"href":"https:\/\/rrunning.tribalt.agency\/index.php?rest_route=%2Fwp%2Fv2%2Fproduct_tag&post=1801"}],"curies":[{"name":"wp","href":"https:\/\/api.w.org\/{rel}","templated":true}]}}