{"id":1796,"date":"2025-06-26T14:02:49","date_gmt":"2025-06-26T12:02:49","guid":{"rendered":"https:\/\/rrunning.tribalt.agency\/?post_type=product&#038;p=1796"},"modified":"2025-09-01T12:28:23","modified_gmt":"2025-09-01T10:28:23","slug":"pro-marathon-socks-v2-0-black-white","status":"publish","type":"product","link":"https:\/\/rrunning.tribalt.agency\/?product=pro-marathon-socks-v2-0-black-white","title":{"rendered":"PRO MARATHON SOCKS V2.0 BLACK\/WHITE"},"content":{"rendered":"<p>Si vous avez appr\u00e9ci\u00e9 la premi\u00e8re version de nos chaussettes Pro Marathon anti-ampoules, vous allez aimer ce mod\u00e8le am\u00e9lior\u00e9, con\u00e7u pour vous offrir une exp\u00e9rience de course encore plus fra\u00eeche et plus confortable. Plus concentr\u00e9 en fibres PTFE, notamment au niveau de la zone des orteils, le tissu de ces chaussettes de running haute performance est con\u00e7u pour diminuer les frictions, les frottements et la surchauffe li\u00e9s \u00e0 l\u2019effort, tout en \u00e9vitant que vos pieds ne chauffent et en r\u00e9duisant le risque d\u2019ampoules douloureuses. En plus des 3D.dots antid\u00e9rapants sous le pied, elles poss\u00e8dent \u00e9galement une nouvelle bande antid\u00e9rapante derri\u00e8re le maintien de la vo\u00fbte plantaire, sp\u00e9cialement d\u00e9velopp\u00e9e pour \u00e9viter les mouvements du pied dans la chaussure g\u00e9n\u00e9rant de la chaleur. Tiss\u00e9e avec des fils de couleur, cette bande est facilement identifiable\u00a0; vous retrouvez facilement vos nouvelles chaussettes pr\u00e9f\u00e9r\u00e9es dans la pile. Notre maintien de la vo\u00fbte plantaire populaire offre une compression de qualit\u00e9 m\u00e9dicale pour stimuler la circulation sanguine et emp\u00eacher le tissu de se tordre et de se plier, tandis que le strap renforc\u00e9 autour du tendon d\u2019Achille renforce le soutien au fil des kilom\u00e8tres. Plus respirant que jamais auparavant, le dessus du pied et le puits de ventilation sont dot\u00e9s de notre tissage technique ray\u00e9 pour une ventilation et une \u00e9vacuation de l\u2019humidit\u00e9 optimales lorsque le rythme et la temp\u00e9rature augmentent. Que vous soyez un athl\u00e8te professionnel ou simplement une personne qui aime courir, ces chaussettes de sport haute performance sont la r\u00e9ponse ultime aux pieds qui br\u00fblent et aux ampoules douloureuses. Enfilez-les et inscrivez-vous \u00e0 ce marathon qui vous a toujours fait de l\u2019\u0153il\u00a0: nous vous garantissons que la seule chose qui fumera sera l\u2019horloge.<\/p>\n","protected":false},"excerpt":{"rendered":"<p>Si vous avez appr\u00e9ci\u00e9 la premi\u00e8re version de nos chaussettes Pro Marathon anti-ampoules, vous allez aimer ce mod\u00e8le am\u00e9lior\u00e9, con\u00e7u pour vous offrir une exp\u00e9rience de course encore plus fra\u00eeche et plus confortable. Plus concentr\u00e9 en fibres PTFE, notamment au niveau de la zone des orteils, le tissu de ces chaussettes de running haute performance [&hellip;]<\/p>\n","protected":false},"featured_media":1797,"template":"","meta":[],"pwb-brand":[97],"product_brand":[],"product_cat":[28],"product_tag":[],"class_list":{"0":"post-1796","1":"product","2":"type-product","3":"status-publish","4":"has-post-thumbnail","6":"pwb-brand-compressport","7":"product_cat-chaussettes","9":"first","10":"instock","11":"shipping-taxable","12":"purchasable","13":"product-type-simple"},"brands":[{"id":97,"name":"COMPRESSPORT","slug":"compressport"}],"_links":{"self":[{"href":"https:\/\/rrunning.tribalt.agency\/index.php?rest_route=\/wp\/v2\/product\/1796","targetHints":{"allow":["GET"]}}],"collection":[{"href":"https:\/\/rrunning.tribalt.agency\/index.php?rest_route=\/wp\/v2\/product"}],"about":[{"href":"https:\/\/rrunning.tribalt.agency\/index.php?rest_route=\/wp\/v2\/types\/product"}],"wp:featuredmedia":[{"embeddable":true,"href":"https:\/\/rrunning.tribalt.agency\/index.php?rest_route=\/wp\/v2\/media\/1797"}],"wp:attachment":[{"href":"https:\/\/rrunning.tribalt.agency\/index.php?rest_route=%2Fwp%2Fv2%2Fmedia&parent=1796"}],"wp:term":[{"taxonomy":"pwb-brand","embeddable":true,"href":"https:\/\/rrunning.tribalt.agency\/index.php?rest_route=%2Fwp%2Fv2%2Fpwb-brand&post=1796"},{"taxonomy":"product_brand","embeddable":true,"href":"https:\/\/rrunning.tribalt.agency\/index.php?rest_route=%2Fwp%2Fv2%2Fproduct_brand&post=1796"},{"taxonomy":"product_cat","embeddable":true,"href":"https:\/\/rrunning.tribalt.agency\/index.php?rest_route=%2Fwp%2Fv2%2Fproduct_cat&post=1796"},{"taxonomy":"product_tag","embeddable":true,"href":"https:\/\/rrunning.tribalt.agency\/index.php?rest_route=%2Fwp%2Fv2%2Fproduct_tag&post=1796"}],"curies":[{"name":"wp","href":"https:\/\/api.w.org\/{rel}","templated":true}]}}