{"id":1789,"date":"2025-06-26T14:00:11","date_gmt":"2025-06-26T12:00:11","guid":{"rendered":"https:\/\/rrunning.tribalt.agency\/?post_type=product&#038;p=1789"},"modified":"2025-09-01T12:28:43","modified_gmt":"2025-09-01T10:28:43","slug":"mid-compression-socks-v2-0-white-safe-yellow","status":"publish","type":"product","link":"https:\/\/rrunning.tribalt.agency\/?product=mid-compression-socks-v2-0-white-safe-yellow","title":{"rendered":"MID COMPRESSION SOCKS V2.0 WHITE\/SAFE YELLOW"},"content":{"rendered":"<p>Un grand nombre de nos coureurs pros nous ont r\u00e9clam\u00e9 les propri\u00e9t\u00e9s d'un manchon de compression dans un format chaussette haute performance. Voici le r\u00e9sultat!<br \/>\nDouces et \u00e9lastiques, les microfibres de cette chaussette de compression noire et \u00e9l\u00e9gante offrent une compression cibl\u00e9e \u00e0 l'effort pour toute s\u00e9ance de route, trail ou piste. Les l\u00e9sions musculaires sont r\u00e9duites gr\u00e2ce \u00e0 des oscillations att\u00e9nu\u00e9es, permettant de rester plus frais physiquement (et mentalement!) sur une dur\u00e9e plus longue. Peu importe la pluie qui tombe ou les ruisseaux \u00e0 traverser, les chaussettes restent l\u00e9g\u00e8res gr\u00e2ce \u00e0 des bandes de ventilation qui \u00e9vacuent rapidement toute humidit\u00e9. La technologie 3D.Dots absorbe les impacts, prot\u00e8ge les zones sensibles comme le tendon d'Achille et fournit un micro-massage cibl\u00e9 pour stimuler la circulation sanguine. Elle permet \u00e9galement une meilleure accroche du pied dans la chaussure afin de r\u00e9duire les risques d'\u00e9chauffement et d'ampoules. Le support de vo\u00fbte de plantaire \u00e9vite que le tissu ne se d\u00e9place ou se torde, offrant une stabilit\u00e9 rassurante quel que soit le terrain. Les fibres extensibles suivent la d\u00e9formation naturelle du pied lors de l'impact au sol pour une foul\u00e9e instinctive, fluide et efficace. La chaussette peut \u00e9galement \u00eatre port\u00e9e avant l'activit\u00e9 sportive pour booster la circulation sanguine et pr\u00e9parer les muscles et la t\u00eate \u00e0 l'effort. Des rues de Boston aux sentiers de Chamonix, les Full Socks Run restent le choix id\u00e9al pour une protection et une performance de pro!<\/p>\n","protected":false},"excerpt":{"rendered":"<p>Un grand nombre de nos coureurs pros nous ont r\u00e9clam\u00e9 les propri\u00e9t\u00e9s d'un manchon de compression dans un format chaussette haute performance. Voici le r\u00e9sultat! Douces et \u00e9lastiques, les microfibres de cette chaussette de compression noire et \u00e9l\u00e9gante offrent une compression cibl\u00e9e \u00e0 l'effort pour toute s\u00e9ance de route, trail ou piste. Les l\u00e9sions musculaires [&hellip;]<\/p>\n","protected":false},"featured_media":1790,"template":"","meta":[],"pwb-brand":[97],"product_brand":[],"product_cat":[28],"product_tag":[],"class_list":{"0":"post-1789","1":"product","2":"type-product","3":"status-publish","4":"has-post-thumbnail","6":"pwb-brand-compressport","7":"product_cat-chaussettes","9":"first","10":"instock","11":"shipping-taxable","12":"purchasable","13":"product-type-simple"},"brands":[{"id":97,"name":"COMPRESSPORT","slug":"compressport"}],"_links":{"self":[{"href":"https:\/\/rrunning.tribalt.agency\/index.php?rest_route=\/wp\/v2\/product\/1789","targetHints":{"allow":["GET"]}}],"collection":[{"href":"https:\/\/rrunning.tribalt.agency\/index.php?rest_route=\/wp\/v2\/product"}],"about":[{"href":"https:\/\/rrunning.tribalt.agency\/index.php?rest_route=\/wp\/v2\/types\/product"}],"wp:featuredmedia":[{"embeddable":true,"href":"https:\/\/rrunning.tribalt.agency\/index.php?rest_route=\/wp\/v2\/media\/1790"}],"wp:attachment":[{"href":"https:\/\/rrunning.tribalt.agency\/index.php?rest_route=%2Fwp%2Fv2%2Fmedia&parent=1789"}],"wp:term":[{"taxonomy":"pwb-brand","embeddable":true,"href":"https:\/\/rrunning.tribalt.agency\/index.php?rest_route=%2Fwp%2Fv2%2Fpwb-brand&post=1789"},{"taxonomy":"product_brand","embeddable":true,"href":"https:\/\/rrunning.tribalt.agency\/index.php?rest_route=%2Fwp%2Fv2%2Fproduct_brand&post=1789"},{"taxonomy":"product_cat","embeddable":true,"href":"https:\/\/rrunning.tribalt.agency\/index.php?rest_route=%2Fwp%2Fv2%2Fproduct_cat&post=1789"},{"taxonomy":"product_tag","embeddable":true,"href":"https:\/\/rrunning.tribalt.agency\/index.php?rest_route=%2Fwp%2Fv2%2Fproduct_tag&post=1789"}],"curies":[{"name":"wp","href":"https:\/\/api.w.org\/{rel}","templated":true}]}}