{"id":1774,"date":"2025-06-26T13:52:37","date_gmt":"2025-06-26T11:52:37","guid":{"rendered":"https:\/\/rrunning.tribalt.agency\/?post_type=product&#038;p=1774"},"modified":"2025-09-01T12:29:36","modified_gmt":"2025-09-01T10:29:36","slug":"full-socks-recovery-black","status":"publish","type":"product","link":"https:\/\/rrunning.tribalt.agency\/?product=full-socks-recovery-black","title":{"rendered":"FULL SOCKS RECOVERY BLACK"},"content":{"rendered":"<p>Les Full socks de r\u00e9cup\u00e9ration stimulent la circulation sanguine pour acc\u00e9l\u00e9rer le processus de r\u00e9cup\u00e9ration musculaire. La compression gradu\u00e9e contr\u00f4l\u00e9e m\u00e9dicalement du pied vers le genou agit un peu comme un tube de dentifrice, favorisant le retour veineux et l'\u00e9limination des toxines. Port\u00e9es apr\u00e8s un effort ou en voyage, ces chaussettes contribuent grandement \u00e0 r\u00e9duire le gonflement des jambes et la fatigue musculaire \u00e0 retardement (DOMS). Des points 3D judicieusement plac\u00e9s autour du pied et du tendon d'Achille aident \u00e0 stimuler la circulation sanguine et \u00e0 procurer un micro-massage doux, tandis que le maintien de la vo\u00fbte plantaire permet \u00e0 la chaussette de rester bien en place et stimule davantage le retour veineux. Gr\u00e2ce \u00e0 la ventilation int\u00e9gr\u00e9e, ces chaussettes ne sont jamais chaudes : vos pieds restent confortables, frais et secs ! Notre tableau des tailles r\u00e9vis\u00e9 offre deux largeurs de mollet pour chaque taille de pied. Vous pouvez donc \u00eatre s\u00fbr de trouver la taille parfaite. (En cas de doute, choisissez la taille sup\u00e9rieure pour \u00e9viter une compression excessive.) Nous avons initialement d\u00e9velopp\u00e9 ces technologies performantes pour nos pros, mais vous pouvez aussi en profiter et optimiser votre r\u00e9cup\u00e9ration pour vous sentir mieux aujourd'hui, et aller plus vite demain. Portez ces chaussettes de r\u00e9cup\u00e9ration ultral\u00e9g\u00e8res apr\u00e8s votre s\u00e9ance d'entra\u00eenement, lorsque vous montez dans un avion ou simplement pour une longue journ\u00e9e au bureau. Vos jambes vous remercieront.<\/p>\n","protected":false},"excerpt":{"rendered":"<p>Les Full socks de r\u00e9cup\u00e9ration stimulent la circulation sanguine pour acc\u00e9l\u00e9rer le processus de r\u00e9cup\u00e9ration musculaire. La compression gradu\u00e9e contr\u00f4l\u00e9e m\u00e9dicalement du pied vers le genou agit un peu comme un tube de dentifrice, favorisant le retour veineux et l'\u00e9limination des toxines. Port\u00e9es apr\u00e8s un effort ou en voyage, ces chaussettes contribuent grandement \u00e0 r\u00e9duire [&hellip;]<\/p>\n","protected":false},"featured_media":1775,"template":"","meta":[],"pwb-brand":[97],"product_brand":[],"product_cat":[28],"product_tag":[],"class_list":{"0":"post-1774","1":"product","2":"type-product","3":"status-publish","4":"has-post-thumbnail","6":"pwb-brand-compressport","7":"product_cat-chaussettes","9":"first","10":"instock","11":"shipping-taxable","12":"purchasable","13":"product-type-simple"},"brands":[{"id":97,"name":"COMPRESSPORT","slug":"compressport"}],"_links":{"self":[{"href":"https:\/\/rrunning.tribalt.agency\/index.php?rest_route=\/wp\/v2\/product\/1774","targetHints":{"allow":["GET"]}}],"collection":[{"href":"https:\/\/rrunning.tribalt.agency\/index.php?rest_route=\/wp\/v2\/product"}],"about":[{"href":"https:\/\/rrunning.tribalt.agency\/index.php?rest_route=\/wp\/v2\/types\/product"}],"wp:featuredmedia":[{"embeddable":true,"href":"https:\/\/rrunning.tribalt.agency\/index.php?rest_route=\/wp\/v2\/media\/1775"}],"wp:attachment":[{"href":"https:\/\/rrunning.tribalt.agency\/index.php?rest_route=%2Fwp%2Fv2%2Fmedia&parent=1774"}],"wp:term":[{"taxonomy":"pwb-brand","embeddable":true,"href":"https:\/\/rrunning.tribalt.agency\/index.php?rest_route=%2Fwp%2Fv2%2Fpwb-brand&post=1774"},{"taxonomy":"product_brand","embeddable":true,"href":"https:\/\/rrunning.tribalt.agency\/index.php?rest_route=%2Fwp%2Fv2%2Fproduct_brand&post=1774"},{"taxonomy":"product_cat","embeddable":true,"href":"https:\/\/rrunning.tribalt.agency\/index.php?rest_route=%2Fwp%2Fv2%2Fproduct_cat&post=1774"},{"taxonomy":"product_tag","embeddable":true,"href":"https:\/\/rrunning.tribalt.agency\/index.php?rest_route=%2Fwp%2Fv2%2Fproduct_tag&post=1774"}],"curies":[{"name":"wp","href":"https:\/\/api.w.org\/{rel}","templated":true}]}}