{"id":1764,"date":"2025-06-26T13:42:26","date_gmt":"2025-06-26T11:42:26","guid":{"rendered":"https:\/\/rrunning.tribalt.agency\/?post_type=product&#038;p=1764"},"modified":"2025-06-26T13:44:01","modified_gmt":"2025-06-26T11:44:01","slug":"full-legs-black","status":"publish","type":"product","link":"https:\/\/rrunning.tribalt.agency\/?product=full-legs-black","title":{"rendered":"FULL LEGS BLACK"},"content":{"rendered":"<p>D\u00e9velopp\u00e9s en collaboration avec nos \u00e9quipes cyclistes Pro-Tour pour am\u00e9liorer la r\u00e9cup\u00e9ration des cyclistes de haut niveau qui roulent dur jour apr\u00e8s jour, les tubes Full Legs nouvelle g\u00e9n\u00e9ration permettant de r\u00e9cup\u00e9rer deux fois plus vite. Gr\u00e2ce \u00e0 une compression gradu\u00e9e extra forte et contr\u00f4l\u00e9e m\u00e9dicalement, vous n'avez besoin de les porter que quelques heures apr\u00e8s votre s\u00e9ance (2 heures maximum) pour sentir leur action et efficacit\u00e9. Les Full Legs favorisent le retour veineux du mollet vers le c\u0153ur (compression d\u00e9gressive). Gr\u00e2ce aux panneaux de compression cibl\u00e9s ils stimulent la circulation sanguine et aident \u00e0 l'\u00e9vacuation de l'acide lactique. Autour des cuisses, la compression r\u00e9duit l'inflammation tandis que le Waffle Effect am\u00e9liore le drainage lymphatique pour une \u00e9limination rapide des toxines. La combinaison de ces technologies permet de r\u00e9duire jusqu'\u00e0 50 % les redoutables DOMS (douleurs musculaires d'apparition retard\u00e9e) ! La microfibre thermor\u00e9gulatrice est extr\u00eamement respirante et confortable, ne tient pas chaud et \u00e9vite de transpirer. Un vrai bonheur, apr\u00e8s des sessions et des courses intenses, de retrouver des jambes l\u00e9g\u00e8res rapidement.<\/p>\n","protected":false},"excerpt":{"rendered":"<p>D\u00e9velopp\u00e9s en collaboration avec nos \u00e9quipes cyclistes Pro-Tour pour am\u00e9liorer la r\u00e9cup\u00e9ration des cyclistes de haut niveau qui roulent dur jour apr\u00e8s jour, les tubes Full Legs nouvelle g\u00e9n\u00e9ration permettant de r\u00e9cup\u00e9rer deux fois plus vite. Gr\u00e2ce \u00e0 une compression gradu\u00e9e extra forte et contr\u00f4l\u00e9e m\u00e9dicalement, vous n'avez besoin de les porter que quelques heures [&hellip;]<\/p>\n","protected":false},"featured_media":1765,"template":"","meta":[],"pwb-brand":[97],"product_brand":[],"product_cat":[32],"product_tag":[],"class_list":{"0":"post-1764","1":"product","2":"type-product","3":"status-publish","4":"has-post-thumbnail","6":"pwb-brand-compressport","7":"product_cat-manchons","9":"first","10":"instock","11":"shipping-taxable","12":"purchasable","13":"product-type-simple"},"brands":[{"id":97,"name":"COMPRESSPORT","slug":"compressport"}],"_links":{"self":[{"href":"https:\/\/rrunning.tribalt.agency\/index.php?rest_route=\/wp\/v2\/product\/1764","targetHints":{"allow":["GET"]}}],"collection":[{"href":"https:\/\/rrunning.tribalt.agency\/index.php?rest_route=\/wp\/v2\/product"}],"about":[{"href":"https:\/\/rrunning.tribalt.agency\/index.php?rest_route=\/wp\/v2\/types\/product"}],"wp:featuredmedia":[{"embeddable":true,"href":"https:\/\/rrunning.tribalt.agency\/index.php?rest_route=\/wp\/v2\/media\/1765"}],"wp:attachment":[{"href":"https:\/\/rrunning.tribalt.agency\/index.php?rest_route=%2Fwp%2Fv2%2Fmedia&parent=1764"}],"wp:term":[{"taxonomy":"pwb-brand","embeddable":true,"href":"https:\/\/rrunning.tribalt.agency\/index.php?rest_route=%2Fwp%2Fv2%2Fpwb-brand&post=1764"},{"taxonomy":"product_brand","embeddable":true,"href":"https:\/\/rrunning.tribalt.agency\/index.php?rest_route=%2Fwp%2Fv2%2Fproduct_brand&post=1764"},{"taxonomy":"product_cat","embeddable":true,"href":"https:\/\/rrunning.tribalt.agency\/index.php?rest_route=%2Fwp%2Fv2%2Fproduct_cat&post=1764"},{"taxonomy":"product_tag","embeddable":true,"href":"https:\/\/rrunning.tribalt.agency\/index.php?rest_route=%2Fwp%2Fv2%2Fproduct_tag&post=1764"}],"curies":[{"name":"wp","href":"https:\/\/api.w.org\/{rel}","templated":true}]}}