{"id":1759,"date":"2025-06-26T13:39:33","date_gmt":"2025-06-26T11:39:33","guid":{"rendered":"https:\/\/rrunning.tribalt.agency\/?post_type=product&#038;p=1759"},"modified":"2025-06-26T13:40:14","modified_gmt":"2025-06-26T11:40:14","slug":"aero-socks-white-fluo","status":"publish","type":"product","link":"https:\/\/rrunning.tribalt.agency\/?product=aero-socks-white-fluo","title":{"rendered":"AERO SOCKS WHITE\/FLUO"},"content":{"rendered":"<p>R\u00e9unissant les technologies de nos mod\u00e8les de chaussettes les plus performants, la toute nouvelle chaussette Aero Sock porte les performances multisports \u00e0 un tout autre niveau, avec une vitesse d\u00e9fiant l'air. Test\u00e9 et optimis\u00e9 en soufflerie, le tissu avant pr\u00e9sente des lignes structur\u00e9es pour augmenter la turbulence de la couche limite (surface) et gagner plus d'une minute sur une course cycliste Ironman de 180 km. Nos tout nouveaux Aero.dots forment une ligne allant de la mall\u00e9ole \u00e0 la couture, dirigeant le flux d'air pour r\u00e9duire les turbulences \u00e0 l'arri\u00e8re de la chaussette, diminuer la tra\u00een\u00e9e et \u00e9conomiser quelques watts suppl\u00e9mentaires. La structure du pied suit le design de la chaussette de course Ultralight, avec des mailles l\u00e9g\u00e8res qui \u00e9vacuent la transpiration pour une ventilation et une thermor\u00e9gulation optimales dans des conditions chaudes. La zone des orteils revue et \u00e9largie apporte plus de confort et une meilleure proprioception \u00e0 votre course, tandis qu'une maille sp\u00e9ciale autour du talon offre un soutien doux lorsque le rythme s'acc\u00e9l\u00e8re. Un l\u00e9ger soutien de la vo\u00fbte plantaire emp\u00eache le tissu de se tordre et d'irriter, avec un rembourrage suppl\u00e9mentaire en \u00e9ponge sur le gros orteil pour vous \u00e9viter les ongles noirs et les contusions. Sous le pied, un motif intelligent compos\u00e9 de 50 % de 3D.Dots et de 50 % de Flat.Dots amortit l'impact et ajoute de l'adh\u00e9rence \u00e0 la chaussure. Il fournit \u00e9galement une micro-stimulation douce pour augmenter le retour veineux et retarder la fatigue, tandis que la ventilation est \u00e9galement am\u00e9lior\u00e9e car l'air circule entre les points. \u00c0 l'arri\u00e8re de la chaussette, une maille ultral\u00e9g\u00e8re prend soin de la thermor\u00e9gulation sans ajouter de poids et une bande d'Achille compl\u00e8te en technologie dot offre un support rassurant dans toutes les disciplines. La coupe est plus haute que celle de nos mod\u00e8les trail et running pour une performance a\u00e9rodynamique optimale tout en restant dans les limites de l'UCI. Des inserts en silicone autour de la couture emp\u00eachent le mat\u00e9riau de glisser vers le bas lorsque vous passez du v\u00e9lo \u00e0 la course. La chaussette la plus rapide du groupe, la r\u00e9volutionnaire Aero Sock est pr\u00eate \u00e0 devenir votre nouvelle chaussure de choix, de votre tri local aux champs de lave de Kona.<\/p>\n","protected":false},"excerpt":{"rendered":"<p>R\u00e9unissant les technologies de nos mod\u00e8les de chaussettes les plus performants, la toute nouvelle chaussette Aero Sock porte les performances multisports \u00e0 un tout autre niveau, avec une vitesse d\u00e9fiant l'air. Test\u00e9 et optimis\u00e9 en soufflerie, le tissu avant pr\u00e9sente des lignes structur\u00e9es pour augmenter la turbulence de la couche limite (surface) et gagner plus [&hellip;]<\/p>\n","protected":false},"featured_media":1760,"template":"","meta":[],"pwb-brand":[97],"product_brand":[],"product_cat":[28],"product_tag":[],"class_list":{"0":"post-1759","1":"product","2":"type-product","3":"status-publish","4":"has-post-thumbnail","6":"pwb-brand-compressport","7":"product_cat-chaussettes","9":"first","10":"instock","11":"shipping-taxable","12":"purchasable","13":"product-type-simple"},"brands":[{"id":97,"name":"COMPRESSPORT","slug":"compressport"}],"_links":{"self":[{"href":"https:\/\/rrunning.tribalt.agency\/index.php?rest_route=\/wp\/v2\/product\/1759","targetHints":{"allow":["GET"]}}],"collection":[{"href":"https:\/\/rrunning.tribalt.agency\/index.php?rest_route=\/wp\/v2\/product"}],"about":[{"href":"https:\/\/rrunning.tribalt.agency\/index.php?rest_route=\/wp\/v2\/types\/product"}],"wp:featuredmedia":[{"embeddable":true,"href":"https:\/\/rrunning.tribalt.agency\/index.php?rest_route=\/wp\/v2\/media\/1760"}],"wp:attachment":[{"href":"https:\/\/rrunning.tribalt.agency\/index.php?rest_route=%2Fwp%2Fv2%2Fmedia&parent=1759"}],"wp:term":[{"taxonomy":"pwb-brand","embeddable":true,"href":"https:\/\/rrunning.tribalt.agency\/index.php?rest_route=%2Fwp%2Fv2%2Fpwb-brand&post=1759"},{"taxonomy":"product_brand","embeddable":true,"href":"https:\/\/rrunning.tribalt.agency\/index.php?rest_route=%2Fwp%2Fv2%2Fproduct_brand&post=1759"},{"taxonomy":"product_cat","embeddable":true,"href":"https:\/\/rrunning.tribalt.agency\/index.php?rest_route=%2Fwp%2Fv2%2Fproduct_cat&post=1759"},{"taxonomy":"product_tag","embeddable":true,"href":"https:\/\/rrunning.tribalt.agency\/index.php?rest_route=%2Fwp%2Fv2%2Fproduct_tag&post=1759"}],"curies":[{"name":"wp","href":"https:\/\/api.w.org\/{rel}","templated":true}]}}