{"id":1750,"date":"2025-06-26T13:29:52","date_gmt":"2025-06-26T11:29:52","guid":{"rendered":"https:\/\/rrunning.tribalt.agency\/?post_type=product&#038;p=1750"},"modified":"2025-06-26T13:31:23","modified_gmt":"2025-06-26T11:31:23","slug":"energy-gommes-fraise","status":"publish","type":"product","link":"https:\/\/rrunning.tribalt.agency\/?product=energy-gommes-fraise","title":{"rendered":"ENERGY GOMMES ORANGE SANGUINE GRENADE"},"content":{"rendered":"<p>D\u00e9couvrez notre gamme de gommes \u00e9nerg\u00e9tiques Made in France, d\u00e9clin\u00e9e en 8 saveurs, con\u00e7ue pour aider les sportifs \u00e0 maintenir leur niveau d'\u00e9nergie et de performance pendant leurs courses et s\u00e9ances d'entra\u00eenement.<\/p>\n<p>Compos\u00e9es de glucides \u00e0 indice glyc\u00e9mique \u00e9lev\u00e9 (glucose), d'\u00e9lectrolytes (sodium, potassium) et enrichies en vitamine C, ces gommes sont une solution efficace pour un apport d'\u00e9nergie rapide et contr\u00f4l\u00e9, ce qui en fait une bonne alternative aux gels \u00e9nerg\u00e9tiques.<\/p>\n<p>Chaque sachet comporte 3 gommes pour un total d'environ 100 kcal, dont 24 grammes de glucides (soit environ 8 grammes par bonbon). Certaines saveurs, comme cola, orange sanguine-grenade, cranberry-pomme et cassis, contiennent de la caf\u00e9ine, avec une teneur de 50 mg par sachet.<\/p>\n<p>Leur conditionnement les rend pratiques puisque chaque gomme peut \u00eatre consomm\u00e9e ind\u00e9pendamment des autres, permettant de prolonger leur utilisation, de compl\u00e9ter assez pr\u00e9cis\u00e9ment une strat\u00e9gie nutritionnelle \u00e0 l'effort et vous permet \u00e9galement de partager vos gommes avec vos partenaires d'entra\u00eenement. Le sachet entier repr\u00e9sente quasiment la teneur en glucides d'un gel, mais de mani\u00e8re plus diffuse, ce qui les rend pratiques pour tout type d'activit\u00e9 physique (randonn\u00e9e, trail, course \u00e0 pied, trek). De plus, elles se rangent tr\u00e8s facilement dans une poche ou un sac.<\/p>\n<p>Leur texture moelleuse et fondante conf\u00e8re \u00e0 ces bonbons 2.0 une utilisation adapt\u00e9e \u00e0 diff\u00e9rentes intensit\u00e9s, que ce soit en les m\u00e2chant ou en les laissant fondre en bouche. Ces gommes sont \u00e9galement tr\u00e8s digestes, permettant aux sportifs de se tenir \u00e9loign\u00e9s des troubles digestifs.<\/p>\n","protected":false},"excerpt":{"rendered":"<p>D\u00e9couvrez notre gamme de gommes \u00e9nerg\u00e9tiques Made in France, d\u00e9clin\u00e9e en 8 saveurs, con\u00e7ue pour aider les sportifs \u00e0 maintenir leur niveau d'\u00e9nergie et de performance pendant leurs courses et s\u00e9ances d'entra\u00eenement. Compos\u00e9es de glucides \u00e0 indice glyc\u00e9mique \u00e9lev\u00e9 (glucose), d'\u00e9lectrolytes (sodium, potassium) et enrichies en vitamine C, ces gommes sont une solution efficace pour [&hellip;]<\/p>\n","protected":false},"featured_media":1752,"template":"","meta":[],"pwb-brand":[128],"product_brand":[],"product_cat":[84],"product_tag":[],"class_list":{"0":"post-1750","1":"product","2":"type-product","3":"status-publish","4":"has-post-thumbnail","6":"pwb-brand-ta-energie","7":"product_cat-nutrition","9":"first","10":"instock","11":"shipping-taxable","12":"purchasable","13":"product-type-simple"},"brands":[{"id":128,"name":"TA ENERGIE","slug":"ta-energie"}],"_links":{"self":[{"href":"https:\/\/rrunning.tribalt.agency\/index.php?rest_route=\/wp\/v2\/product\/1750","targetHints":{"allow":["GET"]}}],"collection":[{"href":"https:\/\/rrunning.tribalt.agency\/index.php?rest_route=\/wp\/v2\/product"}],"about":[{"href":"https:\/\/rrunning.tribalt.agency\/index.php?rest_route=\/wp\/v2\/types\/product"}],"wp:featuredmedia":[{"embeddable":true,"href":"https:\/\/rrunning.tribalt.agency\/index.php?rest_route=\/wp\/v2\/media\/1752"}],"wp:attachment":[{"href":"https:\/\/rrunning.tribalt.agency\/index.php?rest_route=%2Fwp%2Fv2%2Fmedia&parent=1750"}],"wp:term":[{"taxonomy":"pwb-brand","embeddable":true,"href":"https:\/\/rrunning.tribalt.agency\/index.php?rest_route=%2Fwp%2Fv2%2Fpwb-brand&post=1750"},{"taxonomy":"product_brand","embeddable":true,"href":"https:\/\/rrunning.tribalt.agency\/index.php?rest_route=%2Fwp%2Fv2%2Fproduct_brand&post=1750"},{"taxonomy":"product_cat","embeddable":true,"href":"https:\/\/rrunning.tribalt.agency\/index.php?rest_route=%2Fwp%2Fv2%2Fproduct_cat&post=1750"},{"taxonomy":"product_tag","embeddable":true,"href":"https:\/\/rrunning.tribalt.agency\/index.php?rest_route=%2Fwp%2Fv2%2Fproduct_tag&post=1750"}],"curies":[{"name":"wp","href":"https:\/\/api.w.org\/{rel}","templated":true}]}}