{"id":1730,"date":"2025-06-26T13:19:56","date_gmt":"2025-06-26T11:19:56","guid":{"rendered":"https:\/\/rrunning.tribalt.agency\/?post_type=product&#038;p=1730"},"modified":"2025-06-26T13:20:49","modified_gmt":"2025-06-26T11:20:49","slug":"energy-gel-salted-caramel","status":"publish","type":"product","link":"https:\/\/rrunning.tribalt.agency\/?product=energy-gel-salted-caramel","title":{"rendered":"ENERGY GEL SALTED CARAMEL"},"content":{"rendered":"<p>D\u00e9couvrez notre gamme de gels \u00e9nerg\u00e9tiques d\u00e9clin\u00e9e en 11 saveurs, con\u00e7ue pour aider les sportifs \u00e0 maintenir leur niveau d'\u00e9nergie et de performance pendant leurs courses et leurs s\u00e9ances d'entra\u00eenement les plus intenses. Compos\u00e9s de glucides \u00e0 index glyc\u00e9mique \u00e9lev\u00e9, d'\u00e9lectrolytes, d'antioxydants, et enrichis en acides amin\u00e9s (BCAA) ainsi qu'en vitamines, ces gels offrent un v\u00e9ritable boost \u00e9nerg\u00e9tique.<\/p>\n<p>Chaque portion contient 33 grammes de glucides pour environ 130 kcal. La combinaison de glucose et de fructose permet un apport prolong\u00e9 et une meilleure absorption des sucres par le syst\u00e8me digestif. Les \u00e9lectrolytes (sodium, magn\u00e9sium, potassium) viennent compenser les pertes en min\u00e9raux pendant l'effort. Les vitamines, BCAA et antioxydants contribuent \u00e0 maintenir un bon fonctionnement de l'organisme.<\/p>\n<p>Certains de nos gels (saveurs caf\u00e9 et wildberry) comportent \u00e9galement de la caf\u00e9ine, id\u00e9ale pour \u00e9lever le niveau de concentration et de vigilance durant l'exercice. Par ailleurs, leur texture liquide et leur composition en font des produits pratiques, digestes et faciles \u00e0 assimiler.<\/p>\n<p>Que vous soyez un athl\u00e8te de haut niveau ou un d\u00e9butant, nos gels \u00e9nerg\u00e9tiques sont un choix judicieux pour vous aider \u00e0 am\u00e9liorer vos performances et atteindre vos objectifs sportifs. Commandez l\u00e8s d\u00e8s maintenant!<\/p>\n","protected":false},"excerpt":{"rendered":"<p>D\u00e9couvrez notre gamme de gels \u00e9nerg\u00e9tiques d\u00e9clin\u00e9e en 11 saveurs, con\u00e7ue pour aider les sportifs \u00e0 maintenir leur niveau d'\u00e9nergie et de performance pendant leurs courses et leurs s\u00e9ances d'entra\u00eenement les plus intenses. Compos\u00e9s de glucides \u00e0 index glyc\u00e9mique \u00e9lev\u00e9, d'\u00e9lectrolytes, d'antioxydants, et enrichis en acides amin\u00e9s (BCAA) ainsi qu'en vitamines, ces gels offrent un [&hellip;]<\/p>\n","protected":false},"featured_media":1731,"template":"","meta":[],"pwb-brand":[128],"product_brand":[],"product_cat":[84],"product_tag":[],"class_list":{"0":"post-1730","1":"product","2":"type-product","3":"status-publish","4":"has-post-thumbnail","6":"pwb-brand-ta-energie","7":"product_cat-nutrition","9":"first","10":"instock","11":"shipping-taxable","12":"purchasable","13":"product-type-simple"},"brands":[{"id":128,"name":"TA ENERGIE","slug":"ta-energie"}],"_links":{"self":[{"href":"https:\/\/rrunning.tribalt.agency\/index.php?rest_route=\/wp\/v2\/product\/1730","targetHints":{"allow":["GET"]}}],"collection":[{"href":"https:\/\/rrunning.tribalt.agency\/index.php?rest_route=\/wp\/v2\/product"}],"about":[{"href":"https:\/\/rrunning.tribalt.agency\/index.php?rest_route=\/wp\/v2\/types\/product"}],"wp:featuredmedia":[{"embeddable":true,"href":"https:\/\/rrunning.tribalt.agency\/index.php?rest_route=\/wp\/v2\/media\/1731"}],"wp:attachment":[{"href":"https:\/\/rrunning.tribalt.agency\/index.php?rest_route=%2Fwp%2Fv2%2Fmedia&parent=1730"}],"wp:term":[{"taxonomy":"pwb-brand","embeddable":true,"href":"https:\/\/rrunning.tribalt.agency\/index.php?rest_route=%2Fwp%2Fv2%2Fpwb-brand&post=1730"},{"taxonomy":"product_brand","embeddable":true,"href":"https:\/\/rrunning.tribalt.agency\/index.php?rest_route=%2Fwp%2Fv2%2Fproduct_brand&post=1730"},{"taxonomy":"product_cat","embeddable":true,"href":"https:\/\/rrunning.tribalt.agency\/index.php?rest_route=%2Fwp%2Fv2%2Fproduct_cat&post=1730"},{"taxonomy":"product_tag","embeddable":true,"href":"https:\/\/rrunning.tribalt.agency\/index.php?rest_route=%2Fwp%2Fv2%2Fproduct_tag&post=1730"}],"curies":[{"name":"wp","href":"https:\/\/api.w.org\/{rel}","templated":true}]}}