{"id":1700,"date":"2025-06-26T12:32:35","date_gmt":"2025-06-26T10:32:35","guid":{"rendered":"https:\/\/rrunning.tribalt.agency\/?post_type=product&#038;p=1700"},"modified":"2025-06-26T12:34:46","modified_gmt":"2025-06-26T10:34:46","slug":"electrolytes-hydratation-tabs-agrumes","status":"publish","type":"product","link":"https:\/\/rrunning.tribalt.agency\/?product=electrolytes-hydratation-tabs-agrumes","title":{"rendered":"ELECTROLYTES HYDRATATION TABS CITRON"},"content":{"rendered":"<p>Une solution made in France pour rester hydrat\u00e9 au quotidien, notamment lorsqu'il fait chaud, ou lors de vos activit\u00e9s physiques et sportives, sans apport calorique.<br \/>\n<strong>Fabriqu\u00e9es en France<\/strong>, nos pastilles d'hydratation T\u0101 sont disponibles en 8 saveurs. Elles vous apporteront les min\u00e9raux essentiels (<strong>sodium, potassium, magn\u00e9sium, calcium<\/strong>) pour compenser les pertes caus\u00e9es par la sudation, des vitamines B2, B6, B12 qui participent \u00e0 la production \u00e9nerg\u00e9tique et de la vitamine C qui a un r\u00f4le d'antioxydant et aide \u00e0 lutter contre la fatigue.<br \/>\nId\u00e9ales en cas de fortes chaleurs et d'effort intense ou de longue dur\u00e9e, elles contribuent \u00e0 maintenir l'\u00e9quilibre hydrique gr\u00e2ce \u00e0 une meilleure absorption de l'eau et ainsi lutter contre la d\u00e9shydratation (crampes musculaires, maux de t\u00eate, \u00e9tourdissements, fatigue).<\/p>\n","protected":false},"excerpt":{"rendered":"<p>Une solution made in France pour rester hydrat\u00e9 au quotidien, notamment lorsqu'il fait chaud, ou lors de vos activit\u00e9s physiques et sportives, sans apport calorique. Fabriqu\u00e9es en France, nos pastilles d'hydratation T\u0101 sont disponibles en 8 saveurs. Elles vous apporteront les min\u00e9raux essentiels (sodium, potassium, magn\u00e9sium, calcium) pour compenser les pertes caus\u00e9es par la sudation, [&hellip;]<\/p>\n","protected":false},"featured_media":1702,"template":"","meta":[],"pwb-brand":[128],"product_brand":[],"product_cat":[84],"product_tag":[],"class_list":{"0":"post-1700","1":"product","2":"type-product","3":"status-publish","4":"has-post-thumbnail","6":"pwb-brand-ta-energie","7":"product_cat-nutrition","9":"first","10":"instock","11":"shipping-taxable","12":"purchasable","13":"product-type-simple"},"brands":[{"id":128,"name":"TA ENERGIE","slug":"ta-energie"}],"_links":{"self":[{"href":"https:\/\/rrunning.tribalt.agency\/index.php?rest_route=\/wp\/v2\/product\/1700","targetHints":{"allow":["GET"]}}],"collection":[{"href":"https:\/\/rrunning.tribalt.agency\/index.php?rest_route=\/wp\/v2\/product"}],"about":[{"href":"https:\/\/rrunning.tribalt.agency\/index.php?rest_route=\/wp\/v2\/types\/product"}],"wp:featuredmedia":[{"embeddable":true,"href":"https:\/\/rrunning.tribalt.agency\/index.php?rest_route=\/wp\/v2\/media\/1702"}],"wp:attachment":[{"href":"https:\/\/rrunning.tribalt.agency\/index.php?rest_route=%2Fwp%2Fv2%2Fmedia&parent=1700"}],"wp:term":[{"taxonomy":"pwb-brand","embeddable":true,"href":"https:\/\/rrunning.tribalt.agency\/index.php?rest_route=%2Fwp%2Fv2%2Fpwb-brand&post=1700"},{"taxonomy":"product_brand","embeddable":true,"href":"https:\/\/rrunning.tribalt.agency\/index.php?rest_route=%2Fwp%2Fv2%2Fproduct_brand&post=1700"},{"taxonomy":"product_cat","embeddable":true,"href":"https:\/\/rrunning.tribalt.agency\/index.php?rest_route=%2Fwp%2Fv2%2Fproduct_cat&post=1700"},{"taxonomy":"product_tag","embeddable":true,"href":"https:\/\/rrunning.tribalt.agency\/index.php?rest_route=%2Fwp%2Fv2%2Fproduct_tag&post=1700"}],"curies":[{"name":"wp","href":"https:\/\/api.w.org\/{rel}","templated":true}]}}