{"id":1690,"date":"2025-06-26T11:57:44","date_gmt":"2025-06-26T09:57:44","guid":{"rendered":"https:\/\/rrunning.tribalt.agency\/?post_type=product&#038;p=1690"},"modified":"2025-06-26T12:16:26","modified_gmt":"2025-06-26T10:16:26","slug":"capsules-de-bcaa","status":"publish","type":"product","link":"https:\/\/rrunning.tribalt.agency\/?product=capsules-de-bcaa","title":{"rendered":"CAPSULES DE BCAA"},"content":{"rendered":"<h3 class=\"mb-4 size--default sm-size--default\">Comprim\u00e9s de BCAA<\/h3>\n<div class=\"rte rte--no-max size--default sm-size--default\">\n<p>D\u00e9couvrez notre gamme de BCAA con\u00e7ue pour vous aider \u00e0 r\u00e9cup\u00e9rer et soutenir votre charge d'entra\u00eenement au quotidien.<\/p>\n<p>Les BCAA, ou acides amin\u00e9s \u00e0 cha\u00eene ramifi\u00e9e, comprennent trois acides amin\u00e9s essentiels : la leucine, la valine et l'isoleucine. \u00c9tant essentiels, ces acides amin\u00e9s ne peuvent pas \u00eatre synth\u00e9tis\u00e9s par l'organisme et doivent donc \u00eatre apport\u00e9s par l'alimentation, notamment \u00e0 travers les prot\u00e9ines animales et v\u00e9g\u00e9tales. Si les besoins primaires ne sont pas couverts ou en cas d'activit\u00e9 physique intense, une suppl\u00e9mentation peut \u00eatre n\u00e9cessaire.<\/p>\n<p>La leucine est cruciale dans la synth\u00e8se prot\u00e9ique, la valine contribue \u00e0 la r\u00e9paration des tissus et favorise la construction musculaire, tandis que l'isoleucine sert de source d'\u00e9nergie pour les muscles.<\/p>\n<p>Notre produit pr\u00e9sente un ratio 2:1:1, avec deux fois plus de leucine que de valine et d'isoleucine. Ce ratio est bas\u00e9 sur le r\u00f4le pr\u00e9pond\u00e9rant de la leucine dans la r\u00e9cup\u00e9ration et sur la proportion naturelle utilis\u00e9e par notre corps (2:1:1). De plus, il est certifi\u00e9 KYOWA, un label japonais, garantissant la qualit\u00e9 \u00e9lev\u00e9e du produit.<\/p>\n<p>Que vous soyez un sportif d'endurance ou un pratiquant de musculation, les BCAA jouent un r\u00f4le crucial dans l'apport et le maintien d'\u00e9nergie, la limitation du catabolisme, la gestion de la fatigue (tryptophane) et la r\u00e9cup\u00e9ration musculaire. N'attendez plus et commandez-les d\u00e8s maintenant !<\/p>\n<\/div>\n","protected":false},"excerpt":{"rendered":"<p>Comprim\u00e9s de BCAA D\u00e9couvrez notre gamme de BCAA con\u00e7ue pour vous aider \u00e0 r\u00e9cup\u00e9rer et soutenir votre charge d'entra\u00eenement au quotidien. Les BCAA, ou acides amin\u00e9s \u00e0 cha\u00eene ramifi\u00e9e, comprennent trois acides amin\u00e9s essentiels : la leucine, la valine et l'isoleucine. \u00c9tant essentiels, ces acides amin\u00e9s ne peuvent pas \u00eatre synth\u00e9tis\u00e9s par l'organisme et doivent [&hellip;]<\/p>\n","protected":false},"featured_media":1693,"template":"","meta":[],"pwb-brand":[128],"product_brand":[],"product_cat":[84],"product_tag":[],"class_list":{"0":"post-1690","1":"product","2":"type-product","3":"status-publish","4":"has-post-thumbnail","6":"pwb-brand-ta-energie","7":"product_cat-nutrition","9":"first","10":"instock","11":"shipping-taxable","12":"purchasable","13":"product-type-simple"},"brands":[{"id":128,"name":"TA ENERGIE","slug":"ta-energie"}],"_links":{"self":[{"href":"https:\/\/rrunning.tribalt.agency\/index.php?rest_route=\/wp\/v2\/product\/1690","targetHints":{"allow":["GET"]}}],"collection":[{"href":"https:\/\/rrunning.tribalt.agency\/index.php?rest_route=\/wp\/v2\/product"}],"about":[{"href":"https:\/\/rrunning.tribalt.agency\/index.php?rest_route=\/wp\/v2\/types\/product"}],"wp:featuredmedia":[{"embeddable":true,"href":"https:\/\/rrunning.tribalt.agency\/index.php?rest_route=\/wp\/v2\/media\/1693"}],"wp:attachment":[{"href":"https:\/\/rrunning.tribalt.agency\/index.php?rest_route=%2Fwp%2Fv2%2Fmedia&parent=1690"}],"wp:term":[{"taxonomy":"pwb-brand","embeddable":true,"href":"https:\/\/rrunning.tribalt.agency\/index.php?rest_route=%2Fwp%2Fv2%2Fpwb-brand&post=1690"},{"taxonomy":"product_brand","embeddable":true,"href":"https:\/\/rrunning.tribalt.agency\/index.php?rest_route=%2Fwp%2Fv2%2Fproduct_brand&post=1690"},{"taxonomy":"product_cat","embeddable":true,"href":"https:\/\/rrunning.tribalt.agency\/index.php?rest_route=%2Fwp%2Fv2%2Fproduct_cat&post=1690"},{"taxonomy":"product_tag","embeddable":true,"href":"https:\/\/rrunning.tribalt.agency\/index.php?rest_route=%2Fwp%2Fv2%2Fproduct_tag&post=1690"}],"curies":[{"name":"wp","href":"https:\/\/api.w.org\/{rel}","templated":true}]}}