{"id":1687,"date":"2025-06-26T11:54:02","date_gmt":"2025-06-26T09:54:02","guid":{"rendered":"https:\/\/rrunning.tribalt.agency\/?post_type=product&#038;p=1687"},"modified":"2025-06-26T11:55:19","modified_gmt":"2025-06-26T09:55:19","slug":"unusual-gel45cho-100-caf-2","status":"publish","type":"product","link":"https:\/\/rrunning.tribalt.agency\/?product=unusual-gel45cho-100-caf-2","title":{"rendered":"UNUSUAL GEL45CHO 100 CAF"},"content":{"rendered":"<p style=\"font-weight: 400;\"><b><strong>UNUSUAL GEL 45CHO RATIO 1:1<\/strong><\/b>\u00a0est un gel \u00e9nerg\u00e9tique avec 45g d'hydrates de carbone avec<b><strong>\u00a0RATIO 1:1<\/strong><\/b>.<\/p>\n<p style=\"font-weight: 400;\"><b><strong>UNUSUAL GEL 45CHO<\/strong><\/b>\u00a0incorpore une formulation ax\u00e9e sur le<b><strong>\u00a0RATIO 1:1<\/strong><\/b>, en \u00e9quilibrant la charge de travail des\u00a0<b><strong>SGLT1, SGLT2\u00a0et GLUT 5<\/strong><\/b>, les deux portes intestinales vers le sang. Nous obtenons ainsi une efficacit\u00e9 maximale dans l'absorption et la m\u00e9tabolisation des hydrates de carbone, ce qui en fait un produit id\u00e9al pour les strat\u00e9gies nutritionnelles de 90 grammes ou plus d'hydrates de carbone par heure.<\/p>\n<p style=\"font-weight: 400;\">Rappelons que l'\u00e9quipe de d\u00e9veloppement de\u00a0<b><strong>SANTA MADRE<\/strong><\/b>\u00a0travaille depuis longtemps sur le\u00a0<b><strong>RATIO 1:1<\/strong><\/b>, obtenant des r\u00e9sultats incroyables, la marque ayant \u00e9t\u00e9 pionni\u00e8re dans sa ligne en 2022.<\/p>\n<p style=\"font-weight: 400;\">Ce gel vient avec la n\u00e9cessit\u00e9 d'incorporer un\u00a0<b><strong>RATIO 1:1<\/strong><\/b>\u00a0\u00e0 la ligne\u00a0<b><strong>UNUSUAL<\/strong><\/b>, en compl\u00e9ment du\u00a0<b><strong>GEL 60g, UNUSUAL GEL.<\/strong><\/b><\/p>\n<p style=\"font-weight: 400;\"><b><strong>L'UNUSUAL GEL 45CHO<\/strong><\/b>\u00a0est un outil parfait pour les efforts o\u00f9 la difficult\u00e9 d'ing\u00e9rer de la nourriture est difficile, c'est un gel tr\u00e8s liquide avec une taille interm\u00e9diaire et facile \u00e0 prendre. C'est un gel exceptionnel pour les courses de running et de trail running et les \u00e9preuves de haute intensit\u00e9.<\/p>\n<p style=\"font-weight: 400;\"><b><strong>UNUSUAL GEL 45CHO<\/strong><\/b>\u00a0contient\u00a0<b><strong>200mg de sodium par gel<\/strong><\/b>, ce qui le rend parfait pour \u00e9viter la consommation suppl\u00e9mentaire de sels min\u00e9raux (en fonction de la strat\u00e9gie).<\/p>\n<p style=\"font-weight: 400;\"><b><strong>Le gel UNUSUAL GEL 45CHO<\/strong><\/b>\u00a0vient agrandir la famille UNUSUAL, une ligne de la marque con\u00e7ue pour les efforts de longue distance et les strat\u00e9gies nutritionnelles exigeantes, qui se caract\u00e9rise par le fonctionnement de ses hydrates de carbone, offrant \u00e0 l'athl\u00e8te de grandes capacit\u00e9s digestives et \u00e9nerg\u00e9tiques, capables de fournir \u00e0 l'organisme les outils n\u00e9cessaires pour absorber de grandes quantit\u00e9s d'hydrates de carbone par heure.<\/p>\n","protected":false},"excerpt":{"rendered":"<p>UNUSUAL GEL 45CHO RATIO 1:1\u00a0est un gel \u00e9nerg\u00e9tique avec 45g d'hydrates de carbone avec\u00a0RATIO 1:1. UNUSUAL GEL 45CHO\u00a0incorpore une formulation ax\u00e9e sur le\u00a0RATIO 1:1, en \u00e9quilibrant la charge de travail des\u00a0SGLT1, SGLT2\u00a0et GLUT 5, les deux portes intestinales vers le sang. Nous obtenons ainsi une efficacit\u00e9 maximale dans l'absorption et la m\u00e9tabolisation des hydrates de [&hellip;]<\/p>\n","protected":false},"featured_media":1688,"template":"","meta":[],"pwb-brand":[156],"product_brand":[],"product_cat":[84],"product_tag":[],"class_list":{"0":"post-1687","1":"product","2":"type-product","3":"status-publish","4":"has-post-thumbnail","6":"pwb-brand-santa-madre","7":"product_cat-nutrition","9":"first","10":"instock","11":"shipping-taxable","12":"purchasable","13":"product-type-simple"},"brands":[{"id":156,"name":"SANTA MADRE","slug":"santa-madre"}],"_links":{"self":[{"href":"https:\/\/rrunning.tribalt.agency\/index.php?rest_route=\/wp\/v2\/product\/1687","targetHints":{"allow":["GET"]}}],"collection":[{"href":"https:\/\/rrunning.tribalt.agency\/index.php?rest_route=\/wp\/v2\/product"}],"about":[{"href":"https:\/\/rrunning.tribalt.agency\/index.php?rest_route=\/wp\/v2\/types\/product"}],"wp:featuredmedia":[{"embeddable":true,"href":"https:\/\/rrunning.tribalt.agency\/index.php?rest_route=\/wp\/v2\/media\/1688"}],"wp:attachment":[{"href":"https:\/\/rrunning.tribalt.agency\/index.php?rest_route=%2Fwp%2Fv2%2Fmedia&parent=1687"}],"wp:term":[{"taxonomy":"pwb-brand","embeddable":true,"href":"https:\/\/rrunning.tribalt.agency\/index.php?rest_route=%2Fwp%2Fv2%2Fpwb-brand&post=1687"},{"taxonomy":"product_brand","embeddable":true,"href":"https:\/\/rrunning.tribalt.agency\/index.php?rest_route=%2Fwp%2Fv2%2Fproduct_brand&post=1687"},{"taxonomy":"product_cat","embeddable":true,"href":"https:\/\/rrunning.tribalt.agency\/index.php?rest_route=%2Fwp%2Fv2%2Fproduct_cat&post=1687"},{"taxonomy":"product_tag","embeddable":true,"href":"https:\/\/rrunning.tribalt.agency\/index.php?rest_route=%2Fwp%2Fv2%2Fproduct_tag&post=1687"}],"curies":[{"name":"wp","href":"https:\/\/api.w.org\/{rel}","templated":true}]}}