{"id":1686,"date":"2025-06-26T11:53:28","date_gmt":"2025-06-26T09:53:28","guid":{"rendered":"https:\/\/rrunning.tribalt.agency\/?post_type=product&#038;p=1686"},"modified":"2025-06-26T11:53:53","modified_gmt":"2025-06-26T09:53:53","slug":"unusual-gel45cho-100-caf","status":"publish","type":"product","link":"https:\/\/rrunning.tribalt.agency\/?product=unusual-gel45cho-100-caf","title":{"rendered":"UNUSUAL GEL45CHO 100 CAF"},"content":{"rendered":"<p style=\"font-weight: 400;\"><b><strong>NUSUAL GEL 60CHO OFF CAF (RATIO 1:0,8),<\/strong><\/b>\u00a0est un nouveau gel basse densit\u00e9 fabriqu\u00e9 sous la technologie liquide, avec une charge \u00e9nerg\u00e9tique \u00e9lev\u00e9e unique sur le march\u00e9, exempt de stimulants \u00e0 prendre pendant l\u2019effort.<\/p>\n<p style=\"font-weight: 400;\"><b><strong>UNUSUAL GEL 60CHO OFF CAF (RATIO 1:0.8)<\/strong><\/b>\u00a0est le r\u00e9sultat de nombreuses \u00e9tudes, peut-\u00eatre le gel \u00e9nerg\u00e9tique avec l\u2019apport le plus \u00e9lev\u00e9 de glucides sur le march\u00e9, formul\u00e9 uniquement avec une s\u00e9lection rigoureuse des mati\u00e8res premi\u00e8res afin de garantir un apport \u00e9nerg\u00e9tique proche de 80 minutes.<\/p>\n<p style=\"font-weight: 400;\"><b><strong>UNUSUAL GEL 60CHO OFF CAF (RATIO 1:0,8) contient 60 g<\/strong><\/b>\u00a0de glucides qui r\u00e9pondent \u00e0 la capacit\u00e9 d\u2019absorption de l\u2019organisme. UNUSUAL GEL Il utilise un RATIO 1:08 augmentant la charge de travail sur le transporteur GLUT5 par rapport \u00e0 la plupart des gels sur le march\u00e9, ce qui favorise la capacit\u00e9 d\u2019absorption des glucides de l\u2019organisme \u00e9tant id\u00e9ale pour les efforts de plus de 3 heures avec des strat\u00e9gies d\u2019apport \u00e9lev\u00e9 en glucides par heure, pouvant d\u00e9passer 100g\/heure.<\/p>\n<p style=\"font-weight: 400;\"><b><strong>UNUSUAL GEL,<\/strong><\/b>\u00a0est un gel \u00e9nerg\u00e9tique sans stimulants, ses 60 grammes de glucides dans le RAPPORT 1-0,8 sont le r\u00e9sultat de l\u2019utilisation de 4 ingr\u00e9dients diff\u00e9rents afin d\u2019obtenir une absorption s\u00e9quentielle et d\u2019\u00e9viter le risque de saturation des transporteurs.<\/p>\n<p style=\"font-weight: 400;\"><b><strong>UNUSUAL GEL,<\/strong><\/b>\u00a0d\u2019autre part, a \u00e9t\u00e9 con\u00e7u avec sa technologie \u00ab Refresh \u00bb afin d\u2019aider le corps dans sa thermor\u00e9gulation, laissant une sensation rafra\u00eechissante sur le palais.<\/p>\n","protected":false},"excerpt":{"rendered":"<p>NUSUAL GEL 60CHO OFF CAF (RATIO 1:0,8),\u00a0est un nouveau gel basse densit\u00e9 fabriqu\u00e9 sous la technologie liquide, avec une charge \u00e9nerg\u00e9tique \u00e9lev\u00e9e unique sur le march\u00e9, exempt de stimulants \u00e0 prendre pendant l\u2019effort. UNUSUAL GEL 60CHO OFF CAF (RATIO 1:0.8)\u00a0est le r\u00e9sultat de nombreuses \u00e9tudes, peut-\u00eatre le gel \u00e9nerg\u00e9tique avec l\u2019apport le plus \u00e9lev\u00e9 de [&hellip;]<\/p>\n","protected":false},"featured_media":1685,"template":"","meta":[],"pwb-brand":[156],"product_brand":[],"product_cat":[84],"product_tag":[],"class_list":{"0":"post-1686","1":"product","2":"type-product","3":"status-publish","4":"has-post-thumbnail","6":"pwb-brand-santa-madre","7":"product_cat-nutrition","9":"first","10":"instock","11":"shipping-taxable","12":"purchasable","13":"product-type-simple"},"brands":[{"id":156,"name":"SANTA MADRE","slug":"santa-madre"}],"_links":{"self":[{"href":"https:\/\/rrunning.tribalt.agency\/index.php?rest_route=\/wp\/v2\/product\/1686","targetHints":{"allow":["GET"]}}],"collection":[{"href":"https:\/\/rrunning.tribalt.agency\/index.php?rest_route=\/wp\/v2\/product"}],"about":[{"href":"https:\/\/rrunning.tribalt.agency\/index.php?rest_route=\/wp\/v2\/types\/product"}],"wp:featuredmedia":[{"embeddable":true,"href":"https:\/\/rrunning.tribalt.agency\/index.php?rest_route=\/wp\/v2\/media\/1685"}],"wp:attachment":[{"href":"https:\/\/rrunning.tribalt.agency\/index.php?rest_route=%2Fwp%2Fv2%2Fmedia&parent=1686"}],"wp:term":[{"taxonomy":"pwb-brand","embeddable":true,"href":"https:\/\/rrunning.tribalt.agency\/index.php?rest_route=%2Fwp%2Fv2%2Fpwb-brand&post=1686"},{"taxonomy":"product_brand","embeddable":true,"href":"https:\/\/rrunning.tribalt.agency\/index.php?rest_route=%2Fwp%2Fv2%2Fproduct_brand&post=1686"},{"taxonomy":"product_cat","embeddable":true,"href":"https:\/\/rrunning.tribalt.agency\/index.php?rest_route=%2Fwp%2Fv2%2Fproduct_cat&post=1686"},{"taxonomy":"product_tag","embeddable":true,"href":"https:\/\/rrunning.tribalt.agency\/index.php?rest_route=%2Fwp%2Fv2%2Fproduct_tag&post=1686"}],"curies":[{"name":"wp","href":"https:\/\/api.w.org\/{rel}","templated":true}]}}