{"id":1684,"date":"2025-06-26T11:52:19","date_gmt":"2025-06-26T09:52:19","guid":{"rendered":"https:\/\/rrunning.tribalt.agency\/?post_type=product&#038;p=1684"},"modified":"2025-06-26T11:53:18","modified_gmt":"2025-06-26T09:53:18","slug":"unusual-gel-60cho-off-caf","status":"publish","type":"product","link":"https:\/\/rrunning.tribalt.agency\/?product=unusual-gel-60cho-off-caf","title":{"rendered":"UNUSUAL GEL 60CHO OFF CAF"},"content":{"rendered":"<p style=\"font-weight: 400;\"><strong style=\"font-weight: 600;\">SANTA MADRE UNUSUAL FUEL\u00a0<\/strong>est la seule boisson sur le march\u00e9 avec 100g de glucides par portion et avec un ratio de 1:1, pouvant transporter des strat\u00e9gies nutritionnelles de plus de 100g de glucides par heure.<\/p>\n<p style=\"font-weight: 400;\">Cette boisson a \u00e9t\u00e9 con\u00e7ue sur la base de centaines d\u2019articles scientifiques, de donn\u00e9es physiologiques et de plusieurs \u00e9tudes sur le terrain<strong style=\"font-weight: 600;\">. SANTA MADRE UNUSUAL FUEL\u00a0<\/strong>fonctionne dans un rapport r\u00e9volutionnaire de\u00a0<strong style=\"font-weight: 600;\">1:1<\/strong>.<\/p>\n<p style=\"font-weight: 400;\"><strong style=\"font-weight: 600;\">C\u2019est une boisson sp\u00e9cialis\u00e9e pour les sports de longue dur\u00e9e\u00a0<\/strong>et pour les<strong style=\"font-weight: 600;\">\u00a0<\/strong>athl\u00e8tes qui travaillent de grandes quantit\u00e9s de glucides par heure. Il convient de noter que ce type de strat\u00e9gie devrait toujours \u00eatre pr\u00e9c\u00e9d\u00e9 d\u2019un entra\u00eenement sp\u00e9cifique.<\/p>\n<p style=\"font-weight: 400;\"><strong style=\"font-weight: 600;\">SANTA MADRE UNUSUAL FUEL est une boisson sans gluten et sans lactose adapt\u00e9e aux v\u00e9g\u00e9taliens.\u00a0<\/strong>D\u00e9couvrez ce produit sans caf\u00e9ine en deux versions, neutre et citron.<\/p>\n<p style=\"font-weight: 400;\">Il s'agit d'une boisson qui apporte de grandes quantit\u00e9s de glucides, qui ne doit pas \u00eatre confondue avec une boisson d'hydratation, il est donc essentiel de l'accompagner d'eau suppl\u00e9mentaire pendant son utilisation pour\u00a0<strong style=\"font-weight: 600;\">favoriser<\/strong>\u00a0sa digestibilit\u00e9.<\/p>\n<p style=\"font-weight: 400;\">Nous indiquons ci-dessous la quantit\u00e9 d'eau suppl\u00e9mentaire par\u00a0<strong style=\"font-weight: 600;\">UNUSUAL FUEL 100CHO dilu\u00e9 dans 500ml,<\/strong>\u00a0en fonction de la temp\u00e9rature et de l'humidit\u00e9. Il faut garder \u00e0 l'esprit que ces chiffres sont toujours approximatifs car chaque organisme r\u00e9agit diff\u00e9remment \u00e0 l'effort, \u00e0 l'humidit\u00e9 et aux temp\u00e9ratures \u00e9lev\u00e9es. Retrouvez un guide qui vous permettra de doser au mieux votre\u00a0<strong style=\"font-weight: 600;\">UNUSUAL FUEL<\/strong>.<\/p>\n","protected":false},"excerpt":{"rendered":"<p>SANTA MADRE UNUSUAL FUEL\u00a0est la seule boisson sur le march\u00e9 avec 100g de glucides par portion et avec un ratio de 1:1, pouvant transporter des strat\u00e9gies nutritionnelles de plus de 100g de glucides par heure. Cette boisson a \u00e9t\u00e9 con\u00e7ue sur la base de centaines d\u2019articles scientifiques, de donn\u00e9es physiologiques et de plusieurs \u00e9tudes sur [&hellip;]<\/p>\n","protected":false},"featured_media":1685,"template":"","meta":[],"pwb-brand":[156],"product_brand":[],"product_cat":[84],"product_tag":[],"class_list":{"0":"post-1684","1":"product","2":"type-product","3":"status-publish","4":"has-post-thumbnail","6":"pwb-brand-santa-madre","7":"product_cat-nutrition","9":"first","10":"instock","11":"shipping-taxable","12":"purchasable","13":"product-type-simple"},"brands":[{"id":156,"name":"SANTA MADRE","slug":"santa-madre"}],"_links":{"self":[{"href":"https:\/\/rrunning.tribalt.agency\/index.php?rest_route=\/wp\/v2\/product\/1684","targetHints":{"allow":["GET"]}}],"collection":[{"href":"https:\/\/rrunning.tribalt.agency\/index.php?rest_route=\/wp\/v2\/product"}],"about":[{"href":"https:\/\/rrunning.tribalt.agency\/index.php?rest_route=\/wp\/v2\/types\/product"}],"wp:featuredmedia":[{"embeddable":true,"href":"https:\/\/rrunning.tribalt.agency\/index.php?rest_route=\/wp\/v2\/media\/1685"}],"wp:attachment":[{"href":"https:\/\/rrunning.tribalt.agency\/index.php?rest_route=%2Fwp%2Fv2%2Fmedia&parent=1684"}],"wp:term":[{"taxonomy":"pwb-brand","embeddable":true,"href":"https:\/\/rrunning.tribalt.agency\/index.php?rest_route=%2Fwp%2Fv2%2Fpwb-brand&post=1684"},{"taxonomy":"product_brand","embeddable":true,"href":"https:\/\/rrunning.tribalt.agency\/index.php?rest_route=%2Fwp%2Fv2%2Fproduct_brand&post=1684"},{"taxonomy":"product_cat","embeddable":true,"href":"https:\/\/rrunning.tribalt.agency\/index.php?rest_route=%2Fwp%2Fv2%2Fproduct_cat&post=1684"},{"taxonomy":"product_tag","embeddable":true,"href":"https:\/\/rrunning.tribalt.agency\/index.php?rest_route=%2Fwp%2Fv2%2Fproduct_tag&post=1684"}],"curies":[{"name":"wp","href":"https:\/\/api.w.org\/{rel}","templated":true}]}}