{"id":1678,"date":"2025-06-26T11:48:47","date_gmt":"2025-06-26T09:48:47","guid":{"rendered":"https:\/\/rrunning.tribalt.agency\/?post_type=product&#038;p=1678"},"modified":"2025-06-26T11:49:55","modified_gmt":"2025-06-26T09:49:55","slug":"unusual-bar-50cho","status":"publish","type":"product","link":"https:\/\/rrunning.tribalt.agency\/?product=unusual-bar-50cho","title":{"rendered":"UNUSUAL BAR 50CHO"},"content":{"rendered":"<p style=\"font-weight: 400;\"><strong style=\"font-weight: 600;\">UNUSUAL BAR 50CHO RATIO 1:1\u00a0<\/strong>est une barre unique sur le march\u00e9, n\u00e9e pour faire la diff\u00e9rence, n\u00e9e pour \u00eatre<strong style=\"font-weight: 600;\">\u00a0UNUSUAL.<\/strong><\/p>\n<p style=\"font-weight: 400;\">Il s'agit d'une barre \u00e9nerg\u00e9tique con\u00e7ue pour \u00eatre consomm\u00e9e pendant l'exercice, elle offre \u00e0 l'athl\u00e8te des privil\u00e8ges jamais vus auparavant\u00a0<strong style=\"font-weight: 600;\">dans une barre.<\/strong><\/p>\n<ul style=\"font-weight: 400;\">\n<li>Elle contient\u00a0<strong style=\"font-weight: 600;\">50 g d'hydrates de carbone\u00a0<\/strong>dans seulement 65 g de produit.<\/li>\n<li>Seulement<strong style=\"font-weight: 600;\">\u00a03 g de mati\u00e8res grasses par barre<\/strong>, soit moins de 5 % de mati\u00e8res grasses.<\/li>\n<li><strong style=\"font-weight: 600;\">Le rapport innovant 1:1\u00a0<\/strong>d\u00e9j\u00e0 connu au sein de la marque.<\/li>\n<li><strong style=\"font-weight: 600;\">Facilit\u00e9 de mastication et de digestion<\/strong>, id\u00e9al pour la prise pendant l'effort.<\/li>\n<\/ul>\n<p style=\"font-weight: 400;\"><strong style=\"font-weight: 600;\">Une barre con\u00e7ue pour \u00eatre consomm\u00e9e en quelques instants<\/strong>, gr\u00e2ce \u00e0 sa facilit\u00e9 de mastication et d'assimilation, ce qui \u00e9tait le principal probl\u00e8me \u00e0 r\u00e9soudre, une barre qui peut \u00eatre consomm\u00e9e \u00e0 une intensit\u00e9 moyenne-\u00e9lev\u00e9e et assimil\u00e9e en un temps record par l\u2019organisme.<\/p>\n","protected":false},"excerpt":{"rendered":"<p>UNUSUAL BAR 50CHO RATIO 1:1\u00a0est une barre unique sur le march\u00e9, n\u00e9e pour faire la diff\u00e9rence, n\u00e9e pour \u00eatre\u00a0UNUSUAL. Il s'agit d'une barre \u00e9nerg\u00e9tique con\u00e7ue pour \u00eatre consomm\u00e9e pendant l'exercice, elle offre \u00e0 l'athl\u00e8te des privil\u00e8ges jamais vus auparavant\u00a0dans une barre. Elle contient\u00a050 g d'hydrates de carbone\u00a0dans seulement 65 g de produit. Seulement\u00a03 g de [&hellip;]<\/p>\n","protected":false},"featured_media":1679,"template":"","meta":[],"pwb-brand":[156],"product_brand":[],"product_cat":[84],"product_tag":[],"class_list":{"0":"post-1678","1":"product","2":"type-product","3":"status-publish","4":"has-post-thumbnail","6":"pwb-brand-santa-madre","7":"product_cat-nutrition","9":"first","10":"instock","11":"shipping-taxable","12":"purchasable","13":"product-type-simple"},"brands":[{"id":156,"name":"SANTA MADRE","slug":"santa-madre"}],"_links":{"self":[{"href":"https:\/\/rrunning.tribalt.agency\/index.php?rest_route=\/wp\/v2\/product\/1678","targetHints":{"allow":["GET"]}}],"collection":[{"href":"https:\/\/rrunning.tribalt.agency\/index.php?rest_route=\/wp\/v2\/product"}],"about":[{"href":"https:\/\/rrunning.tribalt.agency\/index.php?rest_route=\/wp\/v2\/types\/product"}],"wp:featuredmedia":[{"embeddable":true,"href":"https:\/\/rrunning.tribalt.agency\/index.php?rest_route=\/wp\/v2\/media\/1679"}],"wp:attachment":[{"href":"https:\/\/rrunning.tribalt.agency\/index.php?rest_route=%2Fwp%2Fv2%2Fmedia&parent=1678"}],"wp:term":[{"taxonomy":"pwb-brand","embeddable":true,"href":"https:\/\/rrunning.tribalt.agency\/index.php?rest_route=%2Fwp%2Fv2%2Fpwb-brand&post=1678"},{"taxonomy":"product_brand","embeddable":true,"href":"https:\/\/rrunning.tribalt.agency\/index.php?rest_route=%2Fwp%2Fv2%2Fproduct_brand&post=1678"},{"taxonomy":"product_cat","embeddable":true,"href":"https:\/\/rrunning.tribalt.agency\/index.php?rest_route=%2Fwp%2Fv2%2Fproduct_cat&post=1678"},{"taxonomy":"product_tag","embeddable":true,"href":"https:\/\/rrunning.tribalt.agency\/index.php?rest_route=%2Fwp%2Fv2%2Fproduct_tag&post=1678"}],"curies":[{"name":"wp","href":"https:\/\/api.w.org\/{rel}","templated":true}]}}